{"id":207,"date":"2021-02-01T22:49:39","date_gmt":"2021-02-01T22:49:39","guid":{"rendered":"http:\/\/cofradiasantorosario.org.gt\/index.php\/classes\/"},"modified":"2021-09-27T11:11:44","modified_gmt":"2021-09-27T17:11:44","slug":"classes","status":"publish","type":"page","link":"https:\/\/cofradiasantorosario.org.gt\/index.php\/classes\/","title":{"rendered":"Classes"},"content":{"rendered":"\t\t<div data-elementor-type=\"wp-page\" data-elementor-id=\"207\" class=\"elementor elementor-207\" data-elementor-settings=\"[]\">\n\t\t\t\t\t\t\t<div class=\"elementor-section-wrap\">\n\t\t\t\t\t\t\t<section class=\"elementor-section elementor-top-section elementor-element elementor-element-91ff27e elementor-section-boxed elementor-section-height-default elementor-section-height-default\" data-id=\"91ff27e\" data-element_type=\"section\">\n\t\t\t\t\t\t<div class=\"elementor-container elementor-column-gap-default\">\n\t\t\t\t\t<div class=\"elementor-column elementor-col-100 elementor-top-column elementor-element elementor-element-6826bd0\" data-id=\"6826bd0\" data-element_type=\"column\">\n\t\t\t<div class=\"elementor-widget-wrap elementor-element-populated\">\n\t\t\t\t\t\t\t\t<div class=\"elementor-element elementor-element-a9cebca elementor-widget elementor-widget-spacer\" data-id=\"a9cebca\" data-element_type=\"widget\" data-widget_type=\"spacer.default\">\n\t\t\t\t<div class=\"elementor-widget-container\">\n\t\t\t\t\t<div class=\"elementor-spacer\">\n\t\t\t<div class=\"elementor-spacer-inner\"><\/div>\n\t\t<\/div>\n\t\t\t\t<\/div>\n\t\t\t\t<\/div>\n\t\t\t\t\t<\/div>\n\t\t<\/div>\n\t\t\t\t\t\t\t<\/div>\n\t\t<\/section>\n\t\t\t\t<section class=\"elementor-section elementor-top-section elementor-element elementor-element-d3f6e57 elementor-section-boxed elementor-section-height-default elementor-section-height-default\" data-id=\"d3f6e57\" data-element_type=\"section\">\n\t\t\t\t\t\t<div class=\"elementor-container elementor-column-gap-default\">\n\t\t\t\t\t<div class=\"elementor-column elementor-col-100 elementor-top-column elementor-element elementor-element-b1cbbeb\" data-id=\"b1cbbeb\" data-element_type=\"column\">\n\t\t\t<div class=\"elementor-widget-wrap elementor-element-populated\">\n\t\t\t\t\t\t\t\t<div class=\"elementor-element elementor-element-fe2f5e5 elementor-widget elementor-widget-image\" data-id=\"fe2f5e5\" data-element_type=\"widget\" data-widget_type=\"image.default\">\n\t\t\t\t<div class=\"elementor-widget-container\">\n\t\t\t\t\t\t\t\t\t\t\t\t\t\t\t<img loading=\"lazy\" decoding=\"async\" width=\"1024\" height=\"379\" src=\"https:\/\/i1.wp.com\/cofradiasantorosario.org.gt\/wp-content\/uploads\/2021\/09\/RECEMOS-EL-ROSARIO.jpg?fit=1024%2C379&amp;ssl=1\" class=\"attachment-large size-large\" alt=\"\" srcset=\"https:\/\/i1.wp.com\/cofradiasantorosario.org.gt\/wp-content\/uploads\/2021\/09\/RECEMOS-EL-ROSARIO.jpg?w=1702&amp;ssl=1 1702w, https:\/\/i1.wp.com\/cofradiasantorosario.org.gt\/wp-content\/uploads\/2021\/09\/RECEMOS-EL-ROSARIO.jpg?resize=300%2C111&amp;ssl=1 300w, https:\/\/i1.wp.com\/cofradiasantorosario.org.gt\/wp-content\/uploads\/2021\/09\/RECEMOS-EL-ROSARIO.jpg?resize=1024%2C379&amp;ssl=1 1024w, https:\/\/i1.wp.com\/cofradiasantorosario.org.gt\/wp-content\/uploads\/2021\/09\/RECEMOS-EL-ROSARIO.jpg?resize=768%2C284&amp;ssl=1 768w, https:\/\/i1.wp.com\/cofradiasantorosario.org.gt\/wp-content\/uploads\/2021\/09\/RECEMOS-EL-ROSARIO.jpg?resize=1536%2C569&amp;ssl=1 1536w\" sizes=\"auto, (max-width: 1000px) 100vw, 1000px\" \/>\t\t\t\t\t\t\t\t\t\t\t\t\t\t\t<\/div>\n\t\t\t\t<\/div>\n\t\t\t\t\t<\/div>\n\t\t<\/div>\n\t\t\t\t\t\t\t<\/div>\n\t\t<\/section>\n\t\t\t\t<section class=\"elementor-section elementor-top-section elementor-element elementor-element-ce6e5cc elementor-section-boxed elementor-section-height-default elementor-section-height-default\" data-id=\"ce6e5cc\" data-element_type=\"section\">\n\t\t\t\t\t\t<div class=\"elementor-container elementor-column-gap-default\">\n\t\t\t\t\t<div class=\"elementor-column elementor-col-100 elementor-top-column elementor-element elementor-element-e13af07\" data-id=\"e13af07\" data-element_type=\"column\">\n\t\t\t<div class=\"elementor-widget-wrap elementor-element-populated\">\n\t\t\t\t\t\t\t\t<div class=\"elementor-element elementor-element-a974750 elementor-widget-divider--view-line elementor-widget elementor-widget-divider\" data-id=\"a974750\" data-element_type=\"widget\" data-widget_type=\"divider.default\">\n\t\t\t\t<div class=\"elementor-widget-container\">\n\t\t\t\t\t<div class=\"elementor-divider\">\n\t\t\t<span class=\"elementor-divider-separator\">\n\t\t\t\t\t\t<\/span>\n\t\t<\/div>\n\t\t\t\t<\/div>\n\t\t\t\t<\/div>\n\t\t\t\t\t<\/div>\n\t\t<\/div>\n\t\t\t\t\t\t\t<\/div>\n\t\t<\/section>\n\t\t\t\t<section class=\"elementor-section elementor-top-section elementor-element elementor-element-1702b0b elementor-section-boxed elementor-section-height-default elementor-section-height-default\" data-id=\"1702b0b\" data-element_type=\"section\">\n\t\t\t\t\t\t<div class=\"elementor-container elementor-column-gap-default\">\n\t\t\t\t\t<div class=\"elementor-column elementor-col-100 elementor-top-column elementor-element elementor-element-8c60b06\" data-id=\"8c60b06\" data-element_type=\"column\">\n\t\t\t<div class=\"elementor-widget-wrap elementor-element-populated\">\n\t\t\t\t\t\t\t\t<div class=\"elementor-element elementor-element-ba5db24 elementor-widget elementor-widget-heading\" data-id=\"ba5db24\" data-element_type=\"widget\" data-widget_type=\"heading.default\">\n\t\t\t\t<div class=\"elementor-widget-container\">\n\t\t\t<h2 class=\"elementor-heading-title elementor-size-default\">Recemos el rosario<\/h2>\t\t<\/div>\n\t\t\t\t<\/div>\n\t\t\t\t\t<\/div>\n\t\t<\/div>\n\t\t\t\t\t\t\t<\/div>\n\t\t<\/section>\n\t\t\t\t<section class=\"elementor-section elementor-top-section elementor-element elementor-element-044fbbd elementor-section-boxed elementor-section-height-default elementor-section-height-default\" data-id=\"044fbbd\" data-element_type=\"section\">\n\t\t\t\t\t\t<div class=\"elementor-container elementor-column-gap-default\">\n\t\t\t\t\t<div class=\"elementor-column elementor-col-100 elementor-top-column elementor-element elementor-element-7409791\" data-id=\"7409791\" data-element_type=\"column\">\n\t\t\t<div class=\"elementor-widget-wrap elementor-element-populated\">\n\t\t\t\t\t\t\t\t<div class=\"elementor-element elementor-element-04f8332 elementor-widget elementor-widget-text-editor\" data-id=\"04f8332\" data-element_type=\"widget\" data-widget_type=\"text-editor.default\">\n\t\t\t\t<div class=\"elementor-widget-container\">\n\t\t\t\t\t\t\t<h4><span style=\"color: #000000;\"><strong>GUIA PARA REZAR EL SANTO ROSARIO\u00a0<\/strong><\/span><\/h4><p><span style=\"color: #0000ff;\"><strong>La se\u00f1al de la cruz\u00a0<\/strong><\/span><\/p><p><span style=\"color: #000000;\">Por la se\u00f1al de la Santa Cruz, de nuestros enemigos l\u00edbranos Se\u00f1or Dios Nuestro.<\/span><\/p><p><span style=\"color: #000000;\">En el nombre del Padre, del Hijo y del Esp\u00edritu Santo.<\/span><\/p><p><strong><span style=\"color: #0000ff;\">Acto de Contrici\u00f3n<\/span><\/strong><\/p><p><span style=\"color: #0000ff;\"><span style=\"color: #000000;\">Se\u00f1or m\u00edo, Jesucristo, Dios y hombre verdadero, Creador, Padre y Redentor M\u00edo. Por ser vos quien sois y porque os amo sobre todas las cosas, me pesa de todo coraz\u00f3n haberos ofendido. Quiero y propongo firmemente enmendarme y nunca mas pecar, confesarme a su tiempo. cumplir la penitencia que me fuera impuesta.\u00a0 Ofrezco, Se\u00f1or,\u00a0 mi vida, obras y trabajos en satisfacci\u00f3n de mis pecados. Y as\u00ed como os suplico, as\u00ed conf\u00edo en que me perdonareis y me dar\u00e9is gracia para nunca mas pecar y perseverar en tu santo servicio hasta el fin de mi vida. Amen.\u00a0<\/span><\/span><\/p><p><span style=\"color: #0000ff;\"><span style=\"color: #000000;\">Se\u00f1or abre mis labios. Y mi boca proclamara tu alabanza.<\/span><\/span><\/p><p><span style=\"color: #0000ff;\"><span style=\"color: #000000;\">A continuaci\u00f3n se reza cada uno de los misterios que corresponden al d\u00eda, de la siguiente manera:<\/span><\/span><\/p><ol><li><strong><span style=\"color: #0000ff;\">Se enuncia el Misterio\u00a0<\/span><\/strong><\/li><li><strong><span style=\"color: #0000ff;\">Se reza un Padre nuestro\u00a0<\/span><\/strong><\/li><\/ol><p><span style=\"color: #000000;\">Padre nuestro que est\u00e1s en el Cielo.\u00a0Santificado sea tu Nombre; Venga tu Reino; H\u00e1gase tu voluntad\u00a0en la tierra como en el cielo. Danos hoy\u00a0nuestro pan de cada d\u00eda; Perdona nuestras ofensas, como tambi\u00e9n nosotros perdonamos\u00a0a los que nos ofenden; No nos dejes caer en la tentaci\u00f3n, y l\u00edbranos del mal. Am\u00e9n.<\/span><\/p><p>\u00a0 \u00a0 \u00a0 \u00a0 \u00a03.<strong><span style=\"color: #0000ff;\"> Se rezan diez aves Mar\u00edas<\/span><\/strong><\/p><p><span style=\"color: #000000;\">Dios te salve, Mar\u00eda,\u00a0 llena eres de gracia; El Se\u00f1or es contigo. Bendita T\u00fa eres entre todas las mujeres, y bendito es el fruto de tu vientre, Jes\u00fas.\u00a0 Santa Mar\u00eda, Madre de Dios, ruega por nosotros, pecadores, ahora y en la hora de nuestra muerte. Am\u00e9n<\/span><\/p><p>\u00a0 \u00a0 \u00a0 \u00a0 \u00a04. <strong><span style=\"color: #0000ff;\">Se reza un Gloria\u00a0<\/span><\/strong><\/p><p><span style=\"color: #000000;\">Gloria al Padre y al Hijo y al Esp\u00edritu Santo. como era en un principio, ahora y siempre, por los siglos de los siglos. Amen\u00a0<\/span><\/p><p>\u00a0 \u00a0 \u00a0 \u00a0 \u00a05. <span style=\"color: #0000ff;\"><strong>Se reza una jaculatoria\u00a0<\/strong><\/span><\/p><p><span style=\"color: #000000;\">Mar\u00eda, Madre de Gracia, y Madre de Misericordia.\u00a0<\/span><\/p><p><span style=\"color: #000000;\">-En la vida y en la muerte amp\u00e1ranos, gran Se\u00f1ora.\u00a0<\/span><\/p><p><span style=\"color: #000000;\">\u00a0<\/span><\/p><p>\u00a0<\/p><h4>MISTERIOS DEL SANTO ROSARIO\u00a0<\/h4><p><a title=\"MISTERIOS GOZOSOS\" href=\"https:\/\/cofradiasantorosario.org.gt\/index.php\/misterios-gozosos\/\">Misterios Gozosos<\/a>\u00a0 <span style=\"color: #000000;\">(Se meditan los d\u00edas\u00a0 lunes y s\u00e1bados)<\/span><\/p><p><a title=\"MISTERIOS DE LUZ\" href=\"https:\/\/cofradiasantorosario.org.gt\/?page_id=1013\">Misterios Luminosos<\/a> \u00a0<span style=\"color: #000000;\">(Se meditan los d\u00edas jueves)<\/span><\/p><p><a title=\"MISTERIOS DE DOLOR\" href=\"https:\/\/cofradiasantorosario.org.gt\/?page_id=1015\">Misterios Dolorosos<\/a> <span style=\"color: #000000;\">(Se meditan los d\u00edas martes y viernes)<\/span><\/p><p><a title=\"MISTERIOS DE GLORIA\" href=\"https:\/\/cofradiasantorosario.org.gt\/index.php\/misterios-gloriosos\/\">Misterios Gloriosos<\/a> <span style=\"color: #000000;\">(Se meditan los d\u00edas mi\u00e9rcoles y domingos)<\/span><\/p><p>\u00a0<\/p><p>\u00a0<\/p><p><strong><span style=\"color: #0000ff;\">SALVE\u00a0<\/span><\/strong><\/p><p>Dios te salve, Reina y Madre de misericordia,\u00a0<br \/>vida, dulzura y esperanza nuestra. Dios te salve.\u00a0 A Ti clamamos los desterrados hijos de Eva, a Ti suspiramos, gimiendo y llorando en este valle de l\u00e1grimas.\u00a0 Ea, pues, Se\u00f1ora Abogada Nuestra. Vuelve a nosotros esos tus ojos misericordiosos,\u00a0<br \/>y despu\u00e9s de este destierro, mu\u00e9stranos a Jes\u00fas, fruto bendito de tu vientre. \u00a1Oh, clemente, oh piadosa, oh dulce Virgen Mar\u00eda!\u00a0<br \/>Ruega por nosotros, Santa Madre de Dios, para que seamos dignos de alcanzar las promesas de Nuestro Se\u00f1or Jesucristo.<br \/>Am\u00e9n<\/p><p>\u00a0<\/p><p><strong><span style=\"color: #0000ff;\">Oraci\u00f3n\u00a0<\/span><\/strong><\/p><p>Omnipotente y sempiterno Dios, que con la cooperaci\u00f3n del Esp\u00edritu Santo, preparaste el cuerpo y el alma de la gloriosa Virgen y Madre Mar\u00eda para que fuese merecedora de ser digna morada de tu Hijo; conc\u00e9denos que, pues celebramos con alegr\u00eda su conmemoraci\u00f3n, por su piadosa intercesi\u00f3n seamos liberados de los males presentes y de la muerte eterna. Por el mismo Cristo nuestro Se\u00f1or. Am\u00e9n<\/p><p>\u00a0<\/p><p>Al terminar los cinco misterios se rezan tres avemar\u00edas especiales, as\u00ed;<\/p><p>Dios te salve, Mar\u00eda Sant\u00edsima, hija de Dios Padre, Virgen Pur\u00edsima antes del parto, alc\u00e1nzanos Se\u00f1ora la Virtud de la Fe, llena eres de gracia&#8230;<\/p><p>Dios te salve, Mar\u00eda Sant\u00edsima, hija de Dios Padre, Virgen Pur\u00edsima durante el parto, alc\u00e1nzanos Se\u00f1ora la Virtud de la Esperanza , llena eres de gracia&#8230;<\/p><p>\u00a0Dios te salve, Mar\u00eda Sant\u00edsima, hija de Dios Padre, Virgen Pur\u00edsima despu\u00e9s del parto, alc\u00e1nzanos se\u00f1ora la Virtud de la caridad, llena eres de gracia&#8230;<\/p><p>Dios te salve, Mar\u00eda Sant\u00edsima, templo y sagrario de la Sant\u00edsima Trinidad, Virgen Pur\u00edsima concebida sin la culpa del pecado original. Amen.\u00a0<\/p><p>\u00a0<\/p><p>\u00a0<\/p><p><strong><span style=\"color: #0000ff;\">LETANIAS\u00a0 A LA SANT\u00cdSIMA VIRGEN\u00a0<\/span><\/strong><\/p><p align=\"left\">Se\u00f1or, ten piedad<\/p><p align=\"left\"><span style=\"color: #0000ff;\">Se\u00f1or. ten piedad<\/span><br \/>Cristo, ten piedad<\/p><p align=\"left\"><span style=\"color: #0000ff;\">Cristo, ten piedad\u00a0<\/span><br \/>Se\u00f1or, ten piedad.<\/p><p align=\"left\"><span style=\"color: #0000ff;\">Se\u00f1or, ten piedad\u00a0<\/span><br \/>Cristo, \u00f3yenos<\/p><p align=\"left\"><span style=\"color: #0000ff;\">Cristo, \u00f3yenos<\/span><\/p><p align=\"left\">Cristo, esc\u00fachanos<\/p><p align=\"left\"><span style=\"color: #0000ff;\">Cristo, esc\u00fachanos\u00a0<\/span><\/p><p align=\"left\">Dios, Padre celestial,\u00a0<br \/><span style=\"color: #0000ff;\">ten piedad de nosotros.<\/span><\/p><p align=\"left\">Dios, Hijo, Redentor del mundo,\u00a0<br \/>Dios, Esp\u00edritu Santo,\u00a0<br \/>Sant\u00edsima Trinidad, un solo Dios,<\/p><p align=\"left\">Santa Mar\u00eda,\u00a0<br \/><span style=\"color: #0000ff;\">ruega por nosotros.<\/span><br \/>Santa Madre de Dios,<br \/>Santa Virgen de las V\u00edrgenes,<br \/>Madre de Cristo,\u00a0<br \/>Madre de la Iglesia,\u00a0<br \/>Madre de la misericordia,\u00a0<br \/>Madre de la divina gracia,\u00a0<br \/>Madre de la esperanza,\u00a0<br \/>Madre pur\u00edsima,\u00a0<br \/>Madre cast\u00edsima,\u00a0<br \/>Madre siempre virgen,<br \/>Madre inmaculada,\u00a0<br \/>Madre amable,\u00a0<br \/>Madre admirable,\u00a0<br \/>Madre del buen consejo,\u00a0<br \/>Madre del Creador,\u00a0<br \/>Madre del Salvador,\u00a0<br \/>Virgen prudent\u00edsima,\u00a0<br \/>Virgen digna de veneraci\u00f3n,\u00a0<br \/>Virgen digna de alabanza,\u00a0<br \/>Virgen poderosa,\u00a0<br \/>Virgen clemente,\u00a0<br \/>Virgen fiel,\u00a0<br \/>Espejo de justicia,\u00a0<br \/>Trono de la sabidur\u00eda,\u00a0<br \/>Causa de nuestra alegr\u00eda,\u00a0<br \/>Vaso espiritual,\u00a0<br \/>Vaso digno de honor,\u00a0<br \/>Vaso de insigne devoci\u00f3n,\u00a0<br \/>Rosa m\u00edstica,\u00a0<br \/>Torre de David,\u00a0<br \/>Torre de marfil,\u00a0<br \/>Casa de oro,\u00a0<br \/>Arca de la Alianza,\u00a0<br \/>Puerta del cielo,\u00a0<br \/>Estrella de la ma\u00f1ana,\u00a0<br \/>Salud de los enfermos,\u00a0<br \/>Refugio de los pecadores,\u00a0<br \/>Consuelo de los migrantes,<br \/>Consoladora de los afligidos,\u00a0<br \/>Auxilio de los cristianos,\u00a0<br \/>Reina de los \u00c1ngeles,\u00a0<br \/>Reina de los Patriarcas,\u00a0<br \/>Reina de los Profetas,\u00a0<br \/>Reina de los Ap\u00f3stoles,\u00a0<br \/>Reina de los M\u00e1rtires,\u00a0<br \/>Reina de los Confesores,\u00a0<br \/>Reina de las V\u00edrgenes,\u00a0<br \/>Reina de todos los Santos,\u00a0<br \/>Reina concebida sin pecado original,\u00a0<br \/>Reina asunta a los Cielos,\u00a0<br \/>Reina del Sant\u00edsimo Rosario,\u00a0<br \/>Reina de la familia,\u00a0<br \/>Reina de la paz.<\/p><p align=\"left\">Cordero de Dios, que quitas el pecado del mundo,\u00a0<br \/><span style=\"color: #0000ff;\">perd\u00f3nanos, Se\u00f1or.<\/span><\/p><p align=\"left\">Cordero de Dios, que quitas el pecado del mundo,\u00a0<br \/><span style=\"color: #0000ff;\">esc\u00fachanos, Se\u00f1or.<\/span><\/p><p align=\"left\">Cordero de Dios, que quitas el pecado del mundo,\u00a0<br \/><span style=\"color: #0000ff;\">ten misericordia de nosotros.<\/span><\/p><p align=\"left\">\u00a0<\/p><p align=\"left\">\u00a0<\/p><h4><span style=\"color: #0000ff;\"><strong>BAJO TU AMPARO<\/strong><\/span><\/h4><p>Bajo tu amparo nos acogemos, santa Madre de Dios;<br \/>no deseches las s\u00faplicas que te dirigimos en nuestras necesidades,<br \/>antes bien, l\u00edbranos de todo peligro,<br \/>\u00a1oh siempre Virgen, gloriosa y bendita! As\u00ed sea. Amen.<\/p><p>Ruega por nosotros, Santa Madre de Dios.\u00a0<br \/><span style=\"color: #0000ff;\">Para que seamos dignos de alcanzar las promesas y gracias de nuestro Se\u00f1or Jesucristo\u00a0\u00a0<\/span><\/p><p>\u00a0<\/p><p><span style=\"color: #0000ff;\"><strong>Oraci\u00f3n\u00a0<\/strong><\/span><\/p><p>Te suplicamos Se\u00f1or, que derrames tu gracia en nuestras almas, para que los que, por el anuncio del \u00c1ngel, hemos conocido la Encarnaci\u00f3n de tu Hijo Jesucristo, por su Pasi\u00f3n y Cruz, seamos llevados a la gloria de su Resurrecci\u00f3n, por el mismo Jesucristo nuestro Se\u00f1or. Am\u00e9n.<\/p><p>\u00a0<\/p><p>\u00a0<\/p><p>\u00a0<\/p><p><span style=\"color: #000000;\">\u00a0<\/span><\/p>\t\t\t\t\t\t<\/div>\n\t\t\t\t<\/div>\n\t\t\t\t\t<\/div>\n\t\t<\/div>\n\t\t\t\t\t\t\t<\/div>\n\t\t<\/section>\n\t\t\t\t\t\t<\/div>\n\t\t\t\t\t<\/div>\n\t\t","protected":false},"excerpt":{"rendered":"<p>Recemos el rosario GUIA PARA REZAR EL SANTO ROSARIO\u00a0 La se\u00f1al de la cruz\u00a0 Por la se\u00f1al de la Santa Cruz, de nuestros enemigos l\u00edbranos Se\u00f1or Dios Nuestro. En el [&hellip;]<\/p>\n","protected":false},"author":1,"featured_media":0,"parent":0,"menu_order":0,"comment_status":"closed","ping_status":"closed","template":"","meta":{"om_disable_all_campaigns":false,"_monsterinsights_skip_tracking":false,"_monsterinsights_sitenote_active":false,"_monsterinsights_sitenote_note":"","_monsterinsights_sitenote_category":0,"site-sidebar-layout":"no-sidebar","site-content-layout":"page-builder","ast-site-content-layout":"","site-content-style":"default","site-sidebar-style":"default","ast-global-header-display":"","ast-banner-title-visibility":"","ast-main-header-display":"","ast-hfb-above-header-display":"","ast-hfb-below-header-display":"","ast-hfb-mobile-header-display":"","site-post-title":"disabled","ast-breadcrumbs-content":"disabled","ast-featured-img":"disabled","footer-sml-layout":"","theme-transparent-header-meta":"enabled","adv-header-id-meta":"","stick-header-meta":"","header-above-stick-meta":"","header-main-stick-meta":"","header-below-stick-meta":"","astra-migrate-meta-layouts":"default","ast-page-background-enabled":"default","ast-page-background-meta":{"desktop":{"background-color":"","background-image":"","background-repeat":"repeat","background-position":"center center","background-size":"auto","background-attachment":"scroll","background-type":"","background-media":"","overlay-type":"","overlay-color":"","overlay-opacity":"","overlay-gradient":""},"tablet":{"background-color":"","background-image":"","background-repeat":"repeat","background-position":"center center","background-size":"auto","background-attachment":"scroll","background-type":"","background-media":"","overlay-type":"","overlay-color":"","overlay-opacity":"","overlay-gradient":""},"mobile":{"background-color":"","background-image":"","background-repeat":"repeat","background-position":"center center","background-size":"auto","background-attachment":"scroll","background-type":"","background-media":"","overlay-type":"","overlay-color":"","overlay-opacity":"","overlay-gradient":""}},"ast-content-background-meta":{"desktop":{"background-color":"var(--ast-global-color-5)","background-image":"","background-repeat":"repeat","background-position":"center center","background-size":"auto","background-attachment":"scroll","background-type":"","background-media":"","overlay-type":"","overlay-color":"","overlay-opacity":"","overlay-gradient":""},"tablet":{"background-color":"var(--ast-global-color-5)","background-image":"","background-repeat":"repeat","background-position":"center center","background-size":"auto","background-attachment":"scroll","background-type":"","background-media":"","overlay-type":"","overlay-color":"","overlay-opacity":"","overlay-gradient":""},"mobile":{"background-color":"var(--ast-global-color-5)","background-image":"","background-repeat":"repeat","background-position":"center center","background-size":"auto","background-attachment":"scroll","background-type":"","background-media":"","overlay-type":"","overlay-color":"","overlay-opacity":"","overlay-gradient":""}},"spay_email":"","footnotes":""},"class_list":["post-207","page","type-page","status-publish","hentry"],"jetpack-related-posts":[{"id":1296,"url":"https:\/\/cofradiasantorosario.org.gt\/index.php\/cofradia-del-santo-rosario\/","url_meta":{"origin":207,"position":0},"title":"COFRAD\u00cdA DEL SANTO ROSARIO","date":"septiembre 21, 2021","format":false,"excerpt":"","rel":"","context":"Similar post","img":{"alt_text":"","src":"","width":0,"height":0},"classes":[]},{"id":1298,"url":"https:\/\/cofradiasantorosario.org.gt\/index.php\/asociacion-del-rosario-perpetuo\/","url_meta":{"origin":207,"position":1},"title":"Asociaci\u00f3n del Rosario Perpetuo","date":"septiembre 21, 2021","format":false,"excerpt":"El Rosario PerpetuoFue fundada por el obispo Francisco Marroqu\u00edn el 1 de noviembre de 1559. Ha estado siempre bajo la custodia de los Frailes Dominicos por ser una entidad aneja a la Orden de Frailes Predicadores, es la primera Cofradia del Rosario en la Ciudad de Santiago de los Caballeros\u2026","rel":"","context":"Similar post","img":{"alt_text":"","src":"https:\/\/i2.wp.com\/cofradiasantorosario.org.gt\/wp-content\/uploads\/2021\/09\/PORTADAS-COFRADIA-PERPETUO-WEB-1024x379.jpg?resize=350%2C200","width":350,"height":200},"classes":[]},{"id":1299,"url":"https:\/\/cofradiasantorosario.org.gt\/index.php\/asociasion-del-rosario-viviente\/","url_meta":{"origin":207,"position":2},"title":"Asociasion del Rosario Viviente","date":"septiembre 21, 2021","format":false,"excerpt":"El Rosario VivienteFue fundado en Guatemala en el a\u00f1o de 1938. El Rosario Viviente est\u00e1 enfocado hacia los ni\u00f1os y les ayuda a aprender la devoci\u00f3n desde temprana edad. Los Ni\u00f1os Rezan solo un misterio cada d\u00eda, es una forma de fomentar el h\u00e1bito del rezo del Santo Rosario. Actualmente\u2026","rel":"","context":"Similar post","img":{"alt_text":"","src":"https:\/\/i1.wp.com\/cofradiasantorosario.org.gt\/wp-content\/uploads\/2021\/09\/PORTADAS-COFRADIA-VIVIENTE-WEB-1024x379.jpg?resize=350%2C200","width":350,"height":200},"classes":[]},{"id":234,"url":"https:\/\/cofradiasantorosario.org.gt\/","url_meta":{"origin":207,"position":3},"title":"Inicio","date":"enero 29, 2021","format":false,"excerpt":"Mar\u00eda: misionera y contemplativa del Reino. Esperanza Nuestra Quiero ser cofrade del Santo rosario","rel":"","context":"Similar post","img":{"alt_text":"Cofrad\u00eda del Santo Rosario","src":"https:\/\/i0.wp.com\/cofradiasantorosario.org.gt\/wp-content\/uploads\/2021\/09\/logocr.png?fit=800%2C1200&ssl=1&resize=350%2C200","width":350,"height":200},"classes":[]},{"id":896,"url":"https:\/\/cofradiasantorosario.org.gt\/index.php\/los-preparativos-para-la-coronacion\/","url_meta":{"origin":207,"position":4},"title":"Los preparativos para la coronaci\u00f3n","date":"septiembre 16, 2021","format":false,"excerpt":"El primero de mayo de 1933, los Excmos. y Rmos. Prelados de la Rep\u00fablica, Monse\u00f1or Luis Durou y Sure, Arzobispo de Guatemala y Monse\u00f1or Jorge Garc\u00eda y Caballeros, Obispo de los Altos, en una Pastoral colectiva anunciaron a los fieles la gracia concedida por su Santidad de poder Coronar a\u2026","rel":"","context":"Similar post","img":{"alt_text":"","src":"","width":0,"height":0},"classes":[]},{"id":1346,"url":"https:\/\/cofradiasantorosario.org.gt\/index.php\/elementor-1346\/","url_meta":{"origin":207,"position":5},"title":"LOS PREPARATIVOS DE LA CORONACION\u2026","date":"septiembre 21, 2021","format":false,"excerpt":"LOS PREPARATIVOS DE LA CORONACION El primero de mayo de 1933, los Excmos. y Rmos. Prelados de la Rep\u00fablica, Monse\u00f1or Luis Durou y Sure, Arzobispo de Guatemala y Monse\u00f1or Jorge Garc\u00eda y Caballeros, Obispo de los Altos, en una Pastoral colectiva anunciaron a los fieles la gracia concedida por su\u2026","rel":"","context":"Similar post","img":{"alt_text":"","src":"","width":0,"height":0},"classes":[]}],"_links":{"self":[{"href":"https:\/\/cofradiasantorosario.org.gt\/index.php\/wp-json\/wp\/v2\/pages\/207","targetHints":{"allow":["GET"]}}],"collection":[{"href":"https:\/\/cofradiasantorosario.org.gt\/index.php\/wp-json\/wp\/v2\/pages"}],"about":[{"href":"https:\/\/cofradiasantorosario.org.gt\/index.php\/wp-json\/wp\/v2\/types\/page"}],"author":[{"embeddable":true,"href":"https:\/\/cofradiasantorosario.org.gt\/index.php\/wp-json\/wp\/v2\/users\/1"}],"replies":[{"embeddable":true,"href":"https:\/\/cofradiasantorosario.org.gt\/index.php\/wp-json\/wp\/v2\/comments?post=207"}],"version-history":[{"count":32,"href":"https:\/\/cofradiasantorosario.org.gt\/index.php\/wp-json\/wp\/v2\/pages\/207\/revisions"}],"predecessor-version":[{"id":1753,"href":"https:\/\/cofradiasantorosario.org.gt\/index.php\/wp-json\/wp\/v2\/pages\/207\/revisions\/1753"}],"wp:attachment":[{"href":"https:\/\/cofradiasantorosario.org.gt\/index.php\/wp-json\/wp\/v2\/media?parent=207"}],"curies":[{"name":"wp","href":"https:\/\/api.w.org\/{rel}","templated":true}]}}