{"id":1898,"date":"2024-09-21T22:21:10","date_gmt":"2024-09-22T04:21:10","guid":{"rendered":"https:\/\/cofradiasantorosario.org.gt\/?page_id=1898"},"modified":"2024-09-27T14:37:32","modified_gmt":"2024-09-27T20:37:32","slug":"primer-domingo-de-octubre-2024","status":"publish","type":"page","link":"https:\/\/cofradiasantorosario.org.gt\/index.php\/primer-domingo-de-octubre-2024\/","title":{"rendered":"Primer domingo de octubre 2024"},"content":{"rendered":"\n<figure class=\"wp-block-image size-large\"><img loading=\"lazy\" decoding=\"async\" width=\"1024\" height=\"791\" src=\"https:\/\/i0.wp.com\/cofradiasantorosario.org.gt\/wp-content\/uploads\/2024\/09\/5500-trifoliares-TIRO-PRIMER-DOMINGO-1-1024x791.jpg?resize=1024%2C791&#038;ssl=1\" alt=\"\" class=\"wp-image-1909\" srcset=\"https:\/\/i1.wp.com\/cofradiasantorosario.org.gt\/wp-content\/uploads\/2024\/09\/5500-trifoliares-TIRO-PRIMER-DOMINGO-1-scaled.jpg?resize=1024%2C791&amp;ssl=1 1024w, https:\/\/i1.wp.com\/cofradiasantorosario.org.gt\/wp-content\/uploads\/2024\/09\/5500-trifoliares-TIRO-PRIMER-DOMINGO-1-scaled.jpg?resize=300%2C232&amp;ssl=1 300w, https:\/\/i1.wp.com\/cofradiasantorosario.org.gt\/wp-content\/uploads\/2024\/09\/5500-trifoliares-TIRO-PRIMER-DOMINGO-1-scaled.jpg?resize=768%2C593&amp;ssl=1 768w, https:\/\/i1.wp.com\/cofradiasantorosario.org.gt\/wp-content\/uploads\/2024\/09\/5500-trifoliares-TIRO-PRIMER-DOMINGO-1-scaled.jpg?resize=1536%2C1187&amp;ssl=1 1536w, https:\/\/i1.wp.com\/cofradiasantorosario.org.gt\/wp-content\/uploads\/2024\/09\/5500-trifoliares-TIRO-PRIMER-DOMINGO-1-scaled.jpg?resize=2048%2C1583&amp;ssl=1 2048w\" sizes=\"auto, (max-width: 1000px) 100vw, 1000px\" data-recalc-dims=\"1\" \/><\/figure>\n\n\n\n<figure class=\"wp-block-image size-large\"><img loading=\"lazy\" decoding=\"async\" width=\"1024\" height=\"791\" src=\"https:\/\/i1.wp.com\/cofradiasantorosario.org.gt\/wp-content\/uploads\/2024\/09\/5500-Trifoliares-RETIRO-PRIMER-DOMINGO-1024x791.jpg?resize=1024%2C791&#038;ssl=1\" alt=\"\" class=\"wp-image-1907\" srcset=\"https:\/\/i0.wp.com\/cofradiasantorosario.org.gt\/wp-content\/uploads\/2024\/09\/5500-Trifoliares-RETIRO-PRIMER-DOMINGO-scaled.jpg?resize=1024%2C791&amp;ssl=1 1024w, https:\/\/i0.wp.com\/cofradiasantorosario.org.gt\/wp-content\/uploads\/2024\/09\/5500-Trifoliares-RETIRO-PRIMER-DOMINGO-scaled.jpg?resize=300%2C232&amp;ssl=1 300w, https:\/\/i0.wp.com\/cofradiasantorosario.org.gt\/wp-content\/uploads\/2024\/09\/5500-Trifoliares-RETIRO-PRIMER-DOMINGO-scaled.jpg?resize=768%2C593&amp;ssl=1 768w, https:\/\/i0.wp.com\/cofradiasantorosario.org.gt\/wp-content\/uploads\/2024\/09\/5500-Trifoliares-RETIRO-PRIMER-DOMINGO-scaled.jpg?resize=1536%2C1187&amp;ssl=1 1536w, https:\/\/i0.wp.com\/cofradiasantorosario.org.gt\/wp-content\/uploads\/2024\/09\/5500-Trifoliares-RETIRO-PRIMER-DOMINGO-scaled.jpg?resize=2048%2C1583&amp;ssl=1 2048w\" sizes=\"auto, (max-width: 1000px) 100vw, 1000px\" data-recalc-dims=\"1\" \/><\/figure>\n","protected":false},"excerpt":{"rendered":"","protected":false},"author":1,"featured_media":0,"parent":0,"menu_order":0,"comment_status":"closed","ping_status":"closed","template":"","meta":{"om_disable_all_campaigns":false,"_monsterinsights_skip_tracking":false,"_monsterinsights_sitenote_active":false,"_monsterinsights_sitenote_note":"","_monsterinsights_sitenote_category":0,"site-sidebar-layout":"default","site-content-layout":"","ast-site-content-layout":"","site-content-style":"default","site-sidebar-style":"default","ast-global-header-display":"","ast-banner-title-visibility":"","ast-main-header-display":"","ast-hfb-above-header-display":"","ast-hfb-below-header-display":"","ast-hfb-mobile-header-display":"","site-post-title":"","ast-breadcrumbs-content":"","ast-featured-img":"","footer-sml-layout":"","theme-transparent-header-meta":"","adv-header-id-meta":"","stick-header-meta":"","header-above-stick-meta":"","header-main-stick-meta":"","header-below-stick-meta":"","astra-migrate-meta-layouts":"default","ast-page-background-enabled":"default","ast-page-background-meta":{"desktop":{"background-color":"","background-image":"","background-repeat":"repeat","background-position":"center center","background-size":"auto","background-attachment":"scroll","background-type":"","background-media":"","overlay-type":"","overlay-color":"","overlay-opacity":"","overlay-gradient":""},"tablet":{"background-color":"","background-image":"","background-repeat":"repeat","background-position":"center center","background-size":"auto","background-attachment":"scroll","background-type":"","background-media":"","overlay-type":"","overlay-color":"","overlay-opacity":"","overlay-gradient":""},"mobile":{"background-color":"","background-image":"","background-repeat":"repeat","background-position":"center center","background-size":"auto","background-attachment":"scroll","background-type":"","background-media":"","overlay-type":"","overlay-color":"","overlay-opacity":"","overlay-gradient":""}},"ast-content-background-meta":{"desktop":{"background-color":"var(--ast-global-color-5)","background-image":"","background-repeat":"repeat","background-position":"center center","background-size":"auto","background-attachment":"scroll","background-type":"","background-media":"","overlay-type":"","overlay-color":"","overlay-opacity":"","overlay-gradient":""},"tablet":{"background-color":"var(--ast-global-color-5)","background-image":"","background-repeat":"repeat","background-position":"center center","background-size":"auto","background-attachment":"scroll","background-type":"","background-media":"","overlay-type":"","overlay-color":"","overlay-opacity":"","overlay-gradient":""},"mobile":{"background-color":"var(--ast-global-color-5)","background-image":"","background-repeat":"repeat","background-position":"center center","background-size":"auto","background-attachment":"scroll","background-type":"","background-media":"","overlay-type":"","overlay-color":"","overlay-opacity":"","overlay-gradient":""}},"spay_email":"","footnotes":""},"class_list":["post-1898","page","type-page","status-publish","hentry"],"jetpack-related-posts":[{"id":618,"url":"https:\/\/cofradiasantorosario.org.gt\/index.php\/618-2\/","url_meta":{"origin":1898,"position":0},"title":"Viernes 01 Octubre S\u00e1bado 02\u2026","date":"septiembre 14, 2021","format":false,"excerpt":"Viernes 01 Octubre S\u00e1bado 02 Octubre Viernes 01 Octubre Evangelio del d\u00eda Vig\u00e9simo Sexta semana del Tiempo Ordinario\u00a0 S\u00e1bado 02 Octubre Evangelio del d\u00edaVig\u00e9simo sexta semana del Tiempo Ordinario\u00a0 Domingo 03 Octubre Lunes 04 Octubre Martes 05 Octubre Mi\u00e9rcoles 06 Octubre Jueves 07 Octubre Viernes 08 Octubre S\u00e1bado 09 Octubre\u2026","rel":"","context":"Similar post","img":{"alt_text":"","src":"https:\/\/i2.wp.com\/cofradiasantorosario.org.gt\/wp-content\/uploads\/2021\/09\/EVANGELIO-DEL-DIA.jpg?resize=350%2C200","width":350,"height":200},"classes":[]},{"id":1299,"url":"https:\/\/cofradiasantorosario.org.gt\/index.php\/asociasion-del-rosario-viviente\/","url_meta":{"origin":1898,"position":1},"title":"Asociasion del Rosario Viviente","date":"septiembre 21, 2021","format":false,"excerpt":"El Rosario VivienteFue fundado en Guatemala en el a\u00f1o de 1938. El Rosario Viviente est\u00e1 enfocado hacia los ni\u00f1os y les ayuda a aprender la devoci\u00f3n desde temprana edad. Los Ni\u00f1os Rezan solo un misterio cada d\u00eda, es una forma de fomentar el h\u00e1bito del rezo del Santo Rosario. Actualmente\u2026","rel":"","context":"Similar post","img":{"alt_text":"","src":"https:\/\/i1.wp.com\/cofradiasantorosario.org.gt\/wp-content\/uploads\/2021\/09\/PORTADAS-COFRADIA-VIVIENTE-WEB-1024x379.jpg?resize=350%2C200","width":350,"height":200},"classes":[]},{"id":1335,"url":"https:\/\/cofradiasantorosario.org.gt\/index.php\/1335-2\/","url_meta":{"origin":1898,"position":2},"title":"CR\u00d3NICAS DE LA CORONACI\u00d3N PONTIFICA\u2026","date":"septiembre 21, 2021","format":false,"excerpt":"CR\u00d3NICAS DE LA CORONACI\u00d3N PONTIFICA DE LA SANT\u00cdSIMA VIRGEN DEL ROSARIO. \"MADRE, REINA Y PATRONA DE LA REP\u00daBLICA DE GUATEMALA\" LAS PETICIONES Y EL DECRETO PONTIFICIO DE LA CORONACION DE LA VIRGEN Guatemala es un pueblo eminentemente religioso y mariano; mariano hasta la m\u00e9dula. Guatemala es devot\u00edsima de la Virgen\u2026","rel":"","context":"Similar post","img":{"alt_text":"","src":"","width":0,"height":0},"classes":[]},{"id":1130,"url":"https:\/\/cofradiasantorosario.org.gt\/index.php\/octubre-2021\/","url_meta":{"origin":1898,"position":3},"title":"Octubre 2021","date":"septiembre 20, 2021","format":false,"excerpt":"MAR\u00cdA AUXILIO DE LOS CRISTIANOS Permanezcamos un\u00e1nimes en oraci\u00f3n con la madre de Jes\u00fas\u00a0Octubre 2021","rel":"","context":"Similar post","img":{"alt_text":"","src":"https:\/\/i0.wp.com\/cofradiasantorosario.org.gt\/wp-content\/uploads\/2021\/09\/WhatsApp-Image-2021-08-28-at-9.07.52-AM-1024x768.jpeg?resize=350%2C200","width":350,"height":200},"classes":[]},{"id":1118,"url":"https:\/\/cofradiasantorosario.org.gt\/index.php\/octubre-mes-del-rosario\/","url_meta":{"origin":1898,"position":4},"title":"Octubre Mes del Rosario","date":"septiembre 20, 2021","format":false,"excerpt":"","rel":"","context":"Similar post","img":{"alt_text":"","src":"https:\/\/i1.wp.com\/cofradiasantorosario.org.gt\/wp-content\/uploads\/2021\/09\/PORTADAS-COFRADIA-WEB-OCTUBRE-1024x379.jpg?resize=350%2C200","width":350,"height":200},"classes":[]},{"id":1117,"url":"https:\/\/cofradiasantorosario.org.gt\/index.php\/formacion-dominicana\/","url_meta":{"origin":1898,"position":5},"title":"Formaci\u00f3n Dominicana","date":"septiembre 20, 2021","format":false,"excerpt":"Formaci\u00f3n Dominicana\u00bfQu\u00e9 sentido tiene ser laico dominico hoy? \u00bfPuede una espiritualidad que hunde sus ra\u00edces en Santo Domingo de Guzm\u00e1n, un fraile de la Edad Media, ofrecer un camino de vida cristiana plena para un laico del siglo XXI? Despu\u00e9s del Concilio Vaticano II (1962-1965) y el reconocimiento de la\u2026","rel":"","context":"Similar post","img":{"alt_text":"","src":"https:\/\/i1.wp.com\/cofradiasantorosario.org.gt\/wp-content\/uploads\/2021\/09\/PORTADAS-FORMACION-1024x379.jpg?resize=350%2C200","width":350,"height":200},"classes":[]}],"_links":{"self":[{"href":"https:\/\/cofradiasantorosario.org.gt\/index.php\/wp-json\/wp\/v2\/pages\/1898","targetHints":{"allow":["GET"]}}],"collection":[{"href":"https:\/\/cofradiasantorosario.org.gt\/index.php\/wp-json\/wp\/v2\/pages"}],"about":[{"href":"https:\/\/cofradiasantorosario.org.gt\/index.php\/wp-json\/wp\/v2\/types\/page"}],"author":[{"embeddable":true,"href":"https:\/\/cofradiasantorosario.org.gt\/index.php\/wp-json\/wp\/v2\/users\/1"}],"replies":[{"embeddable":true,"href":"https:\/\/cofradiasantorosario.org.gt\/index.php\/wp-json\/wp\/v2\/comments?post=1898"}],"version-history":[{"count":5,"href":"https:\/\/cofradiasantorosario.org.gt\/index.php\/wp-json\/wp\/v2\/pages\/1898\/revisions"}],"predecessor-version":[{"id":1910,"href":"https:\/\/cofradiasantorosario.org.gt\/index.php\/wp-json\/wp\/v2\/pages\/1898\/revisions\/1910"}],"wp:attachment":[{"href":"https:\/\/cofradiasantorosario.org.gt\/index.php\/wp-json\/wp\/v2\/media?parent=1898"}],"curies":[{"name":"wp","href":"https:\/\/api.w.org\/{rel}","templated":true}]}}