{"id":1367,"date":"2021-09-21T15:05:54","date_gmt":"2021-09-21T21:05:54","guid":{"rendered":"https:\/\/cofradiasantorosario.org.gt\/?page_id=1367"},"modified":"2021-09-21T15:07:48","modified_gmt":"2021-09-21T21:07:48","slug":"1367-2","status":"publish","type":"page","link":"https:\/\/cofradiasantorosario.org.gt\/index.php\/1367-2\/","title":{"rendered":""},"content":{"rendered":"\t\t<div data-elementor-type=\"wp-page\" data-elementor-id=\"1367\" class=\"elementor elementor-1367\" data-elementor-settings=\"[]\">\n\t\t\t\t\t\t\t<div class=\"elementor-section-wrap\">\n\t\t\t\t\t\t\t<section class=\"elementor-section elementor-top-section elementor-element elementor-element-66d1ed9 elementor-section-boxed elementor-section-height-default elementor-section-height-default\" data-id=\"66d1ed9\" data-element_type=\"section\">\n\t\t\t\t\t\t<div class=\"elementor-container elementor-column-gap-default\">\n\t\t\t\t\t<div class=\"elementor-column elementor-col-100 elementor-top-column elementor-element elementor-element-4e0ee5b\" data-id=\"4e0ee5b\" data-element_type=\"column\">\n\t\t\t<div class=\"elementor-widget-wrap elementor-element-populated\">\n\t\t\t\t\t\t\t\t<div class=\"elementor-element elementor-element-4ff1d2c elementor-widget elementor-widget-spacer\" data-id=\"4ff1d2c\" data-element_type=\"widget\" data-widget_type=\"spacer.default\">\n\t\t\t\t<div class=\"elementor-widget-container\">\n\t\t\t\t\t<div class=\"elementor-spacer\">\n\t\t\t<div class=\"elementor-spacer-inner\"><\/div>\n\t\t<\/div>\n\t\t\t\t<\/div>\n\t\t\t\t<\/div>\n\t\t\t\t\t<\/div>\n\t\t<\/div>\n\t\t\t\t\t\t\t<\/div>\n\t\t<\/section>\n\t\t\t\t<section class=\"elementor-section elementor-top-section elementor-element elementor-element-30091ff0 elementor-section-boxed elementor-section-height-default elementor-section-height-default\" data-id=\"30091ff0\" data-element_type=\"section\">\n\t\t\t\t\t\t<div class=\"elementor-container elementor-column-gap-default\">\n\t\t\t\t\t<div class=\"elementor-column elementor-col-100 elementor-top-column elementor-element elementor-element-20a7fc50\" data-id=\"20a7fc50\" data-element_type=\"column\">\n\t\t\t<div class=\"elementor-widget-wrap elementor-element-populated\">\n\t\t\t\t\t\t\t\t<div class=\"elementor-element elementor-element-6673a33c elementor-widget elementor-widget-text-editor\" data-id=\"6673a33c\" data-element_type=\"widget\" data-widget_type=\"text-editor.default\">\n\t\t\t\t<div class=\"elementor-widget-container\">\n\t\t\t\t\t\t\t<!-- wp:paragraph -->\n<p><strong>Joyas pontificias<\/strong><\/p>\n<!-- \/wp:paragraph -->\n\n<!-- wp:paragraph -->\n<p>Para el solemne acto, la Virgen del Rosario no solo estren\u00f3 su nueva corona. Tambi\u00e9n un rosario de oro que en cada una de las cuencas tiene tallado el nombre y apellido de la persona o familia que lo don\u00f3.\u00a0<\/p>\n<!-- \/wp:paragraph -->\n\n<!-- wp:paragraph -->\n<p>Fueron estrenos tambi\u00e9n, el resplandor del Ni\u00f1o Dios y un cetro. A diferencia del resto de joyas pontificias, que reservan solo para ocasiones espec\u00edficas, el cetro, que es de plata, s\u00ed lo utiliza durante todo el a\u00f1o.<\/p>\n<!-- \/wp:paragraph -->\n\n<!-- wp:paragraph -->\n<p><strong>Ajuar<\/strong><\/p>\n<!-- \/wp:paragraph -->\n\n<!-- wp:paragraph -->\n<p>Antes del 28 de enero de 1934, la Virgen del Rosario contaba con pocos ajuares. Por eso, para aquella ocasi\u00f3n fue ataviada con un dise\u00f1o especial: una tunicela de terciopelo rojo, su color ic\u00f3nico, con un raso en crema.&nbsp;<\/p>\n<!-- \/wp:paragraph -->\n\n<!-- wp:paragraph -->\n<p>El ajuar fue confeccionado en Guatemala por Mar\u00eda Luisa Bran, importante bordadora de la \u00e9poca, y llam\u00f3 la atenci\u00f3n por diversos aspectos, manifiesta Ruiz D\u00edaz. Primero, por incluir dos colores y, segundo, por el tama\u00f1o de las rosas bordadas, de una dimensi\u00f3n mucho mayor a las que se acostumbraba en aquel tiempo<\/p>\n<!-- \/wp:paragraph -->\t\t\t\t\t\t<\/div>\n\t\t\t\t<\/div>\n\t\t\t\t\t<\/div>\n\t\t<\/div>\n\t\t\t\t\t\t\t<\/div>\n\t\t<\/section>\n\t\t\t\t\t\t<\/div>\n\t\t\t\t\t<\/div>\n\t\t","protected":false},"excerpt":{"rendered":"<p>Joyas pontificias Para el solemne acto, la Virgen del Rosario no solo estren\u00f3 su nueva corona. Tambi\u00e9n un rosario de oro que en cada una de las cuencas tiene tallado [&hellip;]<\/p>\n","protected":false},"author":2,"featured_media":0,"parent":0,"menu_order":0,"comment_status":"closed","ping_status":"closed","template":"","meta":{"om_disable_all_campaigns":false,"_monsterinsights_skip_tracking":false,"_monsterinsights_sitenote_active":false,"_monsterinsights_sitenote_note":"","_monsterinsights_sitenote_category":0,"site-sidebar-layout":"default","site-content-layout":"default","ast-site-content-layout":"","site-content-style":"default","site-sidebar-style":"default","ast-global-header-display":"","ast-banner-title-visibility":"","ast-main-header-display":"","ast-hfb-above-header-display":"","ast-hfb-below-header-display":"","ast-hfb-mobile-header-display":"","site-post-title":"","ast-breadcrumbs-content":"","ast-featured-img":"","footer-sml-layout":"","theme-transparent-header-meta":"default","adv-header-id-meta":"","stick-header-meta":"","header-above-stick-meta":"","header-main-stick-meta":"","header-below-stick-meta":"","astra-migrate-meta-layouts":"default","ast-page-background-enabled":"default","ast-page-background-meta":{"desktop":{"background-color":"","background-image":"","background-repeat":"repeat","background-position":"center center","background-size":"auto","background-attachment":"scroll","background-type":"","background-media":"","overlay-type":"","overlay-color":"","overlay-opacity":"","overlay-gradient":""},"tablet":{"background-color":"","background-image":"","background-repeat":"repeat","background-position":"center center","background-size":"auto","background-attachment":"scroll","background-type":"","background-media":"","overlay-type":"","overlay-color":"","overlay-opacity":"","overlay-gradient":""},"mobile":{"background-color":"","background-image":"","background-repeat":"repeat","background-position":"center center","background-size":"auto","background-attachment":"scroll","background-type":"","background-media":"","overlay-type":"","overlay-color":"","overlay-opacity":"","overlay-gradient":""}},"ast-content-background-meta":{"desktop":{"background-color":"var(--ast-global-color-5)","background-image":"","background-repeat":"repeat","background-position":"center center","background-size":"auto","background-attachment":"scroll","background-type":"","background-media":"","overlay-type":"","overlay-color":"","overlay-opacity":"","overlay-gradient":""},"tablet":{"background-color":"var(--ast-global-color-5)","background-image":"","background-repeat":"repeat","background-position":"center center","background-size":"auto","background-attachment":"scroll","background-type":"","background-media":"","overlay-type":"","overlay-color":"","overlay-opacity":"","overlay-gradient":""},"mobile":{"background-color":"var(--ast-global-color-5)","background-image":"","background-repeat":"repeat","background-position":"center center","background-size":"auto","background-attachment":"scroll","background-type":"","background-media":"","overlay-type":"","overlay-color":"","overlay-opacity":"","overlay-gradient":""}},"spay_email":"","footnotes":""},"class_list":["post-1367","page","type-page","status-publish","hentry"],"jetpack-related-posts":[{"id":916,"url":"https:\/\/cofradiasantorosario.org.gt\/index.php\/joyas-pontificias\/","url_meta":{"origin":1367,"position":0},"title":"Joyas Pontificias","date":"septiembre 16, 2021","format":false,"excerpt":"La bula pontificia, requer\u00eda que la imagen fuera coronada con una corona de oro. La Virgen del Rosario pose\u00eda una desde 1700, mas debido a las expropiaciones, y para evitar cualquier saqueo o robo, fue enviada a Espa\u00f1a, bajo custodia de la Orden Dominica. \u00a0 Para el acto se utiliz\u00f3\u2026","rel":"","context":"Similar post","img":{"alt_text":"","src":"","width":0,"height":0},"classes":[]},{"id":1309,"url":"https:\/\/cofradiasantorosario.org.gt\/index.php\/historia\/","url_meta":{"origin":1367,"position":1},"title":"Historia","date":"septiembre 21, 2021","format":false,"excerpt":"Historia de la Virgen de Plata Conoce aqu\u00ed la historia de la Imagen de Plata de la Virgen del Rosario\u00a0Ver mas La coronaci\u00f3n pontificia CR\u00d3NICAS DE LA CORONACI\u00d3N PONTIFICA DE LA SANT\u00cdSIMA VIRGEN DEL ROSARIO.Ver mas LOS PREPARATIVOS DE LA CORONACI\u00d3NVer mas EL ACONTECIMIENTO HISTORICO DE LA CORONACI\u00d3N\u00a0\u00a0Ver mas JOYAS\u2026","rel":"","context":"Similar post","img":{"alt_text":"","src":"https:\/\/i2.wp.com\/cofradiasantorosario.org.gt\/wp-content\/uploads\/2021\/09\/PORTADAS-HISTORIA-scaled.jpg?resize=350%2C200","width":350,"height":200},"classes":[]},{"id":896,"url":"https:\/\/cofradiasantorosario.org.gt\/index.php\/los-preparativos-para-la-coronacion\/","url_meta":{"origin":1367,"position":2},"title":"Los preparativos para la coronaci\u00f3n","date":"septiembre 16, 2021","format":false,"excerpt":"El primero de mayo de 1933, los Excmos. y Rmos. Prelados de la Rep\u00fablica, Monse\u00f1or Luis Durou y Sure, Arzobispo de Guatemala y Monse\u00f1or Jorge Garc\u00eda y Caballeros, Obispo de los Altos, en una Pastoral colectiva anunciaron a los fieles la gracia concedida por su Santidad de poder Coronar a\u2026","rel":"","context":"Similar post","img":{"alt_text":"","src":"","width":0,"height":0},"classes":[]},{"id":1346,"url":"https:\/\/cofradiasantorosario.org.gt\/index.php\/elementor-1346\/","url_meta":{"origin":1367,"position":3},"title":"LOS PREPARATIVOS DE LA CORONACION\u2026","date":"septiembre 21, 2021","format":false,"excerpt":"LOS PREPARATIVOS DE LA CORONACION El primero de mayo de 1933, los Excmos. y Rmos. Prelados de la Rep\u00fablica, Monse\u00f1or Luis Durou y Sure, Arzobispo de Guatemala y Monse\u00f1or Jorge Garc\u00eda y Caballeros, Obispo de los Altos, en una Pastoral colectiva anunciaron a los fieles la gracia concedida por su\u2026","rel":"","context":"Similar post","img":{"alt_text":"","src":"","width":0,"height":0},"classes":[]},{"id":1335,"url":"https:\/\/cofradiasantorosario.org.gt\/index.php\/1335-2\/","url_meta":{"origin":1367,"position":4},"title":"CR\u00d3NICAS DE LA CORONACI\u00d3N PONTIFICA\u2026","date":"septiembre 21, 2021","format":false,"excerpt":"CR\u00d3NICAS DE LA CORONACI\u00d3N PONTIFICA DE LA SANT\u00cdSIMA VIRGEN DEL ROSARIO. \"MADRE, REINA Y PATRONA DE LA REP\u00daBLICA DE GUATEMALA\" LAS PETICIONES Y EL DECRETO PONTIFICIO DE LA CORONACION DE LA VIRGEN Guatemala es un pueblo eminentemente religioso y mariano; mariano hasta la m\u00e9dula. Guatemala es devot\u00edsima de la Virgen\u2026","rel":"","context":"Similar post","img":{"alt_text":"","src":"","width":0,"height":0},"classes":[]},{"id":856,"url":"https:\/\/cofradiasantorosario.org.gt\/index.php\/historia-virgen-plata\/","url_meta":{"origin":1367,"position":5},"title":"Historia de la Virgen de Plata","date":"septiembre 16, 2021","format":false,"excerpt":"Historia de la Virgen del Rosario El dominico padre L\u00f3pez de Montoya, fue uno de los primeros predicadores dominicos por estas tierras. Era un hombre de mucha devoci\u00f3n y fue un gran devoto del rosario. Por su gran entusiasmo por el rosario y con la generosidad del pueblo guatemalteco, para\u2026","rel":"","context":"Similar post","img":{"alt_text":"","src":"","width":0,"height":0},"classes":[]}],"_links":{"self":[{"href":"https:\/\/cofradiasantorosario.org.gt\/index.php\/wp-json\/wp\/v2\/pages\/1367","targetHints":{"allow":["GET"]}}],"collection":[{"href":"https:\/\/cofradiasantorosario.org.gt\/index.php\/wp-json\/wp\/v2\/pages"}],"about":[{"href":"https:\/\/cofradiasantorosario.org.gt\/index.php\/wp-json\/wp\/v2\/types\/page"}],"author":[{"embeddable":true,"href":"https:\/\/cofradiasantorosario.org.gt\/index.php\/wp-json\/wp\/v2\/users\/2"}],"replies":[{"embeddable":true,"href":"https:\/\/cofradiasantorosario.org.gt\/index.php\/wp-json\/wp\/v2\/comments?post=1367"}],"version-history":[{"count":4,"href":"https:\/\/cofradiasantorosario.org.gt\/index.php\/wp-json\/wp\/v2\/pages\/1367\/revisions"}],"predecessor-version":[{"id":1374,"href":"https:\/\/cofradiasantorosario.org.gt\/index.php\/wp-json\/wp\/v2\/pages\/1367\/revisions\/1374"}],"wp:attachment":[{"href":"https:\/\/cofradiasantorosario.org.gt\/index.php\/wp-json\/wp\/v2\/media?parent=1367"}],"curies":[{"name":"wp","href":"https:\/\/api.w.org\/{rel}","templated":true}]}}