{"id":1355,"date":"2021-09-21T14:03:51","date_gmt":"2021-09-21T20:03:51","guid":{"rendered":"https:\/\/cofradiasantorosario.org.gt\/?page_id=1355"},"modified":"2021-09-21T14:06:38","modified_gmt":"2021-09-21T20:06:38","slug":"1355-2","status":"publish","type":"page","link":"https:\/\/cofradiasantorosario.org.gt\/index.php\/1355-2\/","title":{"rendered":""},"content":{"rendered":"\t\t<div data-elementor-type=\"wp-page\" data-elementor-id=\"1355\" class=\"elementor elementor-1355\" data-elementor-settings=\"[]\">\n\t\t\t\t\t\t\t<div class=\"elementor-section-wrap\">\n\t\t\t\t\t\t\t<section class=\"elementor-section elementor-top-section elementor-element elementor-element-1484ce1b elementor-section-boxed elementor-section-height-default elementor-section-height-default\" data-id=\"1484ce1b\" data-element_type=\"section\">\n\t\t\t\t\t\t<div class=\"elementor-container elementor-column-gap-default\">\n\t\t\t\t\t<div class=\"elementor-column elementor-col-100 elementor-top-column elementor-element elementor-element-33b4e0ab\" data-id=\"33b4e0ab\" data-element_type=\"column\">\n\t\t\t<div class=\"elementor-widget-wrap elementor-element-populated\">\n\t\t\t\t\t\t\t\t<div class=\"elementor-element elementor-element-21bc3442 elementor-widget elementor-widget-text-editor\" data-id=\"21bc3442\" data-element_type=\"widget\" data-widget_type=\"text-editor.default\">\n\t\t\t\t<div class=\"elementor-widget-container\">\n\t\t\t\t\t\t\t<!-- wp:paragraph -->\n<p><strong>EL ACONTECIMIENTO HISTORICO DE LA CORONACION<\/strong><\/p>\n<!-- \/wp:paragraph --><!-- wp:paragraph -->\n<p>El d\u00eda 28 de enero de 1934 tuvo lugar en la ciudad de Guatemala uno de los acontecimientos religiosos de m\u00e1s relieve y m\u00e1s conmovedores en los m\u00e1s de cuatrocientos a\u00f1os de Cristianismo.El d\u00eda 28 de enero del a\u00f1o 1934 cay\u00f3 precisamente en domingo, no tuvimos la dicha de participar ni presenciar ese acontecimiento hist\u00f3rico-religioso de Guatemala, pero las cr\u00f3nicas y las muchas personas que contemplaron y participaron en las fiestas de la Coronaci\u00f3n de la Virgen del Rosario nos dicen que aquellas fiestas fueron tan enternecedoras, tan apote\u00f3sicas, que ni el ojo vio, ni o\u00eddo oy\u00f3, ni por la mente humana pas\u00f3 algo en Guatemala que con aquellas fiestas pueda compararse, nosotros lo creemos as\u00ed porque sabemos que Guatemala es capaz de eso y mucho m\u00e1s.El d\u00eda anterior a la Coronaci\u00f3n se organiz\u00f3 la procesi\u00f3n con la Imagen de la Virgen presidida por los miembros de las Asociaciones religiosas del Templo de Santo Domingo que portaron sus pabellones y otras agrupaciones seglares de distintos templos de la ciudad y el interior del Pa\u00eds. Esta procesi\u00f3n parti\u00f3 del Templo de Santo Domingo a la Catedral Metropolitana, donde la Imagen permaneci\u00f3 en la velaci\u00f3n la noche del s\u00e1bado y parte de la ma\u00f1ana del domingo. El Templo de Santo Domingo luci\u00f3 para esta fiesta un adorno singular, fue decorado con delicadas gu\u00edas de velo de novia y rosas de papel, obra del altarero Alfredo Monge, bajo la direcci\u00f3n del se\u00f1or Francisco Cord\u00f3n Horjales. Seg\u00fan narraciones de personas que participaron en la celebraci\u00f3n de la Coronaci\u00f3n, varios meses antes se pidi\u00f3 a Par\u00eds unos damascos para adornar el interior del Templo, pero lamentablemente \u00e9stos no llegaron en el tiempo previsto, por lo que se pidi\u00f3 a todos los devotos de la Virgen, elaborar rosas de papel para formarle cortinas de flores a la Virgen, la respuesta del pueblo fue maravillosa, cada uno llev\u00f3 flores en color rosa, y seg\u00fan testigos oculares la gente llev\u00f3 tal cantidad que llenaron capillas enteras de rosas, agot\u00e1ndose en Guatemala la existencia en el comercio de papel crep\u00e9, china y dem\u00e1s materiales que se utilizan en la confecci\u00f3n de flores. Luego se confeccionaron las gu\u00edas de rosas y velo de novia, que en conjunto dieron al Templo una armon\u00eda y belleza sin igual. El exterior del Templo estaba adornado con bombillas y sobresal\u00eda un inmenso r\u00f3tulo luminoso en el frontispicio del Templo en forma de arco que dec\u00eda: \u201cLa Virgen del Rosario Patrona de Guatemala\u201d.La Catedral se adorn\u00f3 de forma muy sobria, elegante y con muy buen gusto, se coloc\u00f3 un inmenso manto real de color rojo, y un armi\u00f1o con comas negras, pendiendo todo de una hermosa corona de gran tama\u00f1o, tachonada de piedras, simbolizando la realeza de la Virgen Mar\u00eda; el adorno para el altar mayor se form\u00f3 con grandes candelabros y un hermoso frontal bordado a mano en oro y plata con los corazones de Jes\u00fas y Mar\u00eda entrelazados. El art\u00edstico trono formado desde lo alto de la Catedral daba toda la majestad y esplendor, y en el fondo aparec\u00eda la Virgen del Rosario como una Santa Visi\u00f3n, revestida para la ocasi\u00f3n con una Capa Real color Rojo P\u00farpura y Tunicela Blanca, ambas de confecci\u00f3n nacional y ricamente bordadas en rosas que van de menor a mayor tama\u00f1o, hermoso conjunto que causo gran impacto en el pueblo e inmortaliz\u00f3 de esta forma la visi\u00f3n de la Virgen del Rosario como Reina, Madre y Patrona de Guatemala, el bordado estuvo a cargo de la Se\u00f1orita Maria Luisa Bran, afamada bordadora de la \u00e9poca.El acto de la Coronaci\u00f3n tuvo lugar en el atrio de la Catedral Metropolitana a las 11 de la ma\u00f1ana, en medio de un entusiasmo religioso como jam\u00e1s se vio en Guatemala. El Papa P\u00edo XI comision\u00f3 al Excmo. Sr. Arzobispo de Guatemala, Monse\u00f1or Luis Durou y Sur\u00e9 para que en su nombre colocara sobre las sienes benditas de la Imagen de la Virgen del Rosario, la Corona de Oro Pontificia. El serm\u00f3n oficial en tan solemne acto estuvo a cargo del Ilmo. Vicario General, Monse\u00f1or Mateo Perrone, quien supo cantar las glorias de la Virgen del Rosario como lo ped\u00edan las circunstancias.Previo a la Ceremonia de Coronaci\u00f3n el Arzobispo bendijo la Corona de Oro y al Coro del Himno Oficial de la Coronaci\u00f3n compuesto por P\u00edo M. Ri\u00e9pele \u201cTen piedad de nosotros, Se\u00f1ora! Nuestro canto va unido al fervor\u2026Guatemala de hinojos te implora: \u00a1No la apartes jam\u00e1s de tu amor!&#8230; interpretado por un coro integrado por m\u00e1s de 1,000 voces se procedi\u00f3 a Coronar a la Sant\u00edsima Virgen del Rosario, la mayor\u00eda de cr\u00f3nicas de los peri\u00f3dicos de la \u00e9poca coinciden en se\u00f1alar que en el instante en que el Arzobispo Coron\u00f3 a la Imagen de la Virgen, se echaron al vuelo las campanas de la ciudad, sonaron las sirenas de las f\u00e1bricas y una lluvia de p\u00e9talos de rosas cay\u00f3 desde lo alto de la Catedral y la muchedumbre entusiasmada, sin poder contener prorrumpi\u00f3 en vivas y aplausos, en un momento de conmovedora emoci\u00f3n en que delirantes y llenos de j\u00fabilo sus deseos tambi\u00e9n hab\u00edan sido coronados.Varias personas afirman que en el momento en que el Se\u00f1or Arzobispo colocaba la Corona en la cabeza de la Imagen, \u00e9sta la inclin\u00f3 en un gesto de humildad, todas estas personas se encontraban muy cerca del estrado pontifical.Acto seguido se canto el Te Deum, y en la tarde se organiz\u00f3 la procesi\u00f3n jubilar con la Virgen del Rosario Coronada c\u00f3mo Reina y Patrona de la Rep\u00fablica, con participaci\u00f3n masiva de Cofrad\u00edas, Hermandades y Asociaciones, la cuales portaron sus estandartes, tambi\u00e9n en esta oportunidad acompa\u00f1\u00f3 a la Sant\u00edsima Virgen la Imagen Titular de Santo Domingo de Guzm\u00e1n quien portaba en un coj\u00edn el Decreto Papal de la Coronaci\u00f3n.En la decoraci\u00f3n de las calles se hizo latente la espontaneidad con que se manifest\u00f3 el pueblo su profundo amor y devoci\u00f3n a la Imagen, haci\u00e9ndose notar la participaci\u00f3n de todos los gremios del pa\u00eds, agrupaciones de profesionales, artesanos y dem\u00e1s asociaciones privadas que elaboraron 22 arcos triunfales con motivos alusivos a los Misterios del Rosario. Cada uno quizo aportar lo mejor que pudo, as\u00ed narran las cr\u00f3nicas: \u201cLa Virgen pas\u00f3 por una valla de flores, cantos y luces, en medio de las plegarias y confesiones de coraz\u00f3n a coraz\u00f3n\u201d.Todas las calles se adornaron con alfombras de pino, flores y aserr\u00edn, los balcones y portones de las casas lucieron flores, cortinas y banderas con los colores de las asociaciones del Rosario Viviente y Perpetuo, las calles del recorrido triunfal se engalanaron con guirnaldas de luces, habi\u00e9ndose agotado la existencia de bombillas el\u00e9ctricas en la ciudad, y as\u00ed triunfalmente regres\u00f3 la Virgen al Templo de Santo Domingo.Ocho d\u00edas despu\u00e9s se clausuraron las festividades con una solemnidad religiosa, se presento el agradecimiento a las personas que colaboraron en esta celebraci\u00f3n y se devel\u00f3 la placa conmemorativa.<\/p>\n<!-- \/wp:paragraph -->\t\t\t\t\t\t<\/div>\n\t\t\t\t<\/div>\n\t\t\t\t\t<\/div>\n\t\t<\/div>\n\t\t\t\t\t\t\t<\/div>\n\t\t<\/section>\n\t\t\t\t\t\t<\/div>\n\t\t\t\t\t<\/div>\n\t\t","protected":false},"excerpt":{"rendered":"<p>EL ACONTECIMIENTO HISTORICO DE LA CORONACION El d\u00eda 28 de enero de 1934 tuvo lugar en la ciudad de Guatemala uno de los acontecimientos religiosos de m\u00e1s relieve y m\u00e1s [&hellip;]<\/p>\n","protected":false},"author":2,"featured_media":0,"parent":0,"menu_order":0,"comment_status":"closed","ping_status":"closed","template":"","meta":{"om_disable_all_campaigns":false,"_monsterinsights_skip_tracking":false,"_monsterinsights_sitenote_active":false,"_monsterinsights_sitenote_note":"","_monsterinsights_sitenote_category":0,"site-sidebar-layout":"default","site-content-layout":"default","ast-site-content-layout":"","site-content-style":"default","site-sidebar-style":"default","ast-global-header-display":"","ast-banner-title-visibility":"","ast-main-header-display":"","ast-hfb-above-header-display":"","ast-hfb-below-header-display":"","ast-hfb-mobile-header-display":"","site-post-title":"","ast-breadcrumbs-content":"","ast-featured-img":"","footer-sml-layout":"","theme-transparent-header-meta":"default","adv-header-id-meta":"","stick-header-meta":"","header-above-stick-meta":"","header-main-stick-meta":"","header-below-stick-meta":"","astra-migrate-meta-layouts":"default","ast-page-background-enabled":"default","ast-page-background-meta":{"desktop":{"background-color":"","background-image":"","background-repeat":"repeat","background-position":"center center","background-size":"auto","background-attachment":"scroll","background-type":"","background-media":"","overlay-type":"","overlay-color":"","overlay-opacity":"","overlay-gradient":""},"tablet":{"background-color":"","background-image":"","background-repeat":"repeat","background-position":"center center","background-size":"auto","background-attachment":"scroll","background-type":"","background-media":"","overlay-type":"","overlay-color":"","overlay-opacity":"","overlay-gradient":""},"mobile":{"background-color":"","background-image":"","background-repeat":"repeat","background-position":"center center","background-size":"auto","background-attachment":"scroll","background-type":"","background-media":"","overlay-type":"","overlay-color":"","overlay-opacity":"","overlay-gradient":""}},"ast-content-background-meta":{"desktop":{"background-color":"var(--ast-global-color-5)","background-image":"","background-repeat":"repeat","background-position":"center center","background-size":"auto","background-attachment":"scroll","background-type":"","background-media":"","overlay-type":"","overlay-color":"","overlay-opacity":"","overlay-gradient":""},"tablet":{"background-color":"var(--ast-global-color-5)","background-image":"","background-repeat":"repeat","background-position":"center center","background-size":"auto","background-attachment":"scroll","background-type":"","background-media":"","overlay-type":"","overlay-color":"","overlay-opacity":"","overlay-gradient":""},"mobile":{"background-color":"var(--ast-global-color-5)","background-image":"","background-repeat":"repeat","background-position":"center center","background-size":"auto","background-attachment":"scroll","background-type":"","background-media":"","overlay-type":"","overlay-color":"","overlay-opacity":"","overlay-gradient":""}},"spay_email":"","footnotes":""},"class_list":["post-1355","page","type-page","status-publish","hentry"],"jetpack-related-posts":[{"id":907,"url":"https:\/\/cofradiasantorosario.org.gt\/index.php\/el-acontecimiento-historico-de-la-coronacion\/","url_meta":{"origin":1355,"position":0},"title":"EL ACONTECIMIENTO HISTORICO DE LA CORONACI\u00d3N","date":"septiembre 16, 2021","format":false,"excerpt":"El d\u00eda 28 de enero de 1934 tuvo lugar en la ciudad de Guatemala uno de los acontecimientos religiosos de m\u00e1s relieve y m\u00e1s conmovedores en los m\u00e1s de cuatrocientos a\u00f1os de Cristianismo. El d\u00eda 28 de enero del a\u00f1o 1934 cay\u00f3 precisamente en domingo, no tuvimos la dicha de\u2026","rel":"","context":"Similar post","img":{"alt_text":"","src":"","width":0,"height":0},"classes":[]},{"id":896,"url":"https:\/\/cofradiasantorosario.org.gt\/index.php\/los-preparativos-para-la-coronacion\/","url_meta":{"origin":1355,"position":1},"title":"Los preparativos para la coronaci\u00f3n","date":"septiembre 16, 2021","format":false,"excerpt":"El primero de mayo de 1933, los Excmos. y Rmos. Prelados de la Rep\u00fablica, Monse\u00f1or Luis Durou y Sure, Arzobispo de Guatemala y Monse\u00f1or Jorge Garc\u00eda y Caballeros, Obispo de los Altos, en una Pastoral colectiva anunciaron a los fieles la gracia concedida por su Santidad de poder Coronar a\u2026","rel":"","context":"Similar post","img":{"alt_text":"","src":"","width":0,"height":0},"classes":[]},{"id":1309,"url":"https:\/\/cofradiasantorosario.org.gt\/index.php\/historia\/","url_meta":{"origin":1355,"position":2},"title":"Historia","date":"septiembre 21, 2021","format":false,"excerpt":"Historia de la Virgen de Plata Conoce aqu\u00ed la historia de la Imagen de Plata de la Virgen del Rosario\u00a0Ver mas La coronaci\u00f3n pontificia CR\u00d3NICAS DE LA CORONACI\u00d3N PONTIFICA DE LA SANT\u00cdSIMA VIRGEN DEL ROSARIO.Ver mas LOS PREPARATIVOS DE LA CORONACI\u00d3NVer mas EL ACONTECIMIENTO HISTORICO DE LA CORONACI\u00d3N\u00a0\u00a0Ver mas JOYAS\u2026","rel":"","context":"Similar post","img":{"alt_text":"","src":"https:\/\/i2.wp.com\/cofradiasantorosario.org.gt\/wp-content\/uploads\/2021\/09\/PORTADAS-HISTORIA-scaled.jpg?resize=350%2C200","width":350,"height":200},"classes":[]},{"id":1346,"url":"https:\/\/cofradiasantorosario.org.gt\/index.php\/elementor-1346\/","url_meta":{"origin":1355,"position":3},"title":"LOS PREPARATIVOS DE LA CORONACION\u2026","date":"septiembre 21, 2021","format":false,"excerpt":"LOS PREPARATIVOS DE LA CORONACION El primero de mayo de 1933, los Excmos. y Rmos. Prelados de la Rep\u00fablica, Monse\u00f1or Luis Durou y Sure, Arzobispo de Guatemala y Monse\u00f1or Jorge Garc\u00eda y Caballeros, Obispo de los Altos, en una Pastoral colectiva anunciaron a los fieles la gracia concedida por su\u2026","rel":"","context":"Similar post","img":{"alt_text":"","src":"","width":0,"height":0},"classes":[]},{"id":1335,"url":"https:\/\/cofradiasantorosario.org.gt\/index.php\/1335-2\/","url_meta":{"origin":1355,"position":4},"title":"CR\u00d3NICAS DE LA CORONACI\u00d3N PONTIFICA\u2026","date":"septiembre 21, 2021","format":false,"excerpt":"CR\u00d3NICAS DE LA CORONACI\u00d3N PONTIFICA DE LA SANT\u00cdSIMA VIRGEN DEL ROSARIO. \"MADRE, REINA Y PATRONA DE LA REP\u00daBLICA DE GUATEMALA\" LAS PETICIONES Y EL DECRETO PONTIFICIO DE LA CORONACION DE LA VIRGEN Guatemala es un pueblo eminentemente religioso y mariano; mariano hasta la m\u00e9dula. Guatemala es devot\u00edsima de la Virgen\u2026","rel":"","context":"Similar post","img":{"alt_text":"","src":"","width":0,"height":0},"classes":[]},{"id":916,"url":"https:\/\/cofradiasantorosario.org.gt\/index.php\/joyas-pontificias\/","url_meta":{"origin":1355,"position":5},"title":"Joyas Pontificias","date":"septiembre 16, 2021","format":false,"excerpt":"La bula pontificia, requer\u00eda que la imagen fuera coronada con una corona de oro. La Virgen del Rosario pose\u00eda una desde 1700, mas debido a las expropiaciones, y para evitar cualquier saqueo o robo, fue enviada a Espa\u00f1a, bajo custodia de la Orden Dominica. \u00a0 Para el acto se utiliz\u00f3\u2026","rel":"","context":"Similar post","img":{"alt_text":"","src":"","width":0,"height":0},"classes":[]}],"_links":{"self":[{"href":"https:\/\/cofradiasantorosario.org.gt\/index.php\/wp-json\/wp\/v2\/pages\/1355","targetHints":{"allow":["GET"]}}],"collection":[{"href":"https:\/\/cofradiasantorosario.org.gt\/index.php\/wp-json\/wp\/v2\/pages"}],"about":[{"href":"https:\/\/cofradiasantorosario.org.gt\/index.php\/wp-json\/wp\/v2\/types\/page"}],"author":[{"embeddable":true,"href":"https:\/\/cofradiasantorosario.org.gt\/index.php\/wp-json\/wp\/v2\/users\/2"}],"replies":[{"embeddable":true,"href":"https:\/\/cofradiasantorosario.org.gt\/index.php\/wp-json\/wp\/v2\/comments?post=1355"}],"version-history":[{"count":7,"href":"https:\/\/cofradiasantorosario.org.gt\/index.php\/wp-json\/wp\/v2\/pages\/1355\/revisions"}],"predecessor-version":[{"id":1366,"href":"https:\/\/cofradiasantorosario.org.gt\/index.php\/wp-json\/wp\/v2\/pages\/1355\/revisions\/1366"}],"wp:attachment":[{"href":"https:\/\/cofradiasantorosario.org.gt\/index.php\/wp-json\/wp\/v2\/media?parent=1355"}],"curies":[{"name":"wp","href":"https:\/\/api.w.org\/{rel}","templated":true}]}}