{"id":1346,"date":"2021-09-21T13:58:32","date_gmt":"2021-09-21T19:58:32","guid":{"rendered":"https:\/\/cofradiasantorosario.org.gt\/?page_id=1346"},"modified":"2021-09-21T14:00:10","modified_gmt":"2021-09-21T20:00:10","slug":"elementor-1346","status":"publish","type":"page","link":"https:\/\/cofradiasantorosario.org.gt\/index.php\/elementor-1346\/","title":{"rendered":""},"content":{"rendered":"\t\t<div data-elementor-type=\"wp-page\" data-elementor-id=\"1346\" class=\"elementor elementor-1346\" data-elementor-settings=\"[]\">\n\t\t\t\t\t\t\t<div class=\"elementor-section-wrap\">\n\t\t\t\t\t\t\t<section class=\"elementor-section elementor-top-section elementor-element elementor-element-a222106 elementor-section-boxed elementor-section-height-default elementor-section-height-default\" data-id=\"a222106\" data-element_type=\"section\">\n\t\t\t\t\t\t<div class=\"elementor-container elementor-column-gap-default\">\n\t\t\t\t\t<div class=\"elementor-column elementor-col-100 elementor-top-column elementor-element elementor-element-b484c9d\" data-id=\"b484c9d\" data-element_type=\"column\">\n\t\t\t<div class=\"elementor-widget-wrap elementor-element-populated\">\n\t\t\t\t\t\t\t\t<div class=\"elementor-element elementor-element-ad3b077 elementor-widget elementor-widget-spacer\" data-id=\"ad3b077\" data-element_type=\"widget\" data-widget_type=\"spacer.default\">\n\t\t\t\t<div class=\"elementor-widget-container\">\n\t\t\t\t\t<div class=\"elementor-spacer\">\n\t\t\t<div class=\"elementor-spacer-inner\"><\/div>\n\t\t<\/div>\n\t\t\t\t<\/div>\n\t\t\t\t<\/div>\n\t\t\t\t\t<\/div>\n\t\t<\/div>\n\t\t\t\t\t\t\t<\/div>\n\t\t<\/section>\n\t\t\t\t<section class=\"elementor-section elementor-top-section elementor-element elementor-element-3fa96705 elementor-section-boxed elementor-section-height-default elementor-section-height-default\" data-id=\"3fa96705\" data-element_type=\"section\">\n\t\t\t\t\t\t<div class=\"elementor-container elementor-column-gap-default\">\n\t\t\t\t\t<div class=\"elementor-column elementor-col-100 elementor-top-column elementor-element elementor-element-5416b008\" data-id=\"5416b008\" data-element_type=\"column\">\n\t\t\t<div class=\"elementor-widget-wrap elementor-element-populated\">\n\t\t\t\t\t\t\t\t<div class=\"elementor-element elementor-element-d9de86f elementor-widget elementor-widget-text-editor\" data-id=\"d9de86f\" data-element_type=\"widget\" data-widget_type=\"text-editor.default\">\n\t\t\t\t<div class=\"elementor-widget-container\">\n\t\t\t\t\t\t\t<!-- wp:paragraph -->\n<p><strong>LOS PREPARATIVOS DE LA CORONACION<\/strong><\/p>\n<!-- \/wp:paragraph -->\n\n<!-- wp:paragraph -->\n<p>El primero de mayo de 1933, los Excmos. y Rmos. Prelados de la Rep\u00fablica, Monse\u00f1or Luis Durou y Sure, Arzobispo de Guatemala y Monse\u00f1or Jorge Garc\u00eda y Caballeros, Obispo de los Altos, en una Pastoral colectiva anunciaron a los fieles la gracia concedida por su Santidad de poder Coronar a la Virgen del Rosario de Santo Domingo y los exhortan a que se alegren en el Se\u00f1or por tan fausta noticia y le den las m\u00e1s rendidas gracias. Hacen tambi\u00e9n un poco de historia de la Imagen y es el primer documento eclesi\u00e1stico, que sepamos, habla de la Virgen del Rosario como Patrona de Guatemala.Los preparativos para la Coronaci\u00f3n de la Imagen se organizaron con m\u00e1s de una a\u00f1o de anticipaci\u00f3n por un comit\u00e9 espec\u00edfico integrado por miembros relevantes de la sociedad de la \u00e9poca, Asociaciones religiosas del Templo Dominico, presidido por la Cofrad\u00eda del Rosario, cuya labor esta consagrada a velar por el culto a la Imagen de la Virgen del Rosario y propagar la devoci\u00f3n del rezo del Santo Rosario.La celebraci\u00f3n de la Coronaci\u00f3n no fue \u00fanicamente una fiesta llena de alegr\u00eda y emotividad, tambi\u00e9n se organiz\u00f3 una cruzada general del Rosario en Guatemala, tanto los Frailes Dominicos como los miembros de las agrupaciones religiosas trataron de acercar a la mayor cantidad de fieles y prepararlos espiritualmente para comprender la importancia de la Coronaci\u00f3n Pontifical concedida a la Imagen de la Virgen del Rosario.El principal impulsor de la Coronaci\u00f3n fue el padre Raymundo Mart\u00edn, promovido por su aut\u00e9ntica religiosidad y profunda devoci\u00f3n a la Virgen en su advocaci\u00f3n del Rosario.Gracias a la devoci\u00f3n tributada a la Sant\u00edsima Virgen a trav\u00e9s de varias generaciones, ya se contaba con una magn\u00edfica Corona de Oro procedente de Antigua Guatemala por lo que no fue necesario confeccionar una nueva y fue la elegida para llevar a cabo la ceremonia de Coronaci\u00f3n la cual con anterioridad fue hermoseada y enriquecida con nuevas joyas, y de acuerdo a inscripci\u00f3n en el interior de la misma, se sabe que fue elaborada en 1768 siendo Mayordomo de la Cofrad\u00eda D. Francisco de Barrutia, confeccionada con auspicio de dinero recogido de limosna. Esta corona valuada por orden del Gobierno en noviembre de 1831, pesaba \u201cnueve marcos y seis onzas\u201d, que son cuatro libras catorce onzas\u2026 de manera, dicen los comisionados, que en realidad su importancia la tiene en la hechura. Cuentan que en el a\u00f1o de 1833 desapareci\u00f3, que anduvo rodando por las mesas de juego, y que el jugador que la gan\u00f3 la vendi\u00f3 por poca cosa a un se\u00f1or Urruela; que este se\u00f1or la compr\u00f3 con intenci\u00f3n de volv\u00e9rsela a la Virgen al ser restaurado el Convento, y al entreg\u00e1rsela a los Padres, \u00e9stos en agradecimiento le obsequiaron un potrero que estaba anexo al Convento, que despu\u00e9s se llam\u00f3 el Potrero de Urruela. Al ser disueltas las comunidades religiosas de varones, el 7 de junio de 1872, el P. Fr. Jos\u00e9 Casamitjana, \u00faltimo Prior de Santo Domingo, se la llev\u00f3 para Barcelona; en el viaje que hizo a Europa el P. Riveiro en 1890, visit\u00f3 al P. Casamitjana, y \u00e9ste le entreg\u00f3 la Corona para que la regresara a Guatemala y as\u00ed lo hizo, siendo esta Corona con la que fue Coronada la Sant\u00edsima Virgen del Rosario, asimismo la Chispa fue compuesta por don Benjam\u00edn Granados, para que la Virgen saliera con ella en la procesi\u00f3n del d\u00eda de la Coronaci\u00f3n.Dentro de los elementos de joyer\u00eda que tambi\u00e9n fueron obsequiados para que la Virgen del Rosario los estrenara el d\u00eda de su Coronaci\u00f3n y luciera revestida como Madre, Reina y Patrona de la Rep\u00fablica de Guatemala, se encuentran: el Cetro, el Rosario de Oro de los 15 Misterios que es rematado por el bell\u00edsimo crucifijo obsequio de el Papa Pio XI, los Broches de la Capa y el Resplandor del Ni\u00f1o Dios.<\/p>\n<!-- \/wp:paragraph -->\t\t\t\t\t\t<\/div>\n\t\t\t\t<\/div>\n\t\t\t\t\t<\/div>\n\t\t<\/div>\n\t\t\t\t\t\t\t<\/div>\n\t\t<\/section>\n\t\t\t\t\t\t<\/div>\n\t\t\t\t\t<\/div>\n\t\t","protected":false},"excerpt":{"rendered":"<p>LOS PREPARATIVOS DE LA CORONACION El primero de mayo de 1933, los Excmos. y Rmos. Prelados de la Rep\u00fablica, Monse\u00f1or Luis Durou y Sure, Arzobispo de Guatemala y Monse\u00f1or Jorge [&hellip;]<\/p>\n","protected":false},"author":2,"featured_media":0,"parent":0,"menu_order":0,"comment_status":"closed","ping_status":"closed","template":"","meta":{"om_disable_all_campaigns":false,"_monsterinsights_skip_tracking":false,"_monsterinsights_sitenote_active":false,"_monsterinsights_sitenote_note":"","_monsterinsights_sitenote_category":0,"site-sidebar-layout":"default","site-content-layout":"default","ast-site-content-layout":"","site-content-style":"default","site-sidebar-style":"default","ast-global-header-display":"","ast-banner-title-visibility":"","ast-main-header-display":"","ast-hfb-above-header-display":"","ast-hfb-below-header-display":"","ast-hfb-mobile-header-display":"","site-post-title":"","ast-breadcrumbs-content":"","ast-featured-img":"","footer-sml-layout":"","theme-transparent-header-meta":"default","adv-header-id-meta":"","stick-header-meta":"","header-above-stick-meta":"","header-main-stick-meta":"","header-below-stick-meta":"","astra-migrate-meta-layouts":"default","ast-page-background-enabled":"default","ast-page-background-meta":{"desktop":{"background-color":"","background-image":"","background-repeat":"repeat","background-position":"center center","background-size":"auto","background-attachment":"scroll","background-type":"","background-media":"","overlay-type":"","overlay-color":"","overlay-opacity":"","overlay-gradient":""},"tablet":{"background-color":"","background-image":"","background-repeat":"repeat","background-position":"center center","background-size":"auto","background-attachment":"scroll","background-type":"","background-media":"","overlay-type":"","overlay-color":"","overlay-opacity":"","overlay-gradient":""},"mobile":{"background-color":"","background-image":"","background-repeat":"repeat","background-position":"center center","background-size":"auto","background-attachment":"scroll","background-type":"","background-media":"","overlay-type":"","overlay-color":"","overlay-opacity":"","overlay-gradient":""}},"ast-content-background-meta":{"desktop":{"background-color":"var(--ast-global-color-5)","background-image":"","background-repeat":"repeat","background-position":"center center","background-size":"auto","background-attachment":"scroll","background-type":"","background-media":"","overlay-type":"","overlay-color":"","overlay-opacity":"","overlay-gradient":""},"tablet":{"background-color":"var(--ast-global-color-5)","background-image":"","background-repeat":"repeat","background-position":"center center","background-size":"auto","background-attachment":"scroll","background-type":"","background-media":"","overlay-type":"","overlay-color":"","overlay-opacity":"","overlay-gradient":""},"mobile":{"background-color":"var(--ast-global-color-5)","background-image":"","background-repeat":"repeat","background-position":"center center","background-size":"auto","background-attachment":"scroll","background-type":"","background-media":"","overlay-type":"","overlay-color":"","overlay-opacity":"","overlay-gradient":""}},"spay_email":"","footnotes":""},"class_list":["post-1346","page","type-page","status-publish","hentry"],"jetpack-related-posts":[{"id":896,"url":"https:\/\/cofradiasantorosario.org.gt\/index.php\/los-preparativos-para-la-coronacion\/","url_meta":{"origin":1346,"position":0},"title":"Los preparativos para la coronaci\u00f3n","date":"septiembre 16, 2021","format":false,"excerpt":"El primero de mayo de 1933, los Excmos. y Rmos. Prelados de la Rep\u00fablica, Monse\u00f1or Luis Durou y Sure, Arzobispo de Guatemala y Monse\u00f1or Jorge Garc\u00eda y Caballeros, Obispo de los Altos, en una Pastoral colectiva anunciaron a los fieles la gracia concedida por su Santidad de poder Coronar a\u2026","rel":"","context":"Similar post","img":{"alt_text":"","src":"","width":0,"height":0},"classes":[]},{"id":1309,"url":"https:\/\/cofradiasantorosario.org.gt\/index.php\/historia\/","url_meta":{"origin":1346,"position":1},"title":"Historia","date":"septiembre 21, 2021","format":false,"excerpt":"Historia de la Virgen de Plata Conoce aqu\u00ed la historia de la Imagen de Plata de la Virgen del Rosario\u00a0Ver mas La coronaci\u00f3n pontificia CR\u00d3NICAS DE LA CORONACI\u00d3N PONTIFICA DE LA SANT\u00cdSIMA VIRGEN DEL ROSARIO.Ver mas LOS PREPARATIVOS DE LA CORONACI\u00d3NVer mas EL ACONTECIMIENTO HISTORICO DE LA CORONACI\u00d3N\u00a0\u00a0Ver mas JOYAS\u2026","rel":"","context":"Similar post","img":{"alt_text":"","src":"https:\/\/i2.wp.com\/cofradiasantorosario.org.gt\/wp-content\/uploads\/2021\/09\/PORTADAS-HISTORIA-scaled.jpg?resize=350%2C200","width":350,"height":200},"classes":[]},{"id":907,"url":"https:\/\/cofradiasantorosario.org.gt\/index.php\/el-acontecimiento-historico-de-la-coronacion\/","url_meta":{"origin":1346,"position":2},"title":"EL ACONTECIMIENTO HISTORICO DE LA CORONACI\u00d3N","date":"septiembre 16, 2021","format":false,"excerpt":"El d\u00eda 28 de enero de 1934 tuvo lugar en la ciudad de Guatemala uno de los acontecimientos religiosos de m\u00e1s relieve y m\u00e1s conmovedores en los m\u00e1s de cuatrocientos a\u00f1os de Cristianismo. El d\u00eda 28 de enero del a\u00f1o 1934 cay\u00f3 precisamente en domingo, no tuvimos la dicha de\u2026","rel":"","context":"Similar post","img":{"alt_text":"","src":"","width":0,"height":0},"classes":[]},{"id":1335,"url":"https:\/\/cofradiasantorosario.org.gt\/index.php\/1335-2\/","url_meta":{"origin":1346,"position":3},"title":"CR\u00d3NICAS DE LA CORONACI\u00d3N PONTIFICA\u2026","date":"septiembre 21, 2021","format":false,"excerpt":"CR\u00d3NICAS DE LA CORONACI\u00d3N PONTIFICA DE LA SANT\u00cdSIMA VIRGEN DEL ROSARIO. \"MADRE, REINA Y PATRONA DE LA REP\u00daBLICA DE GUATEMALA\" LAS PETICIONES Y EL DECRETO PONTIFICIO DE LA CORONACION DE LA VIRGEN Guatemala es un pueblo eminentemente religioso y mariano; mariano hasta la m\u00e9dula. Guatemala es devot\u00edsima de la Virgen\u2026","rel":"","context":"Similar post","img":{"alt_text":"","src":"","width":0,"height":0},"classes":[]},{"id":1355,"url":"https:\/\/cofradiasantorosario.org.gt\/index.php\/1355-2\/","url_meta":{"origin":1346,"position":4},"title":"EL ACONTECIMIENTO HISTORICO DE LA\u2026","date":"septiembre 21, 2021","format":false,"excerpt":"EL ACONTECIMIENTO HISTORICO DE LA CORONACION El d\u00eda 28 de enero de 1934 tuvo lugar en la ciudad de Guatemala uno de los acontecimientos religiosos de m\u00e1s relieve y m\u00e1s conmovedores en los m\u00e1s de cuatrocientos a\u00f1os de Cristianismo.El d\u00eda 28 de enero del a\u00f1o 1934 cay\u00f3 precisamente en domingo,\u2026","rel":"","context":"Similar post","img":{"alt_text":"","src":"","width":0,"height":0},"classes":[]},{"id":916,"url":"https:\/\/cofradiasantorosario.org.gt\/index.php\/joyas-pontificias\/","url_meta":{"origin":1346,"position":5},"title":"Joyas Pontificias","date":"septiembre 16, 2021","format":false,"excerpt":"La bula pontificia, requer\u00eda que la imagen fuera coronada con una corona de oro. La Virgen del Rosario pose\u00eda una desde 1700, mas debido a las expropiaciones, y para evitar cualquier saqueo o robo, fue enviada a Espa\u00f1a, bajo custodia de la Orden Dominica. \u00a0 Para el acto se utiliz\u00f3\u2026","rel":"","context":"Similar post","img":{"alt_text":"","src":"","width":0,"height":0},"classes":[]}],"_links":{"self":[{"href":"https:\/\/cofradiasantorosario.org.gt\/index.php\/wp-json\/wp\/v2\/pages\/1346","targetHints":{"allow":["GET"]}}],"collection":[{"href":"https:\/\/cofradiasantorosario.org.gt\/index.php\/wp-json\/wp\/v2\/pages"}],"about":[{"href":"https:\/\/cofradiasantorosario.org.gt\/index.php\/wp-json\/wp\/v2\/types\/page"}],"author":[{"embeddable":true,"href":"https:\/\/cofradiasantorosario.org.gt\/index.php\/wp-json\/wp\/v2\/users\/2"}],"replies":[{"embeddable":true,"href":"https:\/\/cofradiasantorosario.org.gt\/index.php\/wp-json\/wp\/v2\/comments?post=1346"}],"version-history":[{"count":5,"href":"https:\/\/cofradiasantorosario.org.gt\/index.php\/wp-json\/wp\/v2\/pages\/1346\/revisions"}],"predecessor-version":[{"id":1351,"href":"https:\/\/cofradiasantorosario.org.gt\/index.php\/wp-json\/wp\/v2\/pages\/1346\/revisions\/1351"}],"wp:attachment":[{"href":"https:\/\/cofradiasantorosario.org.gt\/index.php\/wp-json\/wp\/v2\/media?parent=1346"}],"curies":[{"name":"wp","href":"https:\/\/api.w.org\/{rel}","templated":true}]}}