{"id":1335,"date":"2021-09-21T13:52:21","date_gmt":"2021-09-21T19:52:21","guid":{"rendered":"https:\/\/cofradiasantorosario.org.gt\/?page_id=1335"},"modified":"2021-09-21T13:55:17","modified_gmt":"2021-09-21T19:55:17","slug":"1335-2","status":"publish","type":"page","link":"https:\/\/cofradiasantorosario.org.gt\/index.php\/1335-2\/","title":{"rendered":""},"content":{"rendered":"\t\t<div data-elementor-type=\"wp-page\" data-elementor-id=\"1335\" class=\"elementor elementor-1335\" data-elementor-settings=\"[]\">\n\t\t\t\t\t\t\t<div class=\"elementor-section-wrap\">\n\t\t\t\t\t\t\t<section class=\"elementor-section elementor-top-section elementor-element elementor-element-a2b1197 elementor-section-boxed elementor-section-height-default elementor-section-height-default\" data-id=\"a2b1197\" data-element_type=\"section\">\n\t\t\t\t\t\t<div class=\"elementor-container elementor-column-gap-default\">\n\t\t\t\t\t<div class=\"elementor-column elementor-col-100 elementor-top-column elementor-element elementor-element-4e99493\" data-id=\"4e99493\" data-element_type=\"column\">\n\t\t\t<div class=\"elementor-widget-wrap elementor-element-populated\">\n\t\t\t\t\t\t\t\t<div class=\"elementor-element elementor-element-5ff3096 elementor-widget elementor-widget-spacer\" data-id=\"5ff3096\" data-element_type=\"widget\" data-widget_type=\"spacer.default\">\n\t\t\t\t<div class=\"elementor-widget-container\">\n\t\t\t\t\t<div class=\"elementor-spacer\">\n\t\t\t<div class=\"elementor-spacer-inner\"><\/div>\n\t\t<\/div>\n\t\t\t\t<\/div>\n\t\t\t\t<\/div>\n\t\t\t\t\t<\/div>\n\t\t<\/div>\n\t\t\t\t\t\t\t<\/div>\n\t\t<\/section>\n\t\t\t\t<section class=\"elementor-section elementor-top-section elementor-element elementor-element-5abbad81 elementor-section-boxed elementor-section-height-default elementor-section-height-default\" data-id=\"5abbad81\" data-element_type=\"section\">\n\t\t\t\t\t\t<div class=\"elementor-container elementor-column-gap-default\">\n\t\t\t\t\t<div class=\"elementor-column elementor-col-100 elementor-top-column elementor-element elementor-element-177851fc\" data-id=\"177851fc\" data-element_type=\"column\">\n\t\t\t<div class=\"elementor-widget-wrap elementor-element-populated\">\n\t\t\t\t\t\t\t\t<div class=\"elementor-element elementor-element-4c373810 elementor-widget elementor-widget-text-editor\" data-id=\"4c373810\" data-element_type=\"widget\" data-widget_type=\"text-editor.default\">\n\t\t\t\t<div class=\"elementor-widget-container\">\n\t\t\t\t\t\t\t<!-- wp:paragraph -->\n<p><strong>CR\u00d3NICAS DE LA CORONACI\u00d3N PONTIFICA DE LA SANT\u00cdSIMA VIRGEN DEL ROSARIO. &#8220;MADRE, REINA Y PATRONA DE LA REP\u00daBLICA DE GUATEMALA&#8221; LAS PETICIONES Y EL DECRETO PONTIFICIO DE LA CORONACION DE LA VIRGEN<\/strong><\/p>\n<!-- \/wp:paragraph -->\n\n<!-- wp:paragraph -->\n<p>Guatemala es un pueblo eminentemente religioso y mariano; mariano hasta la m\u00e9dula. Guatemala es devot\u00edsima de la Virgen Mar\u00eda, a quien invoca siempre con el Rosario en la mano, gracias a la predicaci\u00f3n de los Frailes Dominicos que llegaron a Guatemala en 1529, con el Padre Betanzos. M\u00e1s a\u00fan: La Virgen del Rosario fue Patrona de Guatemala desde el a\u00f1o 1651, por haber sido tan patente el auxilio de la Virgen del Rosario con motivo de los grandes temblores que en ese a\u00f1o sacudieron a Guatemala, el Ayuntamiento de la Capital jur\u00f3 en sesi\u00f3n solemne a la Virgen del Rosario por Patrona de la Capital. Ese juramento se repiti\u00f3 en los a\u00f1os de 1670, 1717, 1724, 1789. 1811, 1831, 1839\u2026siempre por el mismo motivo. Y por fin el Gobierno de la Rep\u00fablica en septiembre de 1843 tambi\u00e9n reconoci\u00f3 el Patronato de la Virgen del Rosario, Jurada patrona de las almas del Estado, concediendo el Sr. Presidente de la Rep\u00fablica, Don Rafael Carrera la ordenanza de \u201cuna gran salva de artiller\u00eda para el primer domingo de octubre por celebrarse la Sant\u00edsima Virgen del Rosario, jurada Patrona de las almas del Estado\u201d y dirigiendo a la vez invitaci\u00f3n al Vicario General del Arzobispado, Can\u00f3nigo M. I. Se\u00f1or D. Antonio Larraz\u00e1bal para que si lo tuviera a bien, se sirva dar la orden correspondiente, a fin que al hacerse la salva, se d\u00e9 un repique solemne en la Santa I. Catedral.Por todo esto, por este constante auxilio de la Virgen Mar\u00eda, por este fervor religioso mariano, por esta popular devoci\u00f3n a la Virgen del Rosario, naci\u00f3 y creci\u00f3 el deseo popular de que si la Virgen del Rosario era la Patrona de Guatemala, era preciso, indispensable, que su Imagen fuera coronada con la mayor solemnidad por el Papa.En 1930, se resolvi\u00f3 llevarla a la pr\u00e1ctica, y recogidos esos populares deseos del pueblo de Guatemala, y canalizados a trav\u00e9s de las Autoridades tanto Religiosas como Civiles, fueron enviados al Papa P\u00edo XI el 20 de agosto de 1931, y el Papa P\u00edo XI se dign\u00f3 satisfacer los deseos del pueblo de Guatemala y los deseos, sin duda, de la Sant\u00edsima Virgen del Rosario y con fecha 16 de octubre de 1931 otorg\u00f3 el Decreto para que la Imagen de la Virgen del Rosario fuera Coronada con Corona de Oro.<\/p>\n<!-- \/wp:paragraph -->\t\t\t\t\t\t<\/div>\n\t\t\t\t<\/div>\n\t\t\t\t\t<\/div>\n\t\t<\/div>\n\t\t\t\t\t\t\t<\/div>\n\t\t<\/section>\n\t\t\t\t\t\t<\/div>\n\t\t\t\t\t<\/div>\n\t\t","protected":false},"excerpt":{"rendered":"<p>CR\u00d3NICAS DE LA CORONACI\u00d3N PONTIFICA DE LA SANT\u00cdSIMA VIRGEN DEL ROSARIO. &#8220;MADRE, REINA Y PATRONA DE LA REP\u00daBLICA DE GUATEMALA&#8221; LAS PETICIONES Y EL DECRETO PONTIFICIO DE LA CORONACION DE [&hellip;]<\/p>\n","protected":false},"author":2,"featured_media":0,"parent":0,"menu_order":0,"comment_status":"closed","ping_status":"closed","template":"","meta":{"om_disable_all_campaigns":false,"_monsterinsights_skip_tracking":false,"_monsterinsights_sitenote_active":false,"_monsterinsights_sitenote_note":"","_monsterinsights_sitenote_category":0,"site-sidebar-layout":"default","site-content-layout":"default","ast-site-content-layout":"","site-content-style":"default","site-sidebar-style":"default","ast-global-header-display":"","ast-banner-title-visibility":"","ast-main-header-display":"","ast-hfb-above-header-display":"","ast-hfb-below-header-display":"","ast-hfb-mobile-header-display":"","site-post-title":"","ast-breadcrumbs-content":"","ast-featured-img":"","footer-sml-layout":"","theme-transparent-header-meta":"default","adv-header-id-meta":"","stick-header-meta":"","header-above-stick-meta":"","header-main-stick-meta":"","header-below-stick-meta":"","astra-migrate-meta-layouts":"default","ast-page-background-enabled":"default","ast-page-background-meta":{"desktop":{"background-color":"","background-image":"","background-repeat":"repeat","background-position":"center center","background-size":"auto","background-attachment":"scroll","background-type":"","background-media":"","overlay-type":"","overlay-color":"","overlay-opacity":"","overlay-gradient":""},"tablet":{"background-color":"","background-image":"","background-repeat":"repeat","background-position":"center center","background-size":"auto","background-attachment":"scroll","background-type":"","background-media":"","overlay-type":"","overlay-color":"","overlay-opacity":"","overlay-gradient":""},"mobile":{"background-color":"","background-image":"","background-repeat":"repeat","background-position":"center center","background-size":"auto","background-attachment":"scroll","background-type":"","background-media":"","overlay-type":"","overlay-color":"","overlay-opacity":"","overlay-gradient":""}},"ast-content-background-meta":{"desktop":{"background-color":"var(--ast-global-color-5)","background-image":"","background-repeat":"repeat","background-position":"center center","background-size":"auto","background-attachment":"scroll","background-type":"","background-media":"","overlay-type":"","overlay-color":"","overlay-opacity":"","overlay-gradient":""},"tablet":{"background-color":"var(--ast-global-color-5)","background-image":"","background-repeat":"repeat","background-position":"center center","background-size":"auto","background-attachment":"scroll","background-type":"","background-media":"","overlay-type":"","overlay-color":"","overlay-opacity":"","overlay-gradient":""},"mobile":{"background-color":"var(--ast-global-color-5)","background-image":"","background-repeat":"repeat","background-position":"center center","background-size":"auto","background-attachment":"scroll","background-type":"","background-media":"","overlay-type":"","overlay-color":"","overlay-opacity":"","overlay-gradient":""}},"spay_email":"","footnotes":""},"class_list":["post-1335","page","type-page","status-publish","hentry"],"jetpack-related-posts":[{"id":896,"url":"https:\/\/cofradiasantorosario.org.gt\/index.php\/los-preparativos-para-la-coronacion\/","url_meta":{"origin":1335,"position":0},"title":"Los preparativos para la coronaci\u00f3n","date":"septiembre 16, 2021","format":false,"excerpt":"El primero de mayo de 1933, los Excmos. y Rmos. Prelados de la Rep\u00fablica, Monse\u00f1or Luis Durou y Sure, Arzobispo de Guatemala y Monse\u00f1or Jorge Garc\u00eda y Caballeros, Obispo de los Altos, en una Pastoral colectiva anunciaron a los fieles la gracia concedida por su Santidad de poder Coronar a\u2026","rel":"","context":"Similar post","img":{"alt_text":"","src":"","width":0,"height":0},"classes":[]},{"id":1346,"url":"https:\/\/cofradiasantorosario.org.gt\/index.php\/elementor-1346\/","url_meta":{"origin":1335,"position":1},"title":"LOS PREPARATIVOS DE LA CORONACION\u2026","date":"septiembre 21, 2021","format":false,"excerpt":"LOS PREPARATIVOS DE LA CORONACION El primero de mayo de 1933, los Excmos. y Rmos. Prelados de la Rep\u00fablica, Monse\u00f1or Luis Durou y Sure, Arzobispo de Guatemala y Monse\u00f1or Jorge Garc\u00eda y Caballeros, Obispo de los Altos, en una Pastoral colectiva anunciaron a los fieles la gracia concedida por su\u2026","rel":"","context":"Similar post","img":{"alt_text":"","src":"","width":0,"height":0},"classes":[]},{"id":907,"url":"https:\/\/cofradiasantorosario.org.gt\/index.php\/el-acontecimiento-historico-de-la-coronacion\/","url_meta":{"origin":1335,"position":2},"title":"EL ACONTECIMIENTO HISTORICO DE LA CORONACI\u00d3N","date":"septiembre 16, 2021","format":false,"excerpt":"El d\u00eda 28 de enero de 1934 tuvo lugar en la ciudad de Guatemala uno de los acontecimientos religiosos de m\u00e1s relieve y m\u00e1s conmovedores en los m\u00e1s de cuatrocientos a\u00f1os de Cristianismo. El d\u00eda 28 de enero del a\u00f1o 1934 cay\u00f3 precisamente en domingo, no tuvimos la dicha de\u2026","rel":"","context":"Similar post","img":{"alt_text":"","src":"","width":0,"height":0},"classes":[]},{"id":1309,"url":"https:\/\/cofradiasantorosario.org.gt\/index.php\/historia\/","url_meta":{"origin":1335,"position":3},"title":"Historia","date":"septiembre 21, 2021","format":false,"excerpt":"Historia de la Virgen de Plata Conoce aqu\u00ed la historia de la Imagen de Plata de la Virgen del Rosario\u00a0Ver mas La coronaci\u00f3n pontificia CR\u00d3NICAS DE LA CORONACI\u00d3N PONTIFICA DE LA SANT\u00cdSIMA VIRGEN DEL ROSARIO.Ver mas LOS PREPARATIVOS DE LA CORONACI\u00d3NVer mas EL ACONTECIMIENTO HISTORICO DE LA CORONACI\u00d3N\u00a0\u00a0Ver mas JOYAS\u2026","rel":"","context":"Similar post","img":{"alt_text":"","src":"https:\/\/i2.wp.com\/cofradiasantorosario.org.gt\/wp-content\/uploads\/2021\/09\/PORTADAS-HISTORIA-scaled.jpg?resize=350%2C200","width":350,"height":200},"classes":[]},{"id":1355,"url":"https:\/\/cofradiasantorosario.org.gt\/index.php\/1355-2\/","url_meta":{"origin":1335,"position":4},"title":"EL ACONTECIMIENTO HISTORICO DE LA\u2026","date":"septiembre 21, 2021","format":false,"excerpt":"EL ACONTECIMIENTO HISTORICO DE LA CORONACION El d\u00eda 28 de enero de 1934 tuvo lugar en la ciudad de Guatemala uno de los acontecimientos religiosos de m\u00e1s relieve y m\u00e1s conmovedores en los m\u00e1s de cuatrocientos a\u00f1os de Cristianismo.El d\u00eda 28 de enero del a\u00f1o 1934 cay\u00f3 precisamente en domingo,\u2026","rel":"","context":"Similar post","img":{"alt_text":"","src":"","width":0,"height":0},"classes":[]},{"id":856,"url":"https:\/\/cofradiasantorosario.org.gt\/index.php\/historia-virgen-plata\/","url_meta":{"origin":1335,"position":5},"title":"Historia de la Virgen de Plata","date":"septiembre 16, 2021","format":false,"excerpt":"Historia de la Virgen del Rosario El dominico padre L\u00f3pez de Montoya, fue uno de los primeros predicadores dominicos por estas tierras. Era un hombre de mucha devoci\u00f3n y fue un gran devoto del rosario. Por su gran entusiasmo por el rosario y con la generosidad del pueblo guatemalteco, para\u2026","rel":"","context":"Similar post","img":{"alt_text":"","src":"","width":0,"height":0},"classes":[]}],"_links":{"self":[{"href":"https:\/\/cofradiasantorosario.org.gt\/index.php\/wp-json\/wp\/v2\/pages\/1335","targetHints":{"allow":["GET"]}}],"collection":[{"href":"https:\/\/cofradiasantorosario.org.gt\/index.php\/wp-json\/wp\/v2\/pages"}],"about":[{"href":"https:\/\/cofradiasantorosario.org.gt\/index.php\/wp-json\/wp\/v2\/types\/page"}],"author":[{"embeddable":true,"href":"https:\/\/cofradiasantorosario.org.gt\/index.php\/wp-json\/wp\/v2\/users\/2"}],"replies":[{"embeddable":true,"href":"https:\/\/cofradiasantorosario.org.gt\/index.php\/wp-json\/wp\/v2\/comments?post=1335"}],"version-history":[{"count":8,"href":"https:\/\/cofradiasantorosario.org.gt\/index.php\/wp-json\/wp\/v2\/pages\/1335\/revisions"}],"predecessor-version":[{"id":1700,"href":"https:\/\/cofradiasantorosario.org.gt\/index.php\/wp-json\/wp\/v2\/pages\/1335\/revisions\/1700"}],"wp:attachment":[{"href":"https:\/\/cofradiasantorosario.org.gt\/index.php\/wp-json\/wp\/v2\/media?parent=1335"}],"curies":[{"name":"wp","href":"https:\/\/api.w.org\/{rel}","templated":true}]}}