{"id":1300,"date":"2021-09-21T12:26:19","date_gmt":"2021-09-21T18:26:19","guid":{"rendered":"https:\/\/cofradiasantorosario.org.gt\/?page_id=1300"},"modified":"2021-09-27T10:13:18","modified_gmt":"2021-09-27T16:13:18","slug":"santo-del-dia","status":"publish","type":"page","link":"https:\/\/cofradiasantorosario.org.gt\/index.php\/santo-del-dia\/","title":{"rendered":"Santo del Dia"},"content":{"rendered":"\t\t<div data-elementor-type=\"wp-page\" data-elementor-id=\"1300\" class=\"elementor elementor-1300\" data-elementor-settings=\"[]\">\n\t\t\t\t\t\t\t<div class=\"elementor-section-wrap\">\n\t\t\t\t\t\t\t<section class=\"elementor-section elementor-top-section elementor-element elementor-element-fda2070 elementor-section-boxed elementor-section-height-default elementor-section-height-default\" data-id=\"fda2070\" data-element_type=\"section\">\n\t\t\t\t\t\t<div class=\"elementor-container elementor-column-gap-default\">\n\t\t\t\t\t<div class=\"elementor-column elementor-col-100 elementor-top-column elementor-element elementor-element-3f794c2\" data-id=\"3f794c2\" data-element_type=\"column\">\n\t\t\t<div class=\"elementor-widget-wrap elementor-element-populated\">\n\t\t\t\t\t\t\t\t<div class=\"elementor-element elementor-element-f4cde66 elementor-widget elementor-widget-spacer\" data-id=\"f4cde66\" data-element_type=\"widget\" data-widget_type=\"spacer.default\">\n\t\t\t\t<div class=\"elementor-widget-container\">\n\t\t\t\t\t<div class=\"elementor-spacer\">\n\t\t\t<div class=\"elementor-spacer-inner\"><\/div>\n\t\t<\/div>\n\t\t\t\t<\/div>\n\t\t\t\t<\/div>\n\t\t\t\t\t<\/div>\n\t\t<\/div>\n\t\t\t\t\t\t\t<\/div>\n\t\t<\/section>\n\t\t\t\t<section class=\"elementor-section elementor-top-section elementor-element elementor-element-929bc1c elementor-section-boxed elementor-section-height-default elementor-section-height-default\" data-id=\"929bc1c\" data-element_type=\"section\">\n\t\t\t\t\t\t<div class=\"elementor-container elementor-column-gap-default\">\n\t\t\t\t\t<div class=\"elementor-column elementor-col-100 elementor-top-column elementor-element elementor-element-b4ac0d4\" data-id=\"b4ac0d4\" data-element_type=\"column\">\n\t\t\t<div class=\"elementor-widget-wrap elementor-element-populated\">\n\t\t\t\t\t\t\t\t<div class=\"elementor-element elementor-element-db63741 elementor-widget elementor-widget-image\" data-id=\"db63741\" data-element_type=\"widget\" data-widget_type=\"image.default\">\n\t\t\t\t<div class=\"elementor-widget-container\">\n\t\t\t\t\t\t\t\t\t\t\t\t\t\t\t<img loading=\"lazy\" decoding=\"async\" width=\"2560\" height=\"948\" src=\"https:\/\/i1.wp.com\/cofradiasantorosario.org.gt\/wp-content\/uploads\/2021\/09\/PORTADAS-COFRADIA-SANTO-WEB-scaled.jpg?fit=2560%2C948&amp;ssl=1\" class=\"attachment-full size-full\" alt=\"\" srcset=\"https:\/\/i1.wp.com\/cofradiasantorosario.org.gt\/wp-content\/uploads\/2021\/09\/PORTADAS-COFRADIA-SANTO-WEB-scaled.jpg?w=2560&amp;ssl=1 2560w, https:\/\/i1.wp.com\/cofradiasantorosario.org.gt\/wp-content\/uploads\/2021\/09\/PORTADAS-COFRADIA-SANTO-WEB-scaled.jpg?resize=300%2C111&amp;ssl=1 300w, https:\/\/i1.wp.com\/cofradiasantorosario.org.gt\/wp-content\/uploads\/2021\/09\/PORTADAS-COFRADIA-SANTO-WEB-scaled.jpg?resize=1024%2C379&amp;ssl=1 1024w, https:\/\/i1.wp.com\/cofradiasantorosario.org.gt\/wp-content\/uploads\/2021\/09\/PORTADAS-COFRADIA-SANTO-WEB-scaled.jpg?resize=768%2C284&amp;ssl=1 768w, https:\/\/i1.wp.com\/cofradiasantorosario.org.gt\/wp-content\/uploads\/2021\/09\/PORTADAS-COFRADIA-SANTO-WEB-scaled.jpg?resize=1536%2C569&amp;ssl=1 1536w, https:\/\/i1.wp.com\/cofradiasantorosario.org.gt\/wp-content\/uploads\/2021\/09\/PORTADAS-COFRADIA-SANTO-WEB-scaled.jpg?resize=2048%2C759&amp;ssl=1 2048w\" sizes=\"auto, (max-width: 1000px) 100vw, 1000px\" \/>\t\t\t\t\t\t\t\t\t\t\t\t\t\t\t<\/div>\n\t\t\t\t<\/div>\n\t\t\t\t\t<\/div>\n\t\t<\/div>\n\t\t\t\t\t\t\t<\/div>\n\t\t<\/section>\n\t\t\t\t<section class=\"elementor-section elementor-top-section elementor-element elementor-element-bccf7c3 elementor-section-boxed elementor-section-height-default elementor-section-height-default\" data-id=\"bccf7c3\" data-element_type=\"section\">\n\t\t\t\t\t\t<div class=\"elementor-container elementor-column-gap-default\">\n\t\t\t\t\t<div class=\"elementor-column elementor-col-100 elementor-top-column elementor-element elementor-element-b9554a3\" data-id=\"b9554a3\" data-element_type=\"column\">\n\t\t\t<div class=\"elementor-widget-wrap elementor-element-populated\">\n\t\t\t\t\t\t\t\t<div class=\"elementor-element elementor-element-a5af274 elementor-widget-divider--view-line elementor-widget elementor-widget-divider\" data-id=\"a5af274\" data-element_type=\"widget\" data-widget_type=\"divider.default\">\n\t\t\t\t<div class=\"elementor-widget-container\">\n\t\t\t\t\t<div class=\"elementor-divider\">\n\t\t\t<span class=\"elementor-divider-separator\">\n\t\t\t\t\t\t<\/span>\n\t\t<\/div>\n\t\t\t\t<\/div>\n\t\t\t\t<\/div>\n\t\t\t\t\t<\/div>\n\t\t<\/div>\n\t\t\t\t\t\t\t<\/div>\n\t\t<\/section>\n\t\t\t\t<section class=\"elementor-section elementor-top-section elementor-element elementor-element-9cbf05e elementor-section-boxed elementor-section-height-default elementor-section-height-default\" data-id=\"9cbf05e\" data-element_type=\"section\">\n\t\t\t\t\t\t<div class=\"elementor-container elementor-column-gap-default\">\n\t\t\t\t\t<div class=\"elementor-column elementor-col-100 elementor-top-column elementor-element elementor-element-dfcea53\" data-id=\"dfcea53\" data-element_type=\"column\">\n\t\t\t<div class=\"elementor-widget-wrap elementor-element-populated\">\n\t\t\t\t\t\t\t\t<div class=\"elementor-element elementor-element-8ece4b9 elementor-widget elementor-widget-accordion\" data-id=\"8ece4b9\" data-element_type=\"widget\" data-widget_type=\"accordion.default\">\n\t\t\t\t<div class=\"elementor-widget-container\">\n\t\t\t\t\t<div class=\"elementor-accordion\" role=\"tablist\">\n\t\t\t\t\t\t\t<div class=\"elementor-accordion-item\">\n\t\t\t\t\t<div id=\"elementor-tab-title-1491\" class=\"elementor-tab-title\" data-tab=\"1\" role=\"tab\" aria-controls=\"elementor-tab-content-1491\" aria-expanded=\"false\">\n\t\t\t\t\t\t\t\t\t\t\t\t\t<span class=\"elementor-accordion-icon elementor-accordion-icon-left\" aria-hidden=\"true\">\n\t\t\t\t\t\t\t\t\t\t\t\t\t\t\t<span class=\"elementor-accordion-icon-closed\"><i class=\"fas fa-plus\"><\/i><\/span>\n\t\t\t\t\t\t\t\t<span class=\"elementor-accordion-icon-opened\"><i class=\"fas fa-minus\"><\/i><\/span>\n\t\t\t\t\t\t\t\t\t\t\t\t\t\t<\/span>\n\t\t\t\t\t\t\t\t\t\t\t\t<a class=\"elementor-accordion-title\" href=\"\">Santa Teresa del Ni\u00f1o Jes\u00fas  ( 1 de Octubre)<\/a>\n\t\t\t\t\t<\/div>\n\t\t\t\t\t<div id=\"elementor-tab-content-1491\" class=\"elementor-tab-content elementor-clearfix\" data-tab=\"1\" role=\"tabpanel\" aria-labelledby=\"elementor-tab-title-1491\"><div class=\"text_open\"><p><img loading=\"lazy\" decoding=\"async\" class=\"aligncenter\" src=\"https:\/\/i2.wp.com\/www.aciprensa.com\/imagespp\/SantaTeresitaninoJesus_FotoDominioPuiblico_160518.jpg?resize=161%2C89&#038;ssl=1\" alt=\"Un d\u00eda como hoy hace 93 a\u00f1os, P\u00edo XI canoniz\u00f3 a Santa Teresita del Ni\u00f1o Jes\u00fas\" width=\"161\" height=\"89\" data-recalc-dims=\"1\" \/><\/p><p>Fue una religiosa que no destac\u00f3 entre las hermanas que conviv\u00edan con ella. Sin embargo, poco despu\u00e9s de su muerte, sus tres manuscritos se convirtieron en cl\u00e1sicos de la literatura espiritual. En especial su Historia de un alma, que recoge una doctrina rigurosamente evang\u00e9lica y ha sido traducido a m\u00faltiples idiomas.<\/p><p><a href=\"https:\/\/cofradiasantorosario.org.gt\/index.php\/2021\/09\/24\/1670\/\">Ver mas <\/a><\/p><\/div><p>\u00a0<\/p><\/div>\n\t\t\t\t<\/div>\n\t\t\t\t\t\t\t<div class=\"elementor-accordion-item\">\n\t\t\t\t\t<div id=\"elementor-tab-title-1492\" class=\"elementor-tab-title\" data-tab=\"2\" role=\"tab\" aria-controls=\"elementor-tab-content-1492\" aria-expanded=\"false\">\n\t\t\t\t\t\t\t\t\t\t\t\t\t<span class=\"elementor-accordion-icon elementor-accordion-icon-left\" aria-hidden=\"true\">\n\t\t\t\t\t\t\t\t\t\t\t\t\t\t\t<span class=\"elementor-accordion-icon-closed\"><i class=\"fas fa-plus\"><\/i><\/span>\n\t\t\t\t\t\t\t\t<span class=\"elementor-accordion-icon-opened\"><i class=\"fas fa-minus\"><\/i><\/span>\n\t\t\t\t\t\t\t\t\t\t\t\t\t\t<\/span>\n\t\t\t\t\t\t\t\t\t\t\t\t<a class=\"elementor-accordion-title\" href=\"\">Acorde\u00f3n #2<\/a>\n\t\t\t\t\t<\/div>\n\t\t\t\t\t<div id=\"elementor-tab-content-1492\" class=\"elementor-tab-content elementor-clearfix\" data-tab=\"2\" role=\"tabpanel\" aria-labelledby=\"elementor-tab-title-1492\">Lorem ipsum dolor sit amet, consectetur adipiscing elit. Ut elit tellus, luctus nec ullamcorper mattis, pulvinar dapibus leo.<\/div>\n\t\t\t\t<\/div>\n\t\t\t\t\t\t\t\t<\/div>\n\t\t\t\t<\/div>\n\t\t\t\t<\/div>\n\t\t\t\t\t<\/div>\n\t\t<\/div>\n\t\t\t\t\t\t\t<\/div>\n\t\t<\/section>\n\t\t\t\t\t\t<\/div>\n\t\t\t\t\t<\/div>\n\t\t","protected":false},"excerpt":{"rendered":"<p>Santa Teresa del Ni\u00f1o Jes\u00fas ( 1 de Octubre) Fue una religiosa que no destac\u00f3 entre las hermanas que conviv\u00edan con ella. Sin embargo, poco despu\u00e9s de su muerte, sus [&hellip;]<\/p>\n","protected":false},"author":2,"featured_media":0,"parent":0,"menu_order":0,"comment_status":"closed","ping_status":"closed","template":"","meta":{"om_disable_all_campaigns":false,"_monsterinsights_skip_tracking":false,"_monsterinsights_sitenote_active":false,"_monsterinsights_sitenote_note":"","_monsterinsights_sitenote_category":0,"site-sidebar-layout":"no-sidebar","site-content-layout":"page-builder","ast-site-content-layout":"","site-content-style":"default","site-sidebar-style":"default","ast-global-header-display":"","ast-banner-title-visibility":"","ast-main-header-display":"","ast-hfb-above-header-display":"","ast-hfb-below-header-display":"","ast-hfb-mobile-header-display":"","site-post-title":"disabled","ast-breadcrumbs-content":"","ast-featured-img":"disabled","footer-sml-layout":"","theme-transparent-header-meta":"default","adv-header-id-meta":"","stick-header-meta":"","header-above-stick-meta":"","header-main-stick-meta":"","header-below-stick-meta":"","astra-migrate-meta-layouts":"default","ast-page-background-enabled":"default","ast-page-background-meta":{"desktop":{"background-color":"","background-image":"","background-repeat":"repeat","background-position":"center center","background-size":"auto","background-attachment":"scroll","background-type":"","background-media":"","overlay-type":"","overlay-color":"","overlay-opacity":"","overlay-gradient":""},"tablet":{"background-color":"","background-image":"","background-repeat":"repeat","background-position":"center center","background-size":"auto","background-attachment":"scroll","background-type":"","background-media":"","overlay-type":"","overlay-color":"","overlay-opacity":"","overlay-gradient":""},"mobile":{"background-color":"","background-image":"","background-repeat":"repeat","background-position":"center center","background-size":"auto","background-attachment":"scroll","background-type":"","background-media":"","overlay-type":"","overlay-color":"","overlay-opacity":"","overlay-gradient":""}},"ast-content-background-meta":{"desktop":{"background-color":"var(--ast-global-color-5)","background-image":"","background-repeat":"repeat","background-position":"center center","background-size":"auto","background-attachment":"scroll","background-type":"","background-media":"","overlay-type":"","overlay-color":"","overlay-opacity":"","overlay-gradient":""},"tablet":{"background-color":"var(--ast-global-color-5)","background-image":"","background-repeat":"repeat","background-position":"center center","background-size":"auto","background-attachment":"scroll","background-type":"","background-media":"","overlay-type":"","overlay-color":"","overlay-opacity":"","overlay-gradient":""},"mobile":{"background-color":"var(--ast-global-color-5)","background-image":"","background-repeat":"repeat","background-position":"center center","background-size":"auto","background-attachment":"scroll","background-type":"","background-media":"","overlay-type":"","overlay-color":"","overlay-opacity":"","overlay-gradient":""}},"spay_email":"","footnotes":""},"class_list":["post-1300","page","type-page","status-publish","hentry"],"jetpack-related-posts":[{"id":1299,"url":"https:\/\/cofradiasantorosario.org.gt\/index.php\/asociasion-del-rosario-viviente\/","url_meta":{"origin":1300,"position":0},"title":"Asociasion del Rosario Viviente","date":"septiembre 21, 2021","format":false,"excerpt":"El Rosario VivienteFue fundado en Guatemala en el a\u00f1o de 1938. El Rosario Viviente est\u00e1 enfocado hacia los ni\u00f1os y les ayuda a aprender la devoci\u00f3n desde temprana edad. Los Ni\u00f1os Rezan solo un misterio cada d\u00eda, es una forma de fomentar el h\u00e1bito del rezo del Santo Rosario. Actualmente\u2026","rel":"","context":"Similar post","img":{"alt_text":"","src":"https:\/\/i1.wp.com\/cofradiasantorosario.org.gt\/wp-content\/uploads\/2021\/09\/PORTADAS-COFRADIA-VIVIENTE-WEB-1024x379.jpg?resize=350%2C200","width":350,"height":200},"classes":[]},{"id":1298,"url":"https:\/\/cofradiasantorosario.org.gt\/index.php\/asociacion-del-rosario-perpetuo\/","url_meta":{"origin":1300,"position":1},"title":"Asociaci\u00f3n del Rosario Perpetuo","date":"septiembre 21, 2021","format":false,"excerpt":"El Rosario PerpetuoFue fundada por el obispo Francisco Marroqu\u00edn el 1 de noviembre de 1559. Ha estado siempre bajo la custodia de los Frailes Dominicos por ser una entidad aneja a la Orden de Frailes Predicadores, es la primera Cofradia del Rosario en la Ciudad de Santiago de los Caballeros\u2026","rel":"","context":"Similar post","img":{"alt_text":"","src":"https:\/\/i2.wp.com\/cofradiasantorosario.org.gt\/wp-content\/uploads\/2021\/09\/PORTADAS-COFRADIA-PERPETUO-WEB-1024x379.jpg?resize=350%2C200","width":350,"height":200},"classes":[]},{"id":207,"url":"https:\/\/cofradiasantorosario.org.gt\/index.php\/classes\/","url_meta":{"origin":1300,"position":2},"title":"Classes","date":"febrero 1, 2021","format":false,"excerpt":"Recemos el rosario GUIA PARA REZAR EL SANTO ROSARIO\u00a0La se\u00f1al de la cruz\u00a0Por la se\u00f1al de la Santa Cruz, de nuestros enemigos l\u00edbranos Se\u00f1or Dios Nuestro.En el nombre del Padre, del Hijo y del Esp\u00edritu Santo.Acto de Contrici\u00f3nSe\u00f1or m\u00edo, Jesucristo, Dios y hombre verdadero, Creador, Padre y Redentor M\u00edo. Por\u2026","rel":"","context":"Similar post","img":{"alt_text":"","src":"https:\/\/i1.wp.com\/cofradiasantorosario.org.gt\/wp-content\/uploads\/2021\/09\/RECEMOS-EL-ROSARIO-1024x379.jpg?resize=350%2C200","width":350,"height":200},"classes":[]},{"id":856,"url":"https:\/\/cofradiasantorosario.org.gt\/index.php\/historia-virgen-plata\/","url_meta":{"origin":1300,"position":3},"title":"Historia de la Virgen de Plata","date":"septiembre 16, 2021","format":false,"excerpt":"Historia de la Virgen del Rosario El dominico padre L\u00f3pez de Montoya, fue uno de los primeros predicadores dominicos por estas tierras. Era un hombre de mucha devoci\u00f3n y fue un gran devoto del rosario. Por su gran entusiasmo por el rosario y con la generosidad del pueblo guatemalteco, para\u2026","rel":"","context":"Similar post","img":{"alt_text":"","src":"","width":0,"height":0},"classes":[]},{"id":896,"url":"https:\/\/cofradiasantorosario.org.gt\/index.php\/los-preparativos-para-la-coronacion\/","url_meta":{"origin":1300,"position":4},"title":"Los preparativos para la coronaci\u00f3n","date":"septiembre 16, 2021","format":false,"excerpt":"El primero de mayo de 1933, los Excmos. y Rmos. Prelados de la Rep\u00fablica, Monse\u00f1or Luis Durou y Sure, Arzobispo de Guatemala y Monse\u00f1or Jorge Garc\u00eda y Caballeros, Obispo de los Altos, en una Pastoral colectiva anunciaron a los fieles la gracia concedida por su Santidad de poder Coronar a\u2026","rel":"","context":"Similar post","img":{"alt_text":"","src":"","width":0,"height":0},"classes":[]},{"id":1346,"url":"https:\/\/cofradiasantorosario.org.gt\/index.php\/elementor-1346\/","url_meta":{"origin":1300,"position":5},"title":"LOS PREPARATIVOS DE LA CORONACION\u2026","date":"septiembre 21, 2021","format":false,"excerpt":"LOS PREPARATIVOS DE LA CORONACION El primero de mayo de 1933, los Excmos. y Rmos. Prelados de la Rep\u00fablica, Monse\u00f1or Luis Durou y Sure, Arzobispo de Guatemala y Monse\u00f1or Jorge Garc\u00eda y Caballeros, Obispo de los Altos, en una Pastoral colectiva anunciaron a los fieles la gracia concedida por su\u2026","rel":"","context":"Similar post","img":{"alt_text":"","src":"","width":0,"height":0},"classes":[]}],"_links":{"self":[{"href":"https:\/\/cofradiasantorosario.org.gt\/index.php\/wp-json\/wp\/v2\/pages\/1300","targetHints":{"allow":["GET"]}}],"collection":[{"href":"https:\/\/cofradiasantorosario.org.gt\/index.php\/wp-json\/wp\/v2\/pages"}],"about":[{"href":"https:\/\/cofradiasantorosario.org.gt\/index.php\/wp-json\/wp\/v2\/types\/page"}],"author":[{"embeddable":true,"href":"https:\/\/cofradiasantorosario.org.gt\/index.php\/wp-json\/wp\/v2\/users\/2"}],"replies":[{"embeddable":true,"href":"https:\/\/cofradiasantorosario.org.gt\/index.php\/wp-json\/wp\/v2\/comments?post=1300"}],"version-history":[{"count":26,"href":"https:\/\/cofradiasantorosario.org.gt\/index.php\/wp-json\/wp\/v2\/pages\/1300\/revisions"}],"predecessor-version":[{"id":1720,"href":"https:\/\/cofradiasantorosario.org.gt\/index.php\/wp-json\/wp\/v2\/pages\/1300\/revisions\/1720"}],"wp:attachment":[{"href":"https:\/\/cofradiasantorosario.org.gt\/index.php\/wp-json\/wp\/v2\/media?parent=1300"}],"curies":[{"name":"wp","href":"https:\/\/api.w.org\/{rel}","templated":true}]}}