{"id":13,"date":"2021-01-29T18:07:16","date_gmt":"2021-01-29T18:07:16","guid":{"rendered":"http:\/\/cofradiasantorosario.org.gt\/index.php\/about\/"},"modified":"2021-09-28T09:30:20","modified_gmt":"2021-09-28T15:30:20","slug":"about","status":"publish","type":"page","link":"https:\/\/cofradiasantorosario.org.gt\/index.php\/about\/","title":{"rendered":"About"},"content":{"rendered":"\t\t<div data-elementor-type=\"wp-page\" data-elementor-id=\"13\" class=\"elementor elementor-13\" data-elementor-settings=\"[]\">\n\t\t\t\t\t\t\t<div class=\"elementor-section-wrap\">\n\t\t\t\t\t\t\t<section class=\"elementor-section elementor-top-section elementor-element elementor-element-0abe073 elementor-section-boxed elementor-section-height-default elementor-section-height-default\" data-id=\"0abe073\" data-element_type=\"section\">\n\t\t\t\t\t\t<div class=\"elementor-container elementor-column-gap-default\">\n\t\t\t\t\t<div class=\"elementor-column elementor-col-100 elementor-top-column elementor-element elementor-element-95e3fee\" data-id=\"95e3fee\" data-element_type=\"column\">\n\t\t\t<div class=\"elementor-widget-wrap elementor-element-populated\">\n\t\t\t\t\t\t\t\t<div class=\"elementor-element elementor-element-aecc2b7 elementor-widget elementor-widget-spacer\" data-id=\"aecc2b7\" data-element_type=\"widget\" data-widget_type=\"spacer.default\">\n\t\t\t\t<div class=\"elementor-widget-container\">\n\t\t\t\t\t<div class=\"elementor-spacer\">\n\t\t\t<div class=\"elementor-spacer-inner\"><\/div>\n\t\t<\/div>\n\t\t\t\t<\/div>\n\t\t\t\t<\/div>\n\t\t\t\t\t<\/div>\n\t\t<\/div>\n\t\t\t\t\t\t\t<\/div>\n\t\t<\/section>\n\t\t\t\t<section class=\"elementor-section elementor-top-section elementor-element elementor-element-4b5d363 elementor-section-boxed elementor-section-height-default elementor-section-height-default\" data-id=\"4b5d363\" data-element_type=\"section\">\n\t\t\t\t\t\t<div class=\"elementor-container elementor-column-gap-default\">\n\t\t\t\t\t<div class=\"elementor-column elementor-col-100 elementor-top-column elementor-element elementor-element-4879bc7\" data-id=\"4879bc7\" data-element_type=\"column\">\n\t\t\t<div class=\"elementor-widget-wrap elementor-element-populated\">\n\t\t\t\t\t\t\t\t<div class=\"elementor-element elementor-element-a4ca394 elementor-widget elementor-widget-heading\" data-id=\"a4ca394\" data-element_type=\"widget\" data-widget_type=\"heading.default\">\n\t\t\t\t<div class=\"elementor-widget-container\">\n\t\t\t<h2 class=\"elementor-heading-title elementor-size-default\">AUXILIO DE LOS CRISTIANOS <\/h2>\t\t<\/div>\n\t\t\t\t<\/div>\n\t\t\t\t\t<\/div>\n\t\t<\/div>\n\t\t\t\t\t\t\t<\/div>\n\t\t<\/section>\n\t\t\t\t<section class=\"elementor-section elementor-top-section elementor-element elementor-element-6744fd1 elementor-section-boxed elementor-section-height-default elementor-section-height-default\" data-id=\"6744fd1\" data-element_type=\"section\">\n\t\t\t\t\t\t<div class=\"elementor-container elementor-column-gap-default\">\n\t\t\t\t\t<div class=\"elementor-column elementor-col-100 elementor-top-column elementor-element elementor-element-6823e75\" data-id=\"6823e75\" data-element_type=\"column\">\n\t\t\t<div class=\"elementor-widget-wrap elementor-element-populated\">\n\t\t\t\t\t\t\t\t<div class=\"elementor-element elementor-element-e957d7c elementor-widget elementor-widget-text-editor\" data-id=\"e957d7c\" data-element_type=\"widget\" data-widget_type=\"text-editor.default\">\n\t\t\t\t<div class=\"elementor-widget-container\">\n\t\t\t\t\t\t\t<h5>Permanezcamos un\u00e1nimes en oraci\u00f3n con la madre de Jes\u00fas\u00a0<\/h5>\t\t\t\t\t\t<\/div>\n\t\t\t\t<\/div>\n\t\t\t\t\t<\/div>\n\t\t<\/div>\n\t\t\t\t\t\t\t<\/div>\n\t\t<\/section>\n\t\t\t\t<section class=\"elementor-section elementor-top-section elementor-element elementor-element-c676c5c elementor-section-boxed elementor-section-height-default elementor-section-height-default\" data-id=\"c676c5c\" data-element_type=\"section\">\n\t\t\t\t\t\t<div class=\"elementor-container elementor-column-gap-default\">\n\t\t\t\t\t<div class=\"elementor-column elementor-col-100 elementor-top-column elementor-element elementor-element-a294ef9\" data-id=\"a294ef9\" data-element_type=\"column\">\n\t\t\t<div class=\"elementor-widget-wrap elementor-element-populated\">\n\t\t\t\t\t\t\t\t<div class=\"elementor-element elementor-element-e718a10 elementor-widget elementor-widget-image\" data-id=\"e718a10\" data-element_type=\"widget\" data-widget_type=\"image.default\">\n\t\t\t\t<div class=\"elementor-widget-container\">\n\t\t\t\t\t\t\t\t\t\t\t\t\t\t\t\t<a href=\"https:\/\/www.facebook.com\/cofradiadelsantorosario.org\/photos\/2961632557436172\">\n\t\t\t\t\t\t\t<img loading=\"lazy\" decoding=\"async\" width=\"1600\" height=\"1200\" src=\"https:\/\/i2.wp.com\/cofradiasantorosario.org.gt\/wp-content\/uploads\/2021\/09\/WhatsApp-Image-2021-08-28-at-9.07.52-AM.jpeg?fit=1600%2C1200&amp;ssl=1\" class=\"attachment-full size-full\" alt=\"\" srcset=\"https:\/\/i2.wp.com\/cofradiasantorosario.org.gt\/wp-content\/uploads\/2021\/09\/WhatsApp-Image-2021-08-28-at-9.07.52-AM.jpeg?w=1600&amp;ssl=1 1600w, https:\/\/i2.wp.com\/cofradiasantorosario.org.gt\/wp-content\/uploads\/2021\/09\/WhatsApp-Image-2021-08-28-at-9.07.52-AM.jpeg?resize=300%2C225&amp;ssl=1 300w, https:\/\/i2.wp.com\/cofradiasantorosario.org.gt\/wp-content\/uploads\/2021\/09\/WhatsApp-Image-2021-08-28-at-9.07.52-AM.jpeg?resize=1024%2C768&amp;ssl=1 1024w, https:\/\/i2.wp.com\/cofradiasantorosario.org.gt\/wp-content\/uploads\/2021\/09\/WhatsApp-Image-2021-08-28-at-9.07.52-AM.jpeg?resize=768%2C576&amp;ssl=1 768w, https:\/\/i2.wp.com\/cofradiasantorosario.org.gt\/wp-content\/uploads\/2021\/09\/WhatsApp-Image-2021-08-28-at-9.07.52-AM.jpeg?resize=1536%2C1152&amp;ssl=1 1536w\" sizes=\"auto, (max-width: 1000px) 100vw, 1000px\" \/>\t\t\t\t\t\t\t\t<\/a>\n\t\t\t\t\t\t\t\t\t\t\t\t\t\t\t<\/div>\n\t\t\t\t<\/div>\n\t\t\t\t\t<\/div>\n\t\t<\/div>\n\t\t\t\t\t\t\t<\/div>\n\t\t<\/section>\n\t\t\t\t<section class=\"elementor-section elementor-top-section elementor-element elementor-element-d8e781c elementor-section-boxed elementor-section-height-default elementor-section-height-default\" data-id=\"d8e781c\" data-element_type=\"section\">\n\t\t\t\t\t\t<div class=\"elementor-container elementor-column-gap-default\">\n\t\t\t\t\t<div class=\"elementor-column elementor-col-100 elementor-top-column elementor-element elementor-element-2cc47de\" data-id=\"2cc47de\" data-element_type=\"column\">\n\t\t\t<div class=\"elementor-widget-wrap elementor-element-populated\">\n\t\t\t\t\t\t\t\t<div class=\"elementor-element elementor-element-398e362 elementor-widget elementor-widget-text-editor\" data-id=\"398e362\" data-element_type=\"widget\" data-widget_type=\"text-editor.default\">\n\t\t\t\t<div class=\"elementor-widget-container\">\n\t\t\t\t\t\t\t<h1>Devocionario Mariano<\/h1><p>\u00a0<\/p><h4><strong>Ave Mar\u00eda<\/strong><\/h4><p>Dios te salve, Mar\u00eda, llena de gracia, el Se\u00f1or es contigo. Bendita eres entre todas las mujeres y bendito es el fruto de tu vientre, Jes\u00fas.<\/p><p>Santa Mar\u00eda, Madre de Dios, ruega por nosotros pecadores ahora y en la hora de nuestra muerte. Am\u00e9n.<\/p><p>\u00a0<\/p><h4><strong>SALVE<\/strong><\/h4><p>Dios te salve, Reina y Madre de misericordia, vida, dulzura y esperanza nuestra; Dios te salve. A Ti llamamos los desterrados hijos de Eva; a Ti suspiramos, gimiendo y llorando, en este valle de l\u00e1grimas. Ea, pues, Se\u00f1ora, abogada nuestra, vuelve a nosotros esos tus ojos misericordiosos; y despu\u00e9s de este destierro mu\u00e9stranos a Jes\u00fas, fruto bendito de tu vientre. \u00a1Oh clement\u00edsima, oh piadosa, oh dulce siempre Virgen Mar\u00eda!<\/p><p>V.Ruega por nosotros, Santa Madre de Dios.<br \/>R.Para que seamos dignos de alcanzar las promesas de Nuestro Se\u00f1or Jesucristo.<\/p><h4>\u00a0<\/h4><h4>Oraci\u00f3n<\/h4><p>Omnipotente y sempiterno Dios, que con la cooperaci\u00f3n del Esp\u00edritu Santo, preparaste el cuerpo y el alma de la gloriosa Virgen y Madre Mar\u00eda para que fuese merecedora de ser digna morada de tu Hijo; conc\u00e9denos que, pues celebramos con alegr\u00eda su conmemoraci\u00f3n, por su piadosa intercesi\u00f3n seamos liberados de los males presentes y de la muerte eterna. Por el mismo Cristo nuestro Se\u00f1or.<\/p><p>R.Am\u00e9n<\/p><p>\u00a0<\/p><h4><strong>ACORDAOS<\/strong><\/h4><p>Acordaos, \u00a1oh piados\u00edsima Virgen Mar\u00eda!, que jam\u00e1s se ha o\u00eddo decir que ninguno de los que han acudido a vuestra protecci\u00f3n, implorando vuestro auxilio, haya sido desamparado. Animado por esta confianza, a Vos acudo, oh Madre, Virgen de las v\u00edrgenes, y gimiendo bajo el peso de mis pecados me atrevo a comparecer ante Vos. Oh madre de Dios, no desech\u00e9is mis s\u00faplicas, antes bien, escuchadlas y acogedlas benigna mente. Am\u00e9n<\/p><p><strong>\u00a0<\/strong><\/p><h4><strong>BENDITA SEA TU PUREZA<\/strong><\/h4><p>Bendita sea tu pureza y eternamente lo sea, pues todo un Dios se recrea, en tan graciosa belleza. A Ti celestial princesa, Virgen Sagrada Mar\u00eda, te ofrezco en este d\u00eda, alma vida y coraz\u00f3n. M\u00edrame con compasi\u00f3n, no me dejes, Madre m\u00eda. Am\u00e9n.<\/p><p>\u00a0<\/p><h4><strong>BAJO TU AMPARO<\/strong><\/h4><p>Bajo tu amparo nos acogemos, Santa Madre de Dios, no desprecies nuestras s\u00faplicas en las necesidades, antes bien l\u00edbranos de todo peligro, oh Virgen gloriosa y bendita. Am\u00e9n.<\/p>\t\t\t\t\t\t<\/div>\n\t\t\t\t<\/div>\n\t\t\t\t\t<\/div>\n\t\t<\/div>\n\t\t\t\t\t\t\t<\/div>\n\t\t<\/section>\n\t\t\t\t\t\t<\/div>\n\t\t\t\t\t<\/div>\n\t\t","protected":false},"excerpt":{"rendered":"<p>AUXILIO DE LOS CRISTIANOS Permanezcamos un\u00e1nimes en oraci\u00f3n con la madre de Jes\u00fas\u00a0 Devocionario Mariano \u00a0 Ave Mar\u00eda Dios te salve, Mar\u00eda, llena de gracia, el Se\u00f1or es contigo. Bendita [&hellip;]<\/p>\n","protected":false},"author":3,"featured_media":0,"parent":0,"menu_order":0,"comment_status":"closed","ping_status":"closed","template":"","meta":{"om_disable_all_campaigns":false,"_monsterinsights_skip_tracking":false,"_monsterinsights_sitenote_active":false,"_monsterinsights_sitenote_note":"","_monsterinsights_sitenote_category":0,"site-sidebar-layout":"no-sidebar","site-content-layout":"page-builder","ast-site-content-layout":"","site-content-style":"default","site-sidebar-style":"default","ast-global-header-display":"","ast-banner-title-visibility":"","ast-main-header-display":"","ast-hfb-above-header-display":"","ast-hfb-below-header-display":"","ast-hfb-mobile-header-display":"","site-post-title":"disabled","ast-breadcrumbs-content":"disabled","ast-featured-img":"disabled","footer-sml-layout":"","theme-transparent-header-meta":"enabled","adv-header-id-meta":"","stick-header-meta":"","header-above-stick-meta":"","header-main-stick-meta":"","header-below-stick-meta":"","astra-migrate-meta-layouts":"default","ast-page-background-enabled":"default","ast-page-background-meta":{"desktop":{"background-color":"","background-image":"","background-repeat":"repeat","background-position":"center center","background-size":"auto","background-attachment":"scroll","background-type":"","background-media":"","overlay-type":"","overlay-color":"","overlay-opacity":"","overlay-gradient":""},"tablet":{"background-color":"","background-image":"","background-repeat":"repeat","background-position":"center center","background-size":"auto","background-attachment":"scroll","background-type":"","background-media":"","overlay-type":"","overlay-color":"","overlay-opacity":"","overlay-gradient":""},"mobile":{"background-color":"","background-image":"","background-repeat":"repeat","background-position":"center center","background-size":"auto","background-attachment":"scroll","background-type":"","background-media":"","overlay-type":"","overlay-color":"","overlay-opacity":"","overlay-gradient":""}},"ast-content-background-meta":{"desktop":{"background-color":"var(--ast-global-color-5)","background-image":"","background-repeat":"repeat","background-position":"center center","background-size":"auto","background-attachment":"scroll","background-type":"","background-media":"","overlay-type":"","overlay-color":"","overlay-opacity":"","overlay-gradient":""},"tablet":{"background-color":"var(--ast-global-color-5)","background-image":"","background-repeat":"repeat","background-position":"center center","background-size":"auto","background-attachment":"scroll","background-type":"","background-media":"","overlay-type":"","overlay-color":"","overlay-opacity":"","overlay-gradient":""},"mobile":{"background-color":"var(--ast-global-color-5)","background-image":"","background-repeat":"repeat","background-position":"center center","background-size":"auto","background-attachment":"scroll","background-type":"","background-media":"","overlay-type":"","overlay-color":"","overlay-opacity":"","overlay-gradient":""}},"spay_email":"","footnotes":""},"class_list":["post-13","page","type-page","status-publish","hentry"],"jetpack-related-posts":[{"id":1130,"url":"https:\/\/cofradiasantorosario.org.gt\/index.php\/octubre-2021\/","url_meta":{"origin":13,"position":0},"title":"Octubre 2021","date":"septiembre 20, 2021","format":false,"excerpt":"MAR\u00cdA AUXILIO DE LOS CRISTIANOS Permanezcamos un\u00e1nimes en oraci\u00f3n con la madre de Jes\u00fas\u00a0Octubre 2021","rel":"","context":"Similar post","img":{"alt_text":"","src":"https:\/\/i0.wp.com\/cofradiasantorosario.org.gt\/wp-content\/uploads\/2021\/09\/WhatsApp-Image-2021-08-28-at-9.07.52-AM-1024x768.jpeg?resize=350%2C200","width":350,"height":200},"classes":[]},{"id":207,"url":"https:\/\/cofradiasantorosario.org.gt\/index.php\/classes\/","url_meta":{"origin":13,"position":1},"title":"Classes","date":"febrero 1, 2021","format":false,"excerpt":"Recemos el rosario GUIA PARA REZAR EL SANTO ROSARIO\u00a0La se\u00f1al de la cruz\u00a0Por la se\u00f1al de la Santa Cruz, de nuestros enemigos l\u00edbranos Se\u00f1or Dios Nuestro.En el nombre del Padre, del Hijo y del Esp\u00edritu Santo.Acto de Contrici\u00f3nSe\u00f1or m\u00edo, Jesucristo, Dios y hombre verdadero, Creador, Padre y Redentor M\u00edo. Por\u2026","rel":"","context":"Similar post","img":{"alt_text":"","src":"https:\/\/i1.wp.com\/cofradiasantorosario.org.gt\/wp-content\/uploads\/2021\/09\/RECEMOS-EL-ROSARIO-1024x379.jpg?resize=350%2C200","width":350,"height":200},"classes":[]},{"id":1013,"url":"https:\/\/cofradiasantorosario.org.gt\/index.php\/misterios-luminosos\/","url_meta":{"origin":13,"position":2},"title":"MISTERIOS LUMINOSOS","date":"septiembre 18, 2021","format":false,"excerpt":"Primer Misterio Luminoso: El Bautismo en el Jord\u00e1nBautizado Jes\u00fas, sali\u00f3 luego del agua; y en esto se abrieron los cielos y vio al Esp\u00edritu de Dios que bajaba en forma de paloma y ven\u00eda sobre \u00e9l. Y una voz que sal\u00eda de los cielos dec\u00eda: \"Este es mi Hijo amado,\u2026","rel":"","context":"Similar post","img":{"alt_text":"","src":"","width":0,"height":0},"classes":[]},{"id":1015,"url":"https:\/\/cofradiasantorosario.org.gt\/index.php\/misterios-dolorosos\/","url_meta":{"origin":13,"position":3},"title":"MISTERIOS DOLOROSOS","date":"septiembre 18, 2021","format":false,"excerpt":"Primer Misterio Doloroso: La oraci\u00f3n en el HuertoEntonces Jes\u00fas fue con ellos a un huerto, llamado Getseman\u00ed, y dijo a sus disc\u00edpulos: \"Sentaos aqu\u00ed mientras voy a orar\". Y tomando consigo a Pedro y a los dos hijos de Zebedeo, comenz\u00f3 a sentir tristeza y angustia. Entonces les dijo: \"Mi\u2026","rel":"","context":"Similar post","img":{"alt_text":"","src":"","width":0,"height":0},"classes":[]},{"id":1335,"url":"https:\/\/cofradiasantorosario.org.gt\/index.php\/1335-2\/","url_meta":{"origin":13,"position":4},"title":"CR\u00d3NICAS DE LA CORONACI\u00d3N PONTIFICA\u2026","date":"septiembre 21, 2021","format":false,"excerpt":"CR\u00d3NICAS DE LA CORONACI\u00d3N PONTIFICA DE LA SANT\u00cdSIMA VIRGEN DEL ROSARIO. \"MADRE, REINA Y PATRONA DE LA REP\u00daBLICA DE GUATEMALA\" LAS PETICIONES Y EL DECRETO PONTIFICIO DE LA CORONACION DE LA VIRGEN Guatemala es un pueblo eminentemente religioso y mariano; mariano hasta la m\u00e9dula. Guatemala es devot\u00edsima de la Virgen\u2026","rel":"","context":"Similar post","img":{"alt_text":"","src":"","width":0,"height":0},"classes":[]},{"id":1006,"url":"https:\/\/cofradiasantorosario.org.gt\/index.php\/misterios-gozosos\/","url_meta":{"origin":13,"position":5},"title":"MISTERIOS GOZOSOS","date":"septiembre 18, 2021","format":false,"excerpt":"Primer Misterio Gozoso: La Encarnaci\u00f3n del Hijo de Dios Al sexto mes el \u00e1ngel Gabriel fue enviado por Dios a una ciudad de Galilea, llamada Nazaret, a una virgen desposada con un hombre llamado Jos\u00e9, de la estirpe de David; el nombre de la virgen era Mar\u00eda\u00bb Despu\u00e9s de una\u2026","rel":"","context":"Similar post","img":{"alt_text":"","src":"","width":0,"height":0},"classes":[]}],"_links":{"self":[{"href":"https:\/\/cofradiasantorosario.org.gt\/index.php\/wp-json\/wp\/v2\/pages\/13","targetHints":{"allow":["GET"]}}],"collection":[{"href":"https:\/\/cofradiasantorosario.org.gt\/index.php\/wp-json\/wp\/v2\/pages"}],"about":[{"href":"https:\/\/cofradiasantorosario.org.gt\/index.php\/wp-json\/wp\/v2\/types\/page"}],"author":[{"embeddable":true,"href":"https:\/\/cofradiasantorosario.org.gt\/index.php\/wp-json\/wp\/v2\/users\/3"}],"replies":[{"embeddable":true,"href":"https:\/\/cofradiasantorosario.org.gt\/index.php\/wp-json\/wp\/v2\/comments?post=13"}],"version-history":[{"count":16,"href":"https:\/\/cofradiasantorosario.org.gt\/index.php\/wp-json\/wp\/v2\/pages\/13\/revisions"}],"predecessor-version":[{"id":1834,"href":"https:\/\/cofradiasantorosario.org.gt\/index.php\/wp-json\/wp\/v2\/pages\/13\/revisions\/1834"}],"wp:attachment":[{"href":"https:\/\/cofradiasantorosario.org.gt\/index.php\/wp-json\/wp\/v2\/media?parent=13"}],"curies":[{"name":"wp","href":"https:\/\/api.w.org\/{rel}","templated":true}]}}