{"id":1296,"date":"2021-09-21T12:26:19","date_gmt":"2021-09-21T18:26:19","guid":{"rendered":"https:\/\/cofradiasantorosario.org.gt\/?page_id=1296"},"modified":"2021-09-21T12:26:19","modified_gmt":"2021-09-21T18:26:19","slug":"cofradia-del-santo-rosario","status":"publish","type":"page","link":"https:\/\/cofradiasantorosario.org.gt\/index.php\/cofradia-del-santo-rosario\/","title":{"rendered":"COFRAD\u00cdA DEL SANTO ROSARIO"},"content":{"rendered":"","protected":false},"excerpt":{"rendered":"","protected":false},"author":2,"featured_media":0,"parent":0,"menu_order":0,"comment_status":"closed","ping_status":"closed","template":"","meta":{"om_disable_all_campaigns":false,"_monsterinsights_skip_tracking":false,"_monsterinsights_sitenote_active":false,"_monsterinsights_sitenote_note":"","_monsterinsights_sitenote_category":0,"site-sidebar-layout":"default","site-content-layout":"","ast-site-content-layout":"","site-content-style":"default","site-sidebar-style":"default","ast-global-header-display":"","ast-banner-title-visibility":"","ast-main-header-display":"","ast-hfb-above-header-display":"","ast-hfb-below-header-display":"","ast-hfb-mobile-header-display":"","site-post-title":"","ast-breadcrumbs-content":"","ast-featured-img":"","footer-sml-layout":"","theme-transparent-header-meta":"","adv-header-id-meta":"","stick-header-meta":"","header-above-stick-meta":"","header-main-stick-meta":"","header-below-stick-meta":"","astra-migrate-meta-layouts":"default","ast-page-background-enabled":"default","ast-page-background-meta":{"desktop":{"background-color":"","background-image":"","background-repeat":"repeat","background-position":"center center","background-size":"auto","background-attachment":"scroll","background-type":"","background-media":"","overlay-type":"","overlay-color":"","overlay-opacity":"","overlay-gradient":""},"tablet":{"background-color":"","background-image":"","background-repeat":"repeat","background-position":"center center","background-size":"auto","background-attachment":"scroll","background-type":"","background-media":"","overlay-type":"","overlay-color":"","overlay-opacity":"","overlay-gradient":""},"mobile":{"background-color":"","background-image":"","background-repeat":"repeat","background-position":"center center","background-size":"auto","background-attachment":"scroll","background-type":"","background-media":"","overlay-type":"","overlay-color":"","overlay-opacity":"","overlay-gradient":""}},"ast-content-background-meta":{"desktop":{"background-color":"var(--ast-global-color-5)","background-image":"","background-repeat":"repeat","background-position":"center center","background-size":"auto","background-attachment":"scroll","background-type":"","background-media":"","overlay-type":"","overlay-color":"","overlay-opacity":"","overlay-gradient":""},"tablet":{"background-color":"var(--ast-global-color-5)","background-image":"","background-repeat":"repeat","background-position":"center center","background-size":"auto","background-attachment":"scroll","background-type":"","background-media":"","overlay-type":"","overlay-color":"","overlay-opacity":"","overlay-gradient":""},"mobile":{"background-color":"var(--ast-global-color-5)","background-image":"","background-repeat":"repeat","background-position":"center center","background-size":"auto","background-attachment":"scroll","background-type":"","background-media":"","overlay-type":"","overlay-color":"","overlay-opacity":"","overlay-gradient":""}},"spay_email":"","footnotes":""},"class_list":["post-1296","page","type-page","status-publish","hentry"],"jetpack-related-posts":[{"id":1298,"url":"https:\/\/cofradiasantorosario.org.gt\/index.php\/asociacion-del-rosario-perpetuo\/","url_meta":{"origin":1296,"position":0},"title":"Asociaci\u00f3n del Rosario Perpetuo","date":"septiembre 21, 2021","format":false,"excerpt":"El Rosario PerpetuoFue fundada por el obispo Francisco Marroqu\u00edn el 1 de noviembre de 1559. Ha estado siempre bajo la custodia de los Frailes Dominicos por ser una entidad aneja a la Orden de Frailes Predicadores, es la primera Cofradia del Rosario en la Ciudad de Santiago de los Caballeros\u2026","rel":"","context":"Similar post","img":{"alt_text":"","src":"https:\/\/i2.wp.com\/cofradiasantorosario.org.gt\/wp-content\/uploads\/2021\/09\/PORTADAS-COFRADIA-PERPETUO-WEB-1024x379.jpg?resize=350%2C200","width":350,"height":200},"classes":[]},{"id":234,"url":"https:\/\/cofradiasantorosario.org.gt\/","url_meta":{"origin":1296,"position":1},"title":"Inicio","date":"enero 29, 2021","format":false,"excerpt":"Mar\u00eda: misionera y contemplativa del Reino. Esperanza Nuestra Quiero ser cofrade del Santo rosario","rel":"","context":"Similar post","img":{"alt_text":"Cofrad\u00eda del Santo Rosario","src":"https:\/\/i0.wp.com\/cofradiasantorosario.org.gt\/wp-content\/uploads\/2021\/09\/logocr.png?fit=800%2C1200&ssl=1&resize=350%2C200","width":350,"height":200},"classes":[]},{"id":896,"url":"https:\/\/cofradiasantorosario.org.gt\/index.php\/los-preparativos-para-la-coronacion\/","url_meta":{"origin":1296,"position":2},"title":"Los preparativos para la coronaci\u00f3n","date":"septiembre 16, 2021","format":false,"excerpt":"El primero de mayo de 1933, los Excmos. y Rmos. Prelados de la Rep\u00fablica, Monse\u00f1or Luis Durou y Sure, Arzobispo de Guatemala y Monse\u00f1or Jorge Garc\u00eda y Caballeros, Obispo de los Altos, en una Pastoral colectiva anunciaron a los fieles la gracia concedida por su Santidad de poder Coronar a\u2026","rel":"","context":"Similar post","img":{"alt_text":"","src":"","width":0,"height":0},"classes":[]},{"id":1346,"url":"https:\/\/cofradiasantorosario.org.gt\/index.php\/elementor-1346\/","url_meta":{"origin":1296,"position":3},"title":"LOS PREPARATIVOS DE LA CORONACION\u2026","date":"septiembre 21, 2021","format":false,"excerpt":"LOS PREPARATIVOS DE LA CORONACION El primero de mayo de 1933, los Excmos. y Rmos. Prelados de la Rep\u00fablica, Monse\u00f1or Luis Durou y Sure, Arzobispo de Guatemala y Monse\u00f1or Jorge Garc\u00eda y Caballeros, Obispo de los Altos, en una Pastoral colectiva anunciaron a los fieles la gracia concedida por su\u2026","rel":"","context":"Similar post","img":{"alt_text":"","src":"","width":0,"height":0},"classes":[]},{"id":1299,"url":"https:\/\/cofradiasantorosario.org.gt\/index.php\/asociasion-del-rosario-viviente\/","url_meta":{"origin":1296,"position":4},"title":"Asociasion del Rosario Viviente","date":"septiembre 21, 2021","format":false,"excerpt":"El Rosario VivienteFue fundado en Guatemala en el a\u00f1o de 1938. El Rosario Viviente est\u00e1 enfocado hacia los ni\u00f1os y les ayuda a aprender la devoci\u00f3n desde temprana edad. Los Ni\u00f1os Rezan solo un misterio cada d\u00eda, es una forma de fomentar el h\u00e1bito del rezo del Santo Rosario. Actualmente\u2026","rel":"","context":"Similar post","img":{"alt_text":"","src":"https:\/\/i1.wp.com\/cofradiasantorosario.org.gt\/wp-content\/uploads\/2021\/09\/PORTADAS-COFRADIA-VIVIENTE-WEB-1024x379.jpg?resize=350%2C200","width":350,"height":200},"classes":[]},{"id":907,"url":"https:\/\/cofradiasantorosario.org.gt\/index.php\/el-acontecimiento-historico-de-la-coronacion\/","url_meta":{"origin":1296,"position":5},"title":"EL ACONTECIMIENTO HISTORICO DE LA CORONACI\u00d3N","date":"septiembre 16, 2021","format":false,"excerpt":"El d\u00eda 28 de enero de 1934 tuvo lugar en la ciudad de Guatemala uno de los acontecimientos religiosos de m\u00e1s relieve y m\u00e1s conmovedores en los m\u00e1s de cuatrocientos a\u00f1os de Cristianismo. El d\u00eda 28 de enero del a\u00f1o 1934 cay\u00f3 precisamente en domingo, no tuvimos la dicha de\u2026","rel":"","context":"Similar post","img":{"alt_text":"","src":"","width":0,"height":0},"classes":[]}],"_links":{"self":[{"href":"https:\/\/cofradiasantorosario.org.gt\/index.php\/wp-json\/wp\/v2\/pages\/1296","targetHints":{"allow":["GET"]}}],"collection":[{"href":"https:\/\/cofradiasantorosario.org.gt\/index.php\/wp-json\/wp\/v2\/pages"}],"about":[{"href":"https:\/\/cofradiasantorosario.org.gt\/index.php\/wp-json\/wp\/v2\/types\/page"}],"author":[{"embeddable":true,"href":"https:\/\/cofradiasantorosario.org.gt\/index.php\/wp-json\/wp\/v2\/users\/2"}],"replies":[{"embeddable":true,"href":"https:\/\/cofradiasantorosario.org.gt\/index.php\/wp-json\/wp\/v2\/comments?post=1296"}],"version-history":[{"count":1,"href":"https:\/\/cofradiasantorosario.org.gt\/index.php\/wp-json\/wp\/v2\/pages\/1296\/revisions"}],"predecessor-version":[{"id":1301,"href":"https:\/\/cofradiasantorosario.org.gt\/index.php\/wp-json\/wp\/v2\/pages\/1296\/revisions\/1301"}],"wp:attachment":[{"href":"https:\/\/cofradiasantorosario.org.gt\/index.php\/wp-json\/wp\/v2\/media?parent=1296"}],"curies":[{"name":"wp","href":"https:\/\/api.w.org\/{rel}","templated":true}]}}