{"id":1118,"date":"2021-09-20T11:56:31","date_gmt":"2021-09-20T17:56:31","guid":{"rendered":"https:\/\/cofradiasantorosario.org.gt\/?page_id=1118"},"modified":"2021-09-27T10:05:29","modified_gmt":"2021-09-27T16:05:29","slug":"octubre-mes-del-rosario","status":"publish","type":"page","link":"https:\/\/cofradiasantorosario.org.gt\/index.php\/octubre-mes-del-rosario\/","title":{"rendered":"Octubre Mes del Rosario"},"content":{"rendered":"\t\t<div data-elementor-type=\"wp-page\" data-elementor-id=\"1118\" class=\"elementor elementor-1118\" data-elementor-settings=\"[]\">\n\t\t\t\t\t\t\t<div class=\"elementor-section-wrap\">\n\t\t\t\t\t\t\t<section class=\"elementor-section elementor-top-section elementor-element elementor-element-eab19b0 elementor-section-boxed elementor-section-height-default elementor-section-height-default\" data-id=\"eab19b0\" data-element_type=\"section\">\n\t\t\t\t\t\t<div class=\"elementor-container elementor-column-gap-default\">\n\t\t\t\t\t<div class=\"elementor-column elementor-col-100 elementor-top-column elementor-element elementor-element-4def83c\" data-id=\"4def83c\" data-element_type=\"column\">\n\t\t\t<div class=\"elementor-widget-wrap elementor-element-populated\">\n\t\t\t\t\t\t\t\t<div class=\"elementor-element elementor-element-0cabd8e elementor-widget elementor-widget-image\" data-id=\"0cabd8e\" data-element_type=\"widget\" data-widget_type=\"image.default\">\n\t\t\t\t<div class=\"elementor-widget-container\">\n\t\t\t\t\t\t\t\t\t\t\t\t\t\t\t<img loading=\"lazy\" decoding=\"async\" width=\"1024\" height=\"379\" src=\"https:\/\/i0.wp.com\/cofradiasantorosario.org.gt\/wp-content\/uploads\/2021\/09\/PORTADAS-COFRADIA-WEB-OCTUBRE-scaled.jpg?fit=1024%2C379&amp;ssl=1\" class=\"attachment-large size-large\" alt=\"\" srcset=\"https:\/\/i0.wp.com\/cofradiasantorosario.org.gt\/wp-content\/uploads\/2021\/09\/PORTADAS-COFRADIA-WEB-OCTUBRE-scaled.jpg?w=2560&amp;ssl=1 2560w, https:\/\/i0.wp.com\/cofradiasantorosario.org.gt\/wp-content\/uploads\/2021\/09\/PORTADAS-COFRADIA-WEB-OCTUBRE-scaled.jpg?resize=300%2C111&amp;ssl=1 300w, https:\/\/i0.wp.com\/cofradiasantorosario.org.gt\/wp-content\/uploads\/2021\/09\/PORTADAS-COFRADIA-WEB-OCTUBRE-scaled.jpg?resize=1024%2C379&amp;ssl=1 1024w, https:\/\/i0.wp.com\/cofradiasantorosario.org.gt\/wp-content\/uploads\/2021\/09\/PORTADAS-COFRADIA-WEB-OCTUBRE-scaled.jpg?resize=768%2C284&amp;ssl=1 768w, https:\/\/i0.wp.com\/cofradiasantorosario.org.gt\/wp-content\/uploads\/2021\/09\/PORTADAS-COFRADIA-WEB-OCTUBRE-scaled.jpg?resize=1536%2C569&amp;ssl=1 1536w, https:\/\/i0.wp.com\/cofradiasantorosario.org.gt\/wp-content\/uploads\/2021\/09\/PORTADAS-COFRADIA-WEB-OCTUBRE-scaled.jpg?resize=2048%2C759&amp;ssl=1 2048w\" sizes=\"auto, (max-width: 1000px) 100vw, 1000px\" \/>\t\t\t\t\t\t\t\t\t\t\t\t\t\t\t<\/div>\n\t\t\t\t<\/div>\n\t\t\t\t\t<\/div>\n\t\t<\/div>\n\t\t\t\t\t\t\t<\/div>\n\t\t<\/section>\n\t\t\t\t\t\t<\/div>\n\t\t\t\t\t<\/div>\n\t\t","protected":false},"excerpt":{"rendered":"","protected":false},"author":2,"featured_media":0,"parent":0,"menu_order":0,"comment_status":"closed","ping_status":"closed","template":"","meta":{"om_disable_all_campaigns":false,"_monsterinsights_skip_tracking":false,"_monsterinsights_sitenote_active":false,"_monsterinsights_sitenote_note":"","_monsterinsights_sitenote_category":0,"site-sidebar-layout":"no-sidebar","site-content-layout":"page-builder","ast-site-content-layout":"","site-content-style":"default","site-sidebar-style":"default","ast-global-header-display":"","ast-banner-title-visibility":"","ast-main-header-display":"","ast-hfb-above-header-display":"","ast-hfb-below-header-display":"","ast-hfb-mobile-header-display":"","site-post-title":"disabled","ast-breadcrumbs-content":"","ast-featured-img":"disabled","footer-sml-layout":"","theme-transparent-header-meta":"","adv-header-id-meta":"","stick-header-meta":"","header-above-stick-meta":"","header-main-stick-meta":"","header-below-stick-meta":"","astra-migrate-meta-layouts":"default","ast-page-background-enabled":"default","ast-page-background-meta":{"desktop":{"background-color":"","background-image":"","background-repeat":"repeat","background-position":"center center","background-size":"auto","background-attachment":"scroll","background-type":"","background-media":"","overlay-type":"","overlay-color":"","overlay-opacity":"","overlay-gradient":""},"tablet":{"background-color":"","background-image":"","background-repeat":"repeat","background-position":"center center","background-size":"auto","background-attachment":"scroll","background-type":"","background-media":"","overlay-type":"","overlay-color":"","overlay-opacity":"","overlay-gradient":""},"mobile":{"background-color":"","background-image":"","background-repeat":"repeat","background-position":"center center","background-size":"auto","background-attachment":"scroll","background-type":"","background-media":"","overlay-type":"","overlay-color":"","overlay-opacity":"","overlay-gradient":""}},"ast-content-background-meta":{"desktop":{"background-color":"var(--ast-global-color-5)","background-image":"","background-repeat":"repeat","background-position":"center center","background-size":"auto","background-attachment":"scroll","background-type":"","background-media":"","overlay-type":"","overlay-color":"","overlay-opacity":"","overlay-gradient":""},"tablet":{"background-color":"var(--ast-global-color-5)","background-image":"","background-repeat":"repeat","background-position":"center center","background-size":"auto","background-attachment":"scroll","background-type":"","background-media":"","overlay-type":"","overlay-color":"","overlay-opacity":"","overlay-gradient":""},"mobile":{"background-color":"var(--ast-global-color-5)","background-image":"","background-repeat":"repeat","background-position":"center center","background-size":"auto","background-attachment":"scroll","background-type":"","background-media":"","overlay-type":"","overlay-color":"","overlay-opacity":"","overlay-gradient":""}},"spay_email":"","footnotes":""},"class_list":["post-1118","page","type-page","status-publish","hentry"],"jetpack-related-posts":[{"id":1299,"url":"https:\/\/cofradiasantorosario.org.gt\/index.php\/asociasion-del-rosario-viviente\/","url_meta":{"origin":1118,"position":0},"title":"Asociasion del Rosario Viviente","date":"septiembre 21, 2021","format":false,"excerpt":"El Rosario VivienteFue fundado en Guatemala en el a\u00f1o de 1938. El Rosario Viviente est\u00e1 enfocado hacia los ni\u00f1os y les ayuda a aprender la devoci\u00f3n desde temprana edad. Los Ni\u00f1os Rezan solo un misterio cada d\u00eda, es una forma de fomentar el h\u00e1bito del rezo del Santo Rosario. Actualmente\u2026","rel":"","context":"Similar post","img":{"alt_text":"","src":"https:\/\/i1.wp.com\/cofradiasantorosario.org.gt\/wp-content\/uploads\/2021\/09\/PORTADAS-COFRADIA-VIVIENTE-WEB-1024x379.jpg?resize=350%2C200","width":350,"height":200},"classes":[]},{"id":1335,"url":"https:\/\/cofradiasantorosario.org.gt\/index.php\/1335-2\/","url_meta":{"origin":1118,"position":1},"title":"CR\u00d3NICAS DE LA CORONACI\u00d3N PONTIFICA\u2026","date":"septiembre 21, 2021","format":false,"excerpt":"CR\u00d3NICAS DE LA CORONACI\u00d3N PONTIFICA DE LA SANT\u00cdSIMA VIRGEN DEL ROSARIO. \"MADRE, REINA Y PATRONA DE LA REP\u00daBLICA DE GUATEMALA\" LAS PETICIONES Y EL DECRETO PONTIFICIO DE LA CORONACION DE LA VIRGEN Guatemala es un pueblo eminentemente religioso y mariano; mariano hasta la m\u00e9dula. Guatemala es devot\u00edsima de la Virgen\u2026","rel":"","context":"Similar post","img":{"alt_text":"","src":"","width":0,"height":0},"classes":[]},{"id":916,"url":"https:\/\/cofradiasantorosario.org.gt\/index.php\/joyas-pontificias\/","url_meta":{"origin":1118,"position":2},"title":"Joyas Pontificias","date":"septiembre 16, 2021","format":false,"excerpt":"La bula pontificia, requer\u00eda que la imagen fuera coronada con una corona de oro. La Virgen del Rosario pose\u00eda una desde 1700, mas debido a las expropiaciones, y para evitar cualquier saqueo o robo, fue enviada a Espa\u00f1a, bajo custodia de la Orden Dominica. \u00a0 Para el acto se utiliz\u00f3\u2026","rel":"","context":"Similar post","img":{"alt_text":"","src":"","width":0,"height":0},"classes":[]},{"id":1309,"url":"https:\/\/cofradiasantorosario.org.gt\/index.php\/historia\/","url_meta":{"origin":1118,"position":3},"title":"Historia","date":"septiembre 21, 2021","format":false,"excerpt":"Historia de la Virgen de Plata Conoce aqu\u00ed la historia de la Imagen de Plata de la Virgen del Rosario\u00a0Ver mas La coronaci\u00f3n pontificia CR\u00d3NICAS DE LA CORONACI\u00d3N PONTIFICA DE LA SANT\u00cdSIMA VIRGEN DEL ROSARIO.Ver mas LOS PREPARATIVOS DE LA CORONACI\u00d3NVer mas EL ACONTECIMIENTO HISTORICO DE LA CORONACI\u00d3N\u00a0\u00a0Ver mas JOYAS\u2026","rel":"","context":"Similar post","img":{"alt_text":"","src":"https:\/\/i2.wp.com\/cofradiasantorosario.org.gt\/wp-content\/uploads\/2021\/09\/PORTADAS-HISTORIA-scaled.jpg?resize=350%2C200","width":350,"height":200},"classes":[]},{"id":1298,"url":"https:\/\/cofradiasantorosario.org.gt\/index.php\/asociacion-del-rosario-perpetuo\/","url_meta":{"origin":1118,"position":4},"title":"Asociaci\u00f3n del Rosario Perpetuo","date":"septiembre 21, 2021","format":false,"excerpt":"El Rosario PerpetuoFue fundada por el obispo Francisco Marroqu\u00edn el 1 de noviembre de 1559. Ha estado siempre bajo la custodia de los Frailes Dominicos por ser una entidad aneja a la Orden de Frailes Predicadores, es la primera Cofradia del Rosario en la Ciudad de Santiago de los Caballeros\u2026","rel":"","context":"Similar post","img":{"alt_text":"","src":"https:\/\/i2.wp.com\/cofradiasantorosario.org.gt\/wp-content\/uploads\/2021\/09\/PORTADAS-COFRADIA-PERPETUO-WEB-1024x379.jpg?resize=350%2C200","width":350,"height":200},"classes":[]},{"id":758,"url":"https:\/\/cofradiasantorosario.org.gt\/index.php\/rosario-perpetuo-y-rosario-viviente\/","url_meta":{"origin":1118,"position":5},"title":"Rosario Perpetuo Y Rosario Viviente","date":"septiembre 16, 2021","format":false,"excerpt":"","rel":"","context":"Similar post","img":{"alt_text":"","src":"","width":0,"height":0},"classes":[]}],"_links":{"self":[{"href":"https:\/\/cofradiasantorosario.org.gt\/index.php\/wp-json\/wp\/v2\/pages\/1118","targetHints":{"allow":["GET"]}}],"collection":[{"href":"https:\/\/cofradiasantorosario.org.gt\/index.php\/wp-json\/wp\/v2\/pages"}],"about":[{"href":"https:\/\/cofradiasantorosario.org.gt\/index.php\/wp-json\/wp\/v2\/types\/page"}],"author":[{"embeddable":true,"href":"https:\/\/cofradiasantorosario.org.gt\/index.php\/wp-json\/wp\/v2\/users\/2"}],"replies":[{"embeddable":true,"href":"https:\/\/cofradiasantorosario.org.gt\/index.php\/wp-json\/wp\/v2\/comments?post=1118"}],"version-history":[{"count":4,"href":"https:\/\/cofradiasantorosario.org.gt\/index.php\/wp-json\/wp\/v2\/pages\/1118\/revisions"}],"predecessor-version":[{"id":1710,"href":"https:\/\/cofradiasantorosario.org.gt\/index.php\/wp-json\/wp\/v2\/pages\/1118\/revisions\/1710"}],"wp:attachment":[{"href":"https:\/\/cofradiasantorosario.org.gt\/index.php\/wp-json\/wp\/v2\/media?parent=1118"}],"curies":[{"name":"wp","href":"https:\/\/api.w.org\/{rel}","templated":true}]}}