{"id":1116,"date":"2021-09-20T11:56:31","date_gmt":"2021-09-20T17:56:31","guid":{"rendered":"https:\/\/cofradiasantorosario.org.gt\/?page_id=1116"},"modified":"2021-09-28T09:21:06","modified_gmt":"2021-09-28T15:21:06","slug":"alabemos-al-santisimo","status":"publish","type":"page","link":"https:\/\/cofradiasantorosario.org.gt\/index.php\/alabemos-al-santisimo\/","title":{"rendered":"Alabemos al Sant\u00edsimo"},"content":{"rendered":"\t\t<div data-elementor-type=\"wp-page\" data-elementor-id=\"1116\" class=\"elementor elementor-1116\" data-elementor-settings=\"[]\">\n\t\t\t\t\t\t\t<div class=\"elementor-section-wrap\">\n\t\t\t\t\t\t\t<section class=\"elementor-section elementor-top-section elementor-element elementor-element-40ea274 elementor-section-boxed elementor-section-height-default elementor-section-height-default\" data-id=\"40ea274\" data-element_type=\"section\">\n\t\t\t\t\t\t<div class=\"elementor-container elementor-column-gap-default\">\n\t\t\t\t\t<div class=\"elementor-column elementor-col-100 elementor-top-column elementor-element elementor-element-d7f4180\" data-id=\"d7f4180\" data-element_type=\"column\">\n\t\t\t<div class=\"elementor-widget-wrap elementor-element-populated\">\n\t\t\t\t\t\t\t\t<div class=\"elementor-element elementor-element-0de0cd3 elementor-widget elementor-widget-spacer\" data-id=\"0de0cd3\" data-element_type=\"widget\" data-widget_type=\"spacer.default\">\n\t\t\t\t<div class=\"elementor-widget-container\">\n\t\t\t\t\t<div class=\"elementor-spacer\">\n\t\t\t<div class=\"elementor-spacer-inner\"><\/div>\n\t\t<\/div>\n\t\t\t\t<\/div>\n\t\t\t\t<\/div>\n\t\t\t\t\t<\/div>\n\t\t<\/div>\n\t\t\t\t\t\t\t<\/div>\n\t\t<\/section>\n\t\t\t\t<section class=\"elementor-section elementor-top-section elementor-element elementor-element-801aa99 elementor-section-boxed elementor-section-height-default elementor-section-height-default\" data-id=\"801aa99\" data-element_type=\"section\">\n\t\t\t\t\t\t<div class=\"elementor-container elementor-column-gap-default\">\n\t\t\t\t\t<div class=\"elementor-column elementor-col-100 elementor-top-column elementor-element elementor-element-813dcf8\" data-id=\"813dcf8\" data-element_type=\"column\">\n\t\t\t<div class=\"elementor-widget-wrap elementor-element-populated\">\n\t\t\t\t\t\t\t\t<div class=\"elementor-element elementor-element-0570100 elementor-widget elementor-widget-image\" data-id=\"0570100\" data-element_type=\"widget\" data-widget_type=\"image.default\">\n\t\t\t\t<div class=\"elementor-widget-container\">\n\t\t\t\t\t\t\t\t\t\t\t\t\t\t\t<img loading=\"lazy\" decoding=\"async\" width=\"2560\" height=\"948\" src=\"https:\/\/i0.wp.com\/cofradiasantorosario.org.gt\/wp-content\/uploads\/2021\/09\/PORTADAS-COFRADIA-SANTISIMO-WEB-scaled.jpg?fit=2560%2C948&amp;ssl=1\" class=\"attachment-full size-full\" alt=\"\" srcset=\"https:\/\/i0.wp.com\/cofradiasantorosario.org.gt\/wp-content\/uploads\/2021\/09\/PORTADAS-COFRADIA-SANTISIMO-WEB-scaled.jpg?w=2560&amp;ssl=1 2560w, https:\/\/i0.wp.com\/cofradiasantorosario.org.gt\/wp-content\/uploads\/2021\/09\/PORTADAS-COFRADIA-SANTISIMO-WEB-scaled.jpg?resize=300%2C111&amp;ssl=1 300w, https:\/\/i0.wp.com\/cofradiasantorosario.org.gt\/wp-content\/uploads\/2021\/09\/PORTADAS-COFRADIA-SANTISIMO-WEB-scaled.jpg?resize=1024%2C379&amp;ssl=1 1024w, https:\/\/i0.wp.com\/cofradiasantorosario.org.gt\/wp-content\/uploads\/2021\/09\/PORTADAS-COFRADIA-SANTISIMO-WEB-scaled.jpg?resize=768%2C284&amp;ssl=1 768w, https:\/\/i0.wp.com\/cofradiasantorosario.org.gt\/wp-content\/uploads\/2021\/09\/PORTADAS-COFRADIA-SANTISIMO-WEB-scaled.jpg?resize=1536%2C569&amp;ssl=1 1536w, https:\/\/i0.wp.com\/cofradiasantorosario.org.gt\/wp-content\/uploads\/2021\/09\/PORTADAS-COFRADIA-SANTISIMO-WEB-scaled.jpg?resize=2048%2C759&amp;ssl=1 2048w\" sizes=\"auto, (max-width: 1000px) 100vw, 1000px\" \/>\t\t\t\t\t\t\t\t\t\t\t\t\t\t\t<\/div>\n\t\t\t\t<\/div>\n\t\t\t\t\t<\/div>\n\t\t<\/div>\n\t\t\t\t\t\t\t<\/div>\n\t\t<\/section>\n\t\t\t\t<section class=\"elementor-section elementor-top-section elementor-element elementor-element-7d4c908 elementor-section-boxed elementor-section-height-default elementor-section-height-default\" data-id=\"7d4c908\" data-element_type=\"section\">\n\t\t\t\t\t\t<div class=\"elementor-container elementor-column-gap-default\">\n\t\t\t\t\t<div class=\"elementor-column elementor-col-100 elementor-top-column elementor-element elementor-element-d85946c\" data-id=\"d85946c\" data-element_type=\"column\">\n\t\t\t<div class=\"elementor-widget-wrap elementor-element-populated\">\n\t\t\t\t\t\t\t\t<div class=\"elementor-element elementor-element-6ea1ddd elementor-widget elementor-widget-text-editor\" data-id=\"6ea1ddd\" data-element_type=\"widget\" data-widget_type=\"text-editor.default\">\n\t\t\t\t<div class=\"elementor-widget-container\">\n\t\t\t\t\t\t\t<h2>Alabemos al Sant\u00edsimo<\/h2><h6><em>\u201cAun a las manos consagradas de Sacerdotes y Obispos, y hasta el Papa, la Iglesia prescribe velo humeral. Porque por respeto a este Sacramento ninguna cosa lo toca que no sea consagrada.\u201d<\/em><\/h6><h5><em>Santo Tom\u00e1s de Aquino, Suma Teolog\u00eda III. Q82. Art. 3.<\/em><\/h5><p>\u00a0<\/p><p>Unos a\u00f1os m\u00e1s tarde tuvo lugar el hecho milagroso de la Hostia consagrada que comenz\u00f3 a sangrar ante las dudas de fe del sacerdote que celebraba la Eucarist\u00eda en la ciudad de Bolsena (Italia). Este hecho muy difundido llev\u00f3 al Papa Urbano IV a instituir la festividad del Corpus Christi en 1264. Estaba presente en la Iglesia y era considerado como el gran te\u00f3logo sobre la Presencia de Cristo en la Eucarist\u00eda Santo Tomas de Aquino a quien el pont\u00edfice quiso premiar con el cardenalato por su gran servicio a la Iglesia que ense\u00f1a.\u00a0 Pero el humilde dominico le ofreci\u00f3 otro servicio a la Iglesia que el Pont\u00edfice le concedi\u00f3: preparar los textos lit\u00fargicos de dicha fiesta. Gracias a esa concesi\u00f3n tenemos esas obras po\u00e9ticas rezumando la ciencia sublime del gran te\u00f3logo y el amor del gran santo, a quien la iconograf\u00eda ha colocado la custodia en el pecho de sus im\u00e1genes como s\u00edmbolo de Santo Tom\u00e1s de Aquino. Himnos de la calidad del Pange lingua, Lauda Sion, Pan\u00eds angelicus o Adoro te devote, salieron de su espl\u00e9ndida pluma y siguen sacudiendo nuestra falta de correspondencia a quien teniendo que irse al cielo se qued\u00f3 con nosotros en persona y no s\u00f3lo en un recuerdo.<\/p><p>En el siglo XIV tendremos acontecimientos que reforzar\u00e1n dicha solemnidad, que tendr\u00eda desde entonces dos actos fundamentales: la Eucarist\u00eda y la Procesi\u00f3n. En el concilio de Vienne del 1311, el papa que hab\u00eda trasladado la sede desde Roma a Avignon dio una serie de normas para el cortejo que acompa\u00f1ar\u00eda al Se\u00f1or en la procesi\u00f3n dentro de los templos, indicando hasta los detalles de d\u00f3nde ir\u00edan las autoridades que quisieran ir en el desfile. A\u00f1os m\u00e1s tarde, Juan XXII introdujo la Octava del Corpus con Exposici\u00f3n del Sant\u00edsimo Sacramento incluida. Y ser\u00e1 el primero de los Papas renacentistas, Nicol\u00e1s V, el primero en establecer que la Hostia Santa saliera en procesi\u00f3n por las calles de Roma en la fiesta del Corpus del a\u00f1o 1447.<\/p><p>En los siglos posteriores fueron apareciendo esas obras de arte para las Custodias -vaso sagrado donde se coloca la Hostia- y los \u201ccarros triunfantes\u201d son obras maestras de la orfebrer\u00eda religiosa, en las que el pueblo fiel le entrega al Se\u00f1or lo que considera como m\u00e1s valioso:\u00a0 el oro, la plata, las piedras preciosas. La m\u00e1s famosa y valiosa es la que encarg\u00f3 el cardenal Cisneros al orfebre Enrique de Arfe y que \u00e9ste elabor\u00f3 entre los a\u00f1os 1517 y 1524. Tiene una planta hexagonal y se va elevando en columnitas primorosamente ejecutadas, con adornos de pedrer\u00eda y figurillas de \u00e1ngeles, santos, florones, campanitas y espigas. La parte central corresponde a la custodia y es de oro puro del llevado de Am\u00e9rica por Crist\u00f3bal Col\u00f3n. Esta custodia ha salido en Toledo en la fiesta del Corpus desde el a\u00f1o 1595.<\/p><p>\u00a0<\/p><p>\u00a0<\/p><h2><strong><em>Historia del robo de la Custodia de Santo Tom\u00e1s de Aquino<br \/>Bas\u00edlica de Nuestra Se\u00f1ora del Rosario<br \/><br \/><\/em><\/strong><\/h2><p>El templo de Santo Domingo posee muchas y muy valiosas joyas que provienen de la \u00e9poca colonial, lamentablemente han sido robadas muchas de ellas, algunas se han recuperado y de otras no se ha vuelto a saber.<\/p><p>La ma\u00f1ana del 28 de octubre del a\u00f1o 2000, desconocidos intentaron robar la famosa custodia de Santo Tomas de Aquino, magn\u00edfica obra de orfebrer\u00eda que data de mediados del siglo XVII. Los ladrones no pudieron con el peso de la enorme custodia-mide 1.80 metros de alto por 0.8 metros de ancho, logrando llevarse \u00fanicamente la efigie de Santo Tomas y dejando tirado el sol o resplandor en donde se guarda a Jes\u00fas sacramentado cuando es expuesto, obviamente quedo muy da\u00f1ado por el golpe provocado por la ca\u00edda al momento de sacarla del camar\u00edn donde estaba.<\/p><p>La noticia corri\u00f3 como p\u00f3lvora, el padre Jos\u00e9 Quilez -prior del convento- y la comunidad de frailes dominicos estaban sumidos en un sentimiento de tristeza que se generaliz\u00f3 a toda la feligres\u00eda.<\/p><p>A pocas horas de sucedido el robo se apersono Federico de la Riva con el prior y le dijo: \u00ab<em>Padre Jos\u00e9, le prometo que dentro de un a\u00f1o esa custodia estar\u00e1 nuevamente en su camar\u00edn\u00bb<\/em>. Dicho esto se dio a la tarea de buscar un escultor que pudiera hacer el molde en madera lo m\u00e1s parecido posible a la original, se encomend\u00f3 al maestro Caravantes, vecino de la parroquia de Santo Domingo, realizar la imagen en madera para poder ser usada como molde por el orfebre que tendr\u00eda a su cargo la elaboraci\u00f3n en plata, menuda tarea le fue dada al maestro Caravantes pues no hab\u00eda , o hab\u00edan muy pocas, fotograf\u00edas de la imagen del santo sosteniendo el resplandor, apenas se pudo conseguir una o dos fotos impresas tomadas con c\u00e1mara de rollo y de no muy buena calidad, pero el Esp\u00edritu Santo debi\u00f3 iluminar al maestro para haber podido hacer una copia casi exacta sin contar con nada m\u00e1s que una foto.<\/p><p>Recibida la imagen en madera el siguiente paso era encontrar un orfebre que la hiciera en plata, se contact\u00f3 un maestro en Antigua Guatemala quien puso como condici\u00f3n para hacerla que se le permitiera realizar 5 copias de dicha imagen a lo cual no se accedi\u00f3, posteriormente se encontr\u00f3 a un profesional extranjero de apellido Steel quien se comprometi\u00f3 a realizarla con la condici\u00f3n de que estuviera el prior de Santo Domingo y otras personas en su taller el d\u00eda que se rompiera el molde para asegurar de que no se har\u00eda ninguna otra efigie igual, curiosamente el se\u00f1or Steel no era cat\u00f3lico pero actu\u00f3 con honradez y a \u00e9l se encomend\u00f3 la tarea, incluso explic\u00f3 el proceso para hacerla y que utilizar\u00eda arena volc\u00e1nica como parte de la t\u00e9cnica para que quedara en mejores condiciones.<\/p><p>Mientras tanto, Federico se dedic\u00f3 a reunir el dinero necesario -una suma considerable- entre familiares, amigos y devotos de la Virgen del Rosario.<\/p><p>Una vez terminada la imagen de Santo Tomas por parte del se\u00f1or Steel esta le es dada a don Edwin Liscutin, devoto de nuestra madre, quien se dedic\u00f3 a aplicar ba\u00f1o de oro en ciertas partes de la escultura, afin\u00f3 muchos detalles como el rostro y las alas, reparo en su totalidad el resplandor, armo de nuevo la custodia y la dejo tal y como la vemos en la actualidad, dejando adheridas a las alas de Santo Tomas unas placas de plata con el nombre de las personas, empresas e instituciones que colaboraron en esta tarea.<\/p><p>Y as\u00ed lleg\u00f3 el 30 de septiembre de 2001, la custodia nuevamente completa es entregada a la comunidad de frailes dominicos quienes realizaron una misa de acci\u00f3n de gracias antes de colocarla en el mismo camar\u00edn de donde fue sustra\u00edda 11 meses antes. La promesa hab\u00eda sido cumplida.<\/p>\t\t\t\t\t\t<\/div>\n\t\t\t\t<\/div>\n\t\t\t\t\t<\/div>\n\t\t<\/div>\n\t\t\t\t\t\t\t<\/div>\n\t\t<\/section>\n\t\t\t\t\t\t<\/div>\n\t\t\t\t\t<\/div>\n\t\t","protected":false},"excerpt":{"rendered":"<p>Alabemos al Sant\u00edsimo \u201cAun a las manos consagradas de Sacerdotes y Obispos, y hasta el Papa, la Iglesia prescribe velo humeral. Porque por respeto a este Sacramento ninguna cosa lo [&hellip;]<\/p>\n","protected":false},"author":2,"featured_media":0,"parent":0,"menu_order":0,"comment_status":"closed","ping_status":"closed","template":"","meta":{"om_disable_all_campaigns":false,"_monsterinsights_skip_tracking":false,"_monsterinsights_sitenote_active":false,"_monsterinsights_sitenote_note":"","_monsterinsights_sitenote_category":0,"site-sidebar-layout":"no-sidebar","site-content-layout":"page-builder","ast-site-content-layout":"","site-content-style":"default","site-sidebar-style":"default","ast-global-header-display":"","ast-banner-title-visibility":"","ast-main-header-display":"","ast-hfb-above-header-display":"","ast-hfb-below-header-display":"","ast-hfb-mobile-header-display":"","site-post-title":"disabled","ast-breadcrumbs-content":"","ast-featured-img":"disabled","footer-sml-layout":"","theme-transparent-header-meta":"default","adv-header-id-meta":"","stick-header-meta":"","header-above-stick-meta":"","header-main-stick-meta":"","header-below-stick-meta":"","astra-migrate-meta-layouts":"default","ast-page-background-enabled":"default","ast-page-background-meta":{"desktop":{"background-color":"","background-image":"","background-repeat":"repeat","background-position":"center center","background-size":"auto","background-attachment":"scroll","background-type":"","background-media":"","overlay-type":"","overlay-color":"","overlay-opacity":"","overlay-gradient":""},"tablet":{"background-color":"","background-image":"","background-repeat":"repeat","background-position":"center center","background-size":"auto","background-attachment":"scroll","background-type":"","background-media":"","overlay-type":"","overlay-color":"","overlay-opacity":"","overlay-gradient":""},"mobile":{"background-color":"","background-image":"","background-repeat":"repeat","background-position":"center center","background-size":"auto","background-attachment":"scroll","background-type":"","background-media":"","overlay-type":"","overlay-color":"","overlay-opacity":"","overlay-gradient":""}},"ast-content-background-meta":{"desktop":{"background-color":"var(--ast-global-color-5)","background-image":"","background-repeat":"repeat","background-position":"center center","background-size":"auto","background-attachment":"scroll","background-type":"","background-media":"","overlay-type":"","overlay-color":"","overlay-opacity":"","overlay-gradient":""},"tablet":{"background-color":"var(--ast-global-color-5)","background-image":"","background-repeat":"repeat","background-position":"center center","background-size":"auto","background-attachment":"scroll","background-type":"","background-media":"","overlay-type":"","overlay-color":"","overlay-opacity":"","overlay-gradient":""},"mobile":{"background-color":"var(--ast-global-color-5)","background-image":"","background-repeat":"repeat","background-position":"center center","background-size":"auto","background-attachment":"scroll","background-type":"","background-media":"","overlay-type":"","overlay-color":"","overlay-opacity":"","overlay-gradient":""}},"spay_email":"","footnotes":""},"class_list":["post-1116","page","type-page","status-publish","hentry"],"jetpack-related-posts":[{"id":207,"url":"https:\/\/cofradiasantorosario.org.gt\/index.php\/classes\/","url_meta":{"origin":1116,"position":0},"title":"Classes","date":"febrero 1, 2021","format":false,"excerpt":"Recemos el rosario GUIA PARA REZAR EL SANTO ROSARIO\u00a0La se\u00f1al de la cruz\u00a0Por la se\u00f1al de la Santa Cruz, de nuestros enemigos l\u00edbranos Se\u00f1or Dios Nuestro.En el nombre del Padre, del Hijo y del Esp\u00edritu Santo.Acto de Contrici\u00f3nSe\u00f1or m\u00edo, Jesucristo, Dios y hombre verdadero, Creador, Padre y Redentor M\u00edo. Por\u2026","rel":"","context":"Similar post","img":{"alt_text":"","src":"https:\/\/i1.wp.com\/cofradiasantorosario.org.gt\/wp-content\/uploads\/2021\/09\/RECEMOS-EL-ROSARIO-1024x379.jpg?resize=350%2C200","width":350,"height":200},"classes":[]},{"id":1335,"url":"https:\/\/cofradiasantorosario.org.gt\/index.php\/1335-2\/","url_meta":{"origin":1116,"position":1},"title":"CR\u00d3NICAS DE LA CORONACI\u00d3N PONTIFICA\u2026","date":"septiembre 21, 2021","format":false,"excerpt":"CR\u00d3NICAS DE LA CORONACI\u00d3N PONTIFICA DE LA SANT\u00cdSIMA VIRGEN DEL ROSARIO. \"MADRE, REINA Y PATRONA DE LA REP\u00daBLICA DE GUATEMALA\" LAS PETICIONES Y EL DECRETO PONTIFICIO DE LA CORONACION DE LA VIRGEN Guatemala es un pueblo eminentemente religioso y mariano; mariano hasta la m\u00e9dula. Guatemala es devot\u00edsima de la Virgen\u2026","rel":"","context":"Similar post","img":{"alt_text":"","src":"","width":0,"height":0},"classes":[]},{"id":1309,"url":"https:\/\/cofradiasantorosario.org.gt\/index.php\/historia\/","url_meta":{"origin":1116,"position":2},"title":"Historia","date":"septiembre 21, 2021","format":false,"excerpt":"Historia de la Virgen de Plata Conoce aqu\u00ed la historia de la Imagen de Plata de la Virgen del Rosario\u00a0Ver mas La coronaci\u00f3n pontificia CR\u00d3NICAS DE LA CORONACI\u00d3N PONTIFICA DE LA SANT\u00cdSIMA VIRGEN DEL ROSARIO.Ver mas LOS PREPARATIVOS DE LA CORONACI\u00d3NVer mas EL ACONTECIMIENTO HISTORICO DE LA CORONACI\u00d3N\u00a0\u00a0Ver mas JOYAS\u2026","rel":"","context":"Similar post","img":{"alt_text":"","src":"https:\/\/i2.wp.com\/cofradiasantorosario.org.gt\/wp-content\/uploads\/2021\/09\/PORTADAS-HISTORIA-scaled.jpg?resize=350%2C200","width":350,"height":200},"classes":[]},{"id":896,"url":"https:\/\/cofradiasantorosario.org.gt\/index.php\/los-preparativos-para-la-coronacion\/","url_meta":{"origin":1116,"position":3},"title":"Los preparativos para la coronaci\u00f3n","date":"septiembre 16, 2021","format":false,"excerpt":"El primero de mayo de 1933, los Excmos. y Rmos. Prelados de la Rep\u00fablica, Monse\u00f1or Luis Durou y Sure, Arzobispo de Guatemala y Monse\u00f1or Jorge Garc\u00eda y Caballeros, Obispo de los Altos, en una Pastoral colectiva anunciaron a los fieles la gracia concedida por su Santidad de poder Coronar a\u2026","rel":"","context":"Similar post","img":{"alt_text":"","src":"","width":0,"height":0},"classes":[]},{"id":1346,"url":"https:\/\/cofradiasantorosario.org.gt\/index.php\/elementor-1346\/","url_meta":{"origin":1116,"position":4},"title":"LOS PREPARATIVOS DE LA CORONACION\u2026","date":"septiembre 21, 2021","format":false,"excerpt":"LOS PREPARATIVOS DE LA CORONACION El primero de mayo de 1933, los Excmos. y Rmos. Prelados de la Rep\u00fablica, Monse\u00f1or Luis Durou y Sure, Arzobispo de Guatemala y Monse\u00f1or Jorge Garc\u00eda y Caballeros, Obispo de los Altos, en una Pastoral colectiva anunciaron a los fieles la gracia concedida por su\u2026","rel":"","context":"Similar post","img":{"alt_text":"","src":"","width":0,"height":0},"classes":[]},{"id":907,"url":"https:\/\/cofradiasantorosario.org.gt\/index.php\/el-acontecimiento-historico-de-la-coronacion\/","url_meta":{"origin":1116,"position":5},"title":"EL ACONTECIMIENTO HISTORICO DE LA CORONACI\u00d3N","date":"septiembre 16, 2021","format":false,"excerpt":"El d\u00eda 28 de enero de 1934 tuvo lugar en la ciudad de Guatemala uno de los acontecimientos religiosos de m\u00e1s relieve y m\u00e1s conmovedores en los m\u00e1s de cuatrocientos a\u00f1os de Cristianismo. El d\u00eda 28 de enero del a\u00f1o 1934 cay\u00f3 precisamente en domingo, no tuvimos la dicha de\u2026","rel":"","context":"Similar post","img":{"alt_text":"","src":"","width":0,"height":0},"classes":[]}],"_links":{"self":[{"href":"https:\/\/cofradiasantorosario.org.gt\/index.php\/wp-json\/wp\/v2\/pages\/1116","targetHints":{"allow":["GET"]}}],"collection":[{"href":"https:\/\/cofradiasantorosario.org.gt\/index.php\/wp-json\/wp\/v2\/pages"}],"about":[{"href":"https:\/\/cofradiasantorosario.org.gt\/index.php\/wp-json\/wp\/v2\/types\/page"}],"author":[{"embeddable":true,"href":"https:\/\/cofradiasantorosario.org.gt\/index.php\/wp-json\/wp\/v2\/users\/2"}],"replies":[{"embeddable":true,"href":"https:\/\/cofradiasantorosario.org.gt\/index.php\/wp-json\/wp\/v2\/comments?post=1116"}],"version-history":[{"count":24,"href":"https:\/\/cofradiasantorosario.org.gt\/index.php\/wp-json\/wp\/v2\/pages\/1116\/revisions"}],"predecessor-version":[{"id":1826,"href":"https:\/\/cofradiasantorosario.org.gt\/index.php\/wp-json\/wp\/v2\/pages\/1116\/revisions\/1826"}],"wp:attachment":[{"href":"https:\/\/cofradiasantorosario.org.gt\/index.php\/wp-json\/wp\/v2\/media?parent=1116"}],"curies":[{"name":"wp","href":"https:\/\/api.w.org\/{rel}","templated":true}]}}