{"id":1106,"date":"2021-09-20T11:45:00","date_gmt":"2021-09-20T17:45:00","guid":{"rendered":"https:\/\/cofradiasantorosario.org.gt\/?page_id=1106"},"modified":"2021-09-27T12:57:23","modified_gmt":"2021-09-27T18:57:23","slug":"es-de-maria-la-nacion","status":"publish","type":"page","link":"https:\/\/cofradiasantorosario.org.gt\/index.php\/es-de-maria-la-nacion\/","title":{"rendered":"ES DE MAR\u00cdA LA NACI\u00d3N"},"content":{"rendered":"\t\t<div data-elementor-type=\"wp-page\" data-elementor-id=\"1106\" class=\"elementor elementor-1106\" data-elementor-settings=\"[]\">\n\t\t\t\t\t\t\t<div class=\"elementor-section-wrap\">\n\t\t\t\t\t\t\t<section class=\"elementor-section elementor-top-section elementor-element elementor-element-b766252 elementor-section-boxed elementor-section-height-default elementor-section-height-default\" data-id=\"b766252\" data-element_type=\"section\">\n\t\t\t\t\t\t<div class=\"elementor-container elementor-column-gap-default\">\n\t\t\t\t\t<div class=\"elementor-column elementor-col-100 elementor-top-column elementor-element elementor-element-af40ed9\" data-id=\"af40ed9\" data-element_type=\"column\">\n\t\t\t<div class=\"elementor-widget-wrap elementor-element-populated\">\n\t\t\t\t\t\t\t\t<div class=\"elementor-element elementor-element-8d90c19 elementor-widget elementor-widget-image\" data-id=\"8d90c19\" data-element_type=\"widget\" data-widget_type=\"image.default\">\n\t\t\t\t<div class=\"elementor-widget-container\">\n\t\t\t\t\t\t\t\t\t\t\t\t\t\t\t<img loading=\"lazy\" decoding=\"async\" width=\"1024\" height=\"379\" src=\"https:\/\/i0.wp.com\/cofradiasantorosario.org.gt\/wp-content\/uploads\/2021\/09\/PORTADAS-COFRADIA-REINA-Y-MADRE-WEB-scaled.jpg?fit=1024%2C379&amp;ssl=1\" class=\"attachment-large size-large\" alt=\"\" srcset=\"https:\/\/i0.wp.com\/cofradiasantorosario.org.gt\/wp-content\/uploads\/2021\/09\/PORTADAS-COFRADIA-REINA-Y-MADRE-WEB-scaled.jpg?w=2560&amp;ssl=1 2560w, https:\/\/i0.wp.com\/cofradiasantorosario.org.gt\/wp-content\/uploads\/2021\/09\/PORTADAS-COFRADIA-REINA-Y-MADRE-WEB-scaled.jpg?resize=300%2C111&amp;ssl=1 300w, https:\/\/i0.wp.com\/cofradiasantorosario.org.gt\/wp-content\/uploads\/2021\/09\/PORTADAS-COFRADIA-REINA-Y-MADRE-WEB-scaled.jpg?resize=1024%2C379&amp;ssl=1 1024w, https:\/\/i0.wp.com\/cofradiasantorosario.org.gt\/wp-content\/uploads\/2021\/09\/PORTADAS-COFRADIA-REINA-Y-MADRE-WEB-scaled.jpg?resize=768%2C284&amp;ssl=1 768w, https:\/\/i0.wp.com\/cofradiasantorosario.org.gt\/wp-content\/uploads\/2021\/09\/PORTADAS-COFRADIA-REINA-Y-MADRE-WEB-scaled.jpg?resize=1536%2C569&amp;ssl=1 1536w, https:\/\/i0.wp.com\/cofradiasantorosario.org.gt\/wp-content\/uploads\/2021\/09\/PORTADAS-COFRADIA-REINA-Y-MADRE-WEB-scaled.jpg?resize=2048%2C759&amp;ssl=1 2048w\" sizes=\"auto, (max-width: 1000px) 100vw, 1000px\" \/>\t\t\t\t\t\t\t\t\t\t\t\t\t\t\t<\/div>\n\t\t\t\t<\/div>\n\t\t\t\t\t<\/div>\n\t\t<\/div>\n\t\t\t\t\t\t\t<\/div>\n\t\t<\/section>\n\t\t\t\t\t\t<\/div>\n\t\t\t\t\t<\/div>\n\t\t","protected":false},"excerpt":{"rendered":"","protected":false},"author":2,"featured_media":0,"parent":0,"menu_order":0,"comment_status":"closed","ping_status":"closed","template":"","meta":{"om_disable_all_campaigns":false,"_monsterinsights_skip_tracking":false,"_monsterinsights_sitenote_active":false,"_monsterinsights_sitenote_note":"","_monsterinsights_sitenote_category":0,"site-sidebar-layout":"no-sidebar","site-content-layout":"page-builder","ast-site-content-layout":"","site-content-style":"default","site-sidebar-style":"default","ast-global-header-display":"","ast-banner-title-visibility":"","ast-main-header-display":"","ast-hfb-above-header-display":"","ast-hfb-below-header-display":"","ast-hfb-mobile-header-display":"","site-post-title":"disabled","ast-breadcrumbs-content":"","ast-featured-img":"disabled","footer-sml-layout":"","theme-transparent-header-meta":"default","adv-header-id-meta":"","stick-header-meta":"","header-above-stick-meta":"","header-main-stick-meta":"","header-below-stick-meta":"","astra-migrate-meta-layouts":"default","ast-page-background-enabled":"default","ast-page-background-meta":{"desktop":{"background-color":"","background-image":"","background-repeat":"repeat","background-position":"center center","background-size":"auto","background-attachment":"scroll","background-type":"","background-media":"","overlay-type":"","overlay-color":"","overlay-opacity":"","overlay-gradient":""},"tablet":{"background-color":"","background-image":"","background-repeat":"repeat","background-position":"center center","background-size":"auto","background-attachment":"scroll","background-type":"","background-media":"","overlay-type":"","overlay-color":"","overlay-opacity":"","overlay-gradient":""},"mobile":{"background-color":"","background-image":"","background-repeat":"repeat","background-position":"center center","background-size":"auto","background-attachment":"scroll","background-type":"","background-media":"","overlay-type":"","overlay-color":"","overlay-opacity":"","overlay-gradient":""}},"ast-content-background-meta":{"desktop":{"background-color":"var(--ast-global-color-5)","background-image":"","background-repeat":"repeat","background-position":"center center","background-size":"auto","background-attachment":"scroll","background-type":"","background-media":"","overlay-type":"","overlay-color":"","overlay-opacity":"","overlay-gradient":""},"tablet":{"background-color":"var(--ast-global-color-5)","background-image":"","background-repeat":"repeat","background-position":"center center","background-size":"auto","background-attachment":"scroll","background-type":"","background-media":"","overlay-type":"","overlay-color":"","overlay-opacity":"","overlay-gradient":""},"mobile":{"background-color":"var(--ast-global-color-5)","background-image":"","background-repeat":"repeat","background-position":"center center","background-size":"auto","background-attachment":"scroll","background-type":"","background-media":"","overlay-type":"","overlay-color":"","overlay-opacity":"","overlay-gradient":""}},"spay_email":"","footnotes":""},"class_list":["post-1106","page","type-page","status-publish","hentry"],"jetpack-related-posts":[{"id":1006,"url":"https:\/\/cofradiasantorosario.org.gt\/index.php\/misterios-gozosos\/","url_meta":{"origin":1106,"position":0},"title":"MISTERIOS GOZOSOS","date":"septiembre 18, 2021","format":false,"excerpt":"Primer Misterio Gozoso: La Encarnaci\u00f3n del Hijo de Dios Al sexto mes el \u00e1ngel Gabriel fue enviado por Dios a una ciudad de Galilea, llamada Nazaret, a una virgen desposada con un hombre llamado Jos\u00e9, de la estirpe de David; el nombre de la virgen era Mar\u00eda\u00bb Despu\u00e9s de una\u2026","rel":"","context":"Similar post","img":{"alt_text":"","src":"","width":0,"height":0},"classes":[]},{"id":13,"url":"https:\/\/cofradiasantorosario.org.gt\/index.php\/about\/","url_meta":{"origin":1106,"position":1},"title":"About","date":"enero 29, 2021","format":false,"excerpt":"AUXILIO DE LOS CRISTIANOS Permanezcamos un\u00e1nimes en oraci\u00f3n con la madre de Jes\u00fas\u00a0 Devocionario Mariano\u00a0Ave Mar\u00edaDios te salve, Mar\u00eda, llena de gracia, el Se\u00f1or es contigo. Bendita eres entre todas las mujeres y bendito es el fruto de tu vientre, Jes\u00fas.Santa Mar\u00eda, Madre de Dios, ruega por nosotros pecadores ahora\u2026","rel":"","context":"Similar post","img":{"alt_text":"","src":"https:\/\/i2.wp.com\/cofradiasantorosario.org.gt\/wp-content\/uploads\/2021\/09\/WhatsApp-Image-2021-08-28-at-9.07.52-AM.jpeg?resize=350%2C200","width":350,"height":200},"classes":[]},{"id":207,"url":"https:\/\/cofradiasantorosario.org.gt\/index.php\/classes\/","url_meta":{"origin":1106,"position":2},"title":"Classes","date":"febrero 1, 2021","format":false,"excerpt":"Recemos el rosario GUIA PARA REZAR EL SANTO ROSARIO\u00a0La se\u00f1al de la cruz\u00a0Por la se\u00f1al de la Santa Cruz, de nuestros enemigos l\u00edbranos Se\u00f1or Dios Nuestro.En el nombre del Padre, del Hijo y del Esp\u00edritu Santo.Acto de Contrici\u00f3nSe\u00f1or m\u00edo, Jesucristo, Dios y hombre verdadero, Creador, Padre y Redentor M\u00edo. Por\u2026","rel":"","context":"Similar post","img":{"alt_text":"","src":"https:\/\/i1.wp.com\/cofradiasantorosario.org.gt\/wp-content\/uploads\/2021\/09\/RECEMOS-EL-ROSARIO-1024x379.jpg?resize=350%2C200","width":350,"height":200},"classes":[]},{"id":234,"url":"https:\/\/cofradiasantorosario.org.gt\/","url_meta":{"origin":1106,"position":3},"title":"Inicio","date":"enero 29, 2021","format":false,"excerpt":"Mar\u00eda: misionera y contemplativa del Reino. Esperanza Nuestra Quiero ser cofrade del Santo rosario","rel":"","context":"Similar post","img":{"alt_text":"Cofrad\u00eda del Santo Rosario","src":"https:\/\/i0.wp.com\/cofradiasantorosario.org.gt\/wp-content\/uploads\/2021\/09\/logocr.png?fit=800%2C1200&ssl=1&resize=350%2C200","width":350,"height":200},"classes":[]},{"id":1130,"url":"https:\/\/cofradiasantorosario.org.gt\/index.php\/octubre-2021\/","url_meta":{"origin":1106,"position":4},"title":"Octubre 2021","date":"septiembre 20, 2021","format":false,"excerpt":"MAR\u00cdA AUXILIO DE LOS CRISTIANOS Permanezcamos un\u00e1nimes en oraci\u00f3n con la madre de Jes\u00fas\u00a0Octubre 2021","rel":"","context":"Similar post","img":{"alt_text":"","src":"https:\/\/i0.wp.com\/cofradiasantorosario.org.gt\/wp-content\/uploads\/2021\/09\/WhatsApp-Image-2021-08-28-at-9.07.52-AM-1024x768.jpeg?resize=350%2C200","width":350,"height":200},"classes":[]},{"id":1021,"url":"https:\/\/cofradiasantorosario.org.gt\/index.php\/misterios-gloriosos\/","url_meta":{"origin":1106,"position":5},"title":"MISTERIOS GLORIOSOS","date":"septiembre 18, 2021","format":false,"excerpt":"Primer Misterio Glorioso: La resurrecci\u00f3n del Hijo de DiosEl primer d\u00eda de la semana, muy de ma\u00f1ana, fueron al sepulcro llevando los aromas que hab\u00edan preparado. Pero encontraron que la piedra hab\u00eda sido retirada del sepulcro, y entraron, pero no hallaron el cuerpo del Se\u00f1or Jes\u00fas. No sab\u00edan que pensar\u2026","rel":"","context":"Similar post","img":{"alt_text":"","src":"","width":0,"height":0},"classes":[]}],"_links":{"self":[{"href":"https:\/\/cofradiasantorosario.org.gt\/index.php\/wp-json\/wp\/v2\/pages\/1106","targetHints":{"allow":["GET"]}}],"collection":[{"href":"https:\/\/cofradiasantorosario.org.gt\/index.php\/wp-json\/wp\/v2\/pages"}],"about":[{"href":"https:\/\/cofradiasantorosario.org.gt\/index.php\/wp-json\/wp\/v2\/types\/page"}],"author":[{"embeddable":true,"href":"https:\/\/cofradiasantorosario.org.gt\/index.php\/wp-json\/wp\/v2\/users\/2"}],"replies":[{"embeddable":true,"href":"https:\/\/cofradiasantorosario.org.gt\/index.php\/wp-json\/wp\/v2\/comments?post=1106"}],"version-history":[{"count":4,"href":"https:\/\/cofradiasantorosario.org.gt\/index.php\/wp-json\/wp\/v2\/pages\/1106\/revisions"}],"predecessor-version":[{"id":1803,"href":"https:\/\/cofradiasantorosario.org.gt\/index.php\/wp-json\/wp\/v2\/pages\/1106\/revisions\/1803"}],"wp:attachment":[{"href":"https:\/\/cofradiasantorosario.org.gt\/index.php\/wp-json\/wp\/v2\/media?parent=1106"}],"curies":[{"name":"wp","href":"https:\/\/api.w.org\/{rel}","templated":true}]}}