{"id":1103,"date":"2021-09-20T11:45:00","date_gmt":"2021-09-20T17:45:00","guid":{"rendered":"https:\/\/cofradiasantorosario.org.gt\/?page_id=1103"},"modified":"2021-09-27T12:37:07","modified_gmt":"2021-09-27T18:37:07","slug":"predicacion","status":"publish","type":"page","link":"https:\/\/cofradiasantorosario.org.gt\/index.php\/predicacion\/","title":{"rendered":""},"content":{"rendered":"\t\t<div data-elementor-type=\"wp-page\" data-elementor-id=\"1103\" class=\"elementor elementor-1103\" data-elementor-settings=\"[]\">\n\t\t\t\t\t\t\t<div class=\"elementor-section-wrap\">\n\t\t\t\t\t\t\t<section class=\"elementor-section elementor-top-section elementor-element elementor-element-daa863b elementor-section-boxed elementor-section-height-default elementor-section-height-default\" data-id=\"daa863b\" data-element_type=\"section\">\n\t\t\t\t\t\t<div class=\"elementor-container elementor-column-gap-default\">\n\t\t\t\t\t<div class=\"elementor-column elementor-col-100 elementor-top-column elementor-element elementor-element-86b28c3\" data-id=\"86b28c3\" data-element_type=\"column\">\n\t\t\t<div class=\"elementor-widget-wrap elementor-element-populated\">\n\t\t\t\t\t\t\t\t<div class=\"elementor-element elementor-element-cc40030 elementor-widget elementor-widget-image\" data-id=\"cc40030\" data-element_type=\"widget\" data-widget_type=\"image.default\">\n\t\t\t\t<div class=\"elementor-widget-container\">\n\t\t\t\t\t\t\t\t\t\t\t\t\t\t\t<img loading=\"lazy\" decoding=\"async\" width=\"1024\" height=\"379\" src=\"https:\/\/i0.wp.com\/cofradiasantorosario.org.gt\/wp-content\/uploads\/2021\/09\/PORTADAS-COFRADIA-PREDICACION-WEB-scaled.jpg?fit=1024%2C379&amp;ssl=1\" class=\"attachment-large size-large\" alt=\"\" srcset=\"https:\/\/i0.wp.com\/cofradiasantorosario.org.gt\/wp-content\/uploads\/2021\/09\/PORTADAS-COFRADIA-PREDICACION-WEB-scaled.jpg?w=2560&amp;ssl=1 2560w, https:\/\/i0.wp.com\/cofradiasantorosario.org.gt\/wp-content\/uploads\/2021\/09\/PORTADAS-COFRADIA-PREDICACION-WEB-scaled.jpg?resize=300%2C111&amp;ssl=1 300w, https:\/\/i0.wp.com\/cofradiasantorosario.org.gt\/wp-content\/uploads\/2021\/09\/PORTADAS-COFRADIA-PREDICACION-WEB-scaled.jpg?resize=1024%2C379&amp;ssl=1 1024w, https:\/\/i0.wp.com\/cofradiasantorosario.org.gt\/wp-content\/uploads\/2021\/09\/PORTADAS-COFRADIA-PREDICACION-WEB-scaled.jpg?resize=768%2C284&amp;ssl=1 768w, https:\/\/i0.wp.com\/cofradiasantorosario.org.gt\/wp-content\/uploads\/2021\/09\/PORTADAS-COFRADIA-PREDICACION-WEB-scaled.jpg?resize=1536%2C569&amp;ssl=1 1536w, https:\/\/i0.wp.com\/cofradiasantorosario.org.gt\/wp-content\/uploads\/2021\/09\/PORTADAS-COFRADIA-PREDICACION-WEB-scaled.jpg?resize=2048%2C759&amp;ssl=1 2048w\" sizes=\"auto, (max-width: 1000px) 100vw, 1000px\" \/>\t\t\t\t\t\t\t\t\t\t\t\t\t\t\t<\/div>\n\t\t\t\t<\/div>\n\t\t\t\t\t<\/div>\n\t\t<\/div>\n\t\t\t\t\t\t\t<\/div>\n\t\t<\/section>\n\t\t\t\t<section class=\"elementor-section elementor-top-section elementor-element elementor-element-4dc443d elementor-section-boxed elementor-section-height-default elementor-section-height-default\" data-id=\"4dc443d\" data-element_type=\"section\">\n\t\t\t\t\t\t<div class=\"elementor-container elementor-column-gap-default\">\n\t\t\t\t\t<div class=\"elementor-column elementor-col-100 elementor-top-column elementor-element elementor-element-43cbb4f\" data-id=\"43cbb4f\" data-element_type=\"column\">\n\t\t\t<div class=\"elementor-widget-wrap elementor-element-populated\">\n\t\t\t\t\t\t\t\t<div class=\"elementor-element elementor-element-4eafce8 elementor-widget elementor-widget-spacer\" data-id=\"4eafce8\" data-element_type=\"widget\" data-widget_type=\"spacer.default\">\n\t\t\t\t<div class=\"elementor-widget-container\">\n\t\t\t\t\t<div class=\"elementor-spacer\">\n\t\t\t<div class=\"elementor-spacer-inner\"><\/div>\n\t\t<\/div>\n\t\t\t\t<\/div>\n\t\t\t\t<\/div>\n\t\t\t\t\t<\/div>\n\t\t<\/div>\n\t\t\t\t\t\t\t<\/div>\n\t\t<\/section>\n\t\t\t\t<section class=\"elementor-section elementor-top-section elementor-element elementor-element-7578b144 elementor-section-boxed elementor-section-height-default elementor-section-height-default\" data-id=\"7578b144\" data-element_type=\"section\">\n\t\t\t\t\t\t<div class=\"elementor-container elementor-column-gap-default\">\n\t\t\t\t\t<div class=\"elementor-column elementor-col-100 elementor-top-column elementor-element elementor-element-3d98e897\" data-id=\"3d98e897\" data-element_type=\"column\">\n\t\t\t<div class=\"elementor-widget-wrap elementor-element-populated\">\n\t\t\t\t\t\t\t\t<div class=\"elementor-element elementor-element-766a4c49 elementor-widget elementor-widget-text-editor\" data-id=\"766a4c49\" data-element_type=\"widget\" data-widget_type=\"text-editor.default\">\n\t\t\t\t<div class=\"elementor-widget-container\">\n\t\t\t\t\t\t\t<p><!-- wp:paragraph --><\/p>\n<h3><strong>PREDICACI\u00d3N\u00a0\u00a0<\/strong><\/h3>\n<p>Nuestro celo se funda en la pasi\u00f3n por abrir a la humanidad caminos de vida, de verdad y libertad por la palabra. Desde los or\u00edgenes, el carisma de la Orden de Predicadores consiste en\u00a0<em><strong>\u201cla salvaci\u00f3n de las almas\u201d<\/strong><\/em>, mediante la predicaci\u00f3n.<\/p>\n<p><!-- \/wp:paragraph --><\/p>\n<p><!-- wp:paragraph --><\/p>\n<p>Nosotros descubrimos hoy m\u00e1s la importancia de su dimensi\u00f3n de familia en la que mujeres y hombres, laicos y cl\u00e9rigos pueden estar unidos para colaborar en la misi\u00f3n evang\u00e9lica, perteneciendo a comunidades o fraternidades, respetuosos con las diferencias, pero unidos por la fe. Nuestros esfuerzos para crecer como familia son en s\u00ed mismos aspectos de nuestra predicaci\u00f3n. Esta tarea com\u00fan de la predicaci\u00f3n es la oferta de la experiencia de un Cristo vivo, a quien se le puede encontrar y a quien se le puede hablar. Esta tarea nos impone la obligaci\u00f3n de escuchar la voz, los ojos y el coraz\u00f3n de quienes se dirigieron al ap\u00f3stol Felipe rog\u00e1ndole:\u00a0<em>\u00abqueremos ver a Jes\u00fas\u00bb<\/em>\u00a0(Jn 12,21), y que son hoy los gritos de un gran n\u00famero en el mundo.<\/p>\n<p><!-- \/wp:paragraph --><\/p>\n<p><!-- wp:paragraph --><\/p>\n<p>La respuesta de Domingo, y una de las claves del \u00e9xito como predicador, fue su modo de vivir. Lo que atrae a las gentes hacia Cristo Jes\u00fas, no es precisamente lo que decimos, sino lo que somos. Por eso, nuestra predicaci\u00f3n realiza de una manera plena su tarea en la medida en que los pobres reconocen a Jes\u00fas en nuestras comunidades. El evangelio que predicamos es la Buena Noticia a los pobres. Comprometiendo nuestra vida con ellos, nos convertimos en destinatarios de su evangelio. Para ir a su encuentro, nuestra predicaci\u00f3n nos invita no a un compromiso en una actividad pastoral local, sino a una movilidad apost\u00f3lica. Por eso, Domingo ha querido predicar seg\u00fan el modelo del Evangelio.<\/p>\n<p><!-- \/wp:paragraph --><\/p>\n<p><!-- wp:paragraph --><\/p>\n<p>Nuestro carisma dentro de la Iglesia es ejercer, en colaboraci\u00f3n con el ministerio de los obispos, la predicaci\u00f3n en su dimensi\u00f3n prof\u00e9tica, de modo colegial, comunitario. Es un recuerdo constante a toda la Iglesia de la importancia de la predicaci\u00f3n. Nuestro trabajo teol\u00f3gico, en el que se apoya nuestra predicaci\u00f3n, quiere descifrar constante y conjuntamente la Palabra de Dios y la experiencia humana. Nos obliga a la renovaci\u00f3n, a aportar una respuesta adaptada, para que nada verdaderamente humano quede sin eco en nuestro coraz\u00f3n y en nuestra palabra. Esta\u00a0caracter\u00edstica prof\u00e9tica de la Orden hace que nuestra b\u00fasqueda intelectual cuide el secreto de una libertad interior, la de la fe, que es adhesi\u00f3n a una persona viva, Dios mismo, el \u00danico a quien debe el homenaje de su obediencia. Esta libertad de esp\u00edritu junto con el desplazamiento no es algo accidental, sino un prop\u00f3sito deliberado de Domingo. Por eso, nuestra predicaci\u00f3n itinerante, comunitaria y prof\u00e9tica, vivida siempre en comuni\u00f3n con la Iglesia, se ofrece como una proclamaci\u00f3n gozosa a los hombres de la Palabra de Dios vivo y vivificante.<\/p>\n<p><!-- \/wp:paragraph --><\/p>\t\t\t\t\t\t<\/div>\n\t\t\t\t<\/div>\n\t\t\t\t\t<\/div>\n\t\t<\/div>\n\t\t\t\t\t\t\t<\/div>\n\t\t<\/section>\n\t\t\t\t\t\t<\/div>\n\t\t\t\t\t<\/div>\n\t\t","protected":false},"excerpt":{"rendered":"<p>PREDICACI\u00d3N\u00a0\u00a0 Nuestro celo se funda en la pasi\u00f3n por abrir a la humanidad caminos de vida, de verdad y libertad por la palabra. Desde los or\u00edgenes, el carisma de la [&hellip;]<\/p>\n","protected":false},"author":2,"featured_media":0,"parent":0,"menu_order":0,"comment_status":"closed","ping_status":"closed","template":"","meta":{"om_disable_all_campaigns":false,"_monsterinsights_skip_tracking":false,"_monsterinsights_sitenote_active":false,"_monsterinsights_sitenote_note":"","_monsterinsights_sitenote_category":0,"site-sidebar-layout":"default","site-content-layout":"default","ast-site-content-layout":"","site-content-style":"default","site-sidebar-style":"default","ast-global-header-display":"","ast-banner-title-visibility":"","ast-main-header-display":"","ast-hfb-above-header-display":"","ast-hfb-below-header-display":"","ast-hfb-mobile-header-display":"","site-post-title":"","ast-breadcrumbs-content":"","ast-featured-img":"","footer-sml-layout":"","theme-transparent-header-meta":"default","adv-header-id-meta":"","stick-header-meta":"","header-above-stick-meta":"","header-main-stick-meta":"","header-below-stick-meta":"","astra-migrate-meta-layouts":"default","ast-page-background-enabled":"default","ast-page-background-meta":{"desktop":{"background-color":"","background-image":"","background-repeat":"repeat","background-position":"center center","background-size":"auto","background-attachment":"scroll","background-type":"","background-media":"","overlay-type":"","overlay-color":"","overlay-opacity":"","overlay-gradient":""},"tablet":{"background-color":"","background-image":"","background-repeat":"repeat","background-position":"center center","background-size":"auto","background-attachment":"scroll","background-type":"","background-media":"","overlay-type":"","overlay-color":"","overlay-opacity":"","overlay-gradient":""},"mobile":{"background-color":"","background-image":"","background-repeat":"repeat","background-position":"center center","background-size":"auto","background-attachment":"scroll","background-type":"","background-media":"","overlay-type":"","overlay-color":"","overlay-opacity":"","overlay-gradient":""}},"ast-content-background-meta":{"desktop":{"background-color":"var(--ast-global-color-5)","background-image":"","background-repeat":"repeat","background-position":"center center","background-size":"auto","background-attachment":"scroll","background-type":"","background-media":"","overlay-type":"","overlay-color":"","overlay-opacity":"","overlay-gradient":""},"tablet":{"background-color":"var(--ast-global-color-5)","background-image":"","background-repeat":"repeat","background-position":"center center","background-size":"auto","background-attachment":"scroll","background-type":"","background-media":"","overlay-type":"","overlay-color":"","overlay-opacity":"","overlay-gradient":""},"mobile":{"background-color":"var(--ast-global-color-5)","background-image":"","background-repeat":"repeat","background-position":"center center","background-size":"auto","background-attachment":"scroll","background-type":"","background-media":"","overlay-type":"","overlay-color":"","overlay-opacity":"","overlay-gradient":""}},"spay_email":"","footnotes":""},"class_list":["post-1103","page","type-page","status-publish","hentry"],"jetpack-related-posts":[{"id":1335,"url":"https:\/\/cofradiasantorosario.org.gt\/index.php\/1335-2\/","url_meta":{"origin":1103,"position":0},"title":"CR\u00d3NICAS DE LA CORONACI\u00d3N PONTIFICA\u2026","date":"septiembre 21, 2021","format":false,"excerpt":"CR\u00d3NICAS DE LA CORONACI\u00d3N PONTIFICA DE LA SANT\u00cdSIMA VIRGEN DEL ROSARIO. \"MADRE, REINA Y PATRONA DE LA REP\u00daBLICA DE GUATEMALA\" LAS PETICIONES Y EL DECRETO PONTIFICIO DE LA CORONACION DE LA VIRGEN Guatemala es un pueblo eminentemente religioso y mariano; mariano hasta la m\u00e9dula. Guatemala es devot\u00edsima de la Virgen\u2026","rel":"","context":"Similar post","img":{"alt_text":"","src":"","width":0,"height":0},"classes":[]},{"id":1117,"url":"https:\/\/cofradiasantorosario.org.gt\/index.php\/formacion-dominicana\/","url_meta":{"origin":1103,"position":1},"title":"Formaci\u00f3n Dominicana","date":"septiembre 20, 2021","format":false,"excerpt":"Formaci\u00f3n Dominicana\u00bfQu\u00e9 sentido tiene ser laico dominico hoy? \u00bfPuede una espiritualidad que hunde sus ra\u00edces en Santo Domingo de Guzm\u00e1n, un fraile de la Edad Media, ofrecer un camino de vida cristiana plena para un laico del siglo XXI? Despu\u00e9s del Concilio Vaticano II (1962-1965) y el reconocimiento de la\u2026","rel":"","context":"Similar post","img":{"alt_text":"","src":"https:\/\/i1.wp.com\/cofradiasantorosario.org.gt\/wp-content\/uploads\/2021\/09\/PORTADAS-FORMACION-1024x379.jpg?resize=350%2C200","width":350,"height":200},"classes":[]},{"id":1298,"url":"https:\/\/cofradiasantorosario.org.gt\/index.php\/asociacion-del-rosario-perpetuo\/","url_meta":{"origin":1103,"position":2},"title":"Asociaci\u00f3n del Rosario Perpetuo","date":"septiembre 21, 2021","format":false,"excerpt":"El Rosario PerpetuoFue fundada por el obispo Francisco Marroqu\u00edn el 1 de noviembre de 1559. Ha estado siempre bajo la custodia de los Frailes Dominicos por ser una entidad aneja a la Orden de Frailes Predicadores, es la primera Cofradia del Rosario en la Ciudad de Santiago de los Caballeros\u2026","rel":"","context":"Similar post","img":{"alt_text":"","src":"https:\/\/i2.wp.com\/cofradiasantorosario.org.gt\/wp-content\/uploads\/2021\/09\/PORTADAS-COFRADIA-PERPETUO-WEB-1024x379.jpg?resize=350%2C200","width":350,"height":200},"classes":[]},{"id":1299,"url":"https:\/\/cofradiasantorosario.org.gt\/index.php\/asociasion-del-rosario-viviente\/","url_meta":{"origin":1103,"position":3},"title":"Asociasion del Rosario Viviente","date":"septiembre 21, 2021","format":false,"excerpt":"El Rosario VivienteFue fundado en Guatemala en el a\u00f1o de 1938. El Rosario Viviente est\u00e1 enfocado hacia los ni\u00f1os y les ayuda a aprender la devoci\u00f3n desde temprana edad. Los Ni\u00f1os Rezan solo un misterio cada d\u00eda, es una forma de fomentar el h\u00e1bito del rezo del Santo Rosario. Actualmente\u2026","rel":"","context":"Similar post","img":{"alt_text":"","src":"https:\/\/i1.wp.com\/cofradiasantorosario.org.gt\/wp-content\/uploads\/2021\/09\/PORTADAS-COFRADIA-VIVIENTE-WEB-1024x379.jpg?resize=350%2C200","width":350,"height":200},"classes":[]},{"id":856,"url":"https:\/\/cofradiasantorosario.org.gt\/index.php\/historia-virgen-plata\/","url_meta":{"origin":1103,"position":4},"title":"Historia de la Virgen de Plata","date":"septiembre 16, 2021","format":false,"excerpt":"Historia de la Virgen del Rosario El dominico padre L\u00f3pez de Montoya, fue uno de los primeros predicadores dominicos por estas tierras. Era un hombre de mucha devoci\u00f3n y fue un gran devoto del rosario. Por su gran entusiasmo por el rosario y con la generosidad del pueblo guatemalteco, para\u2026","rel":"","context":"Similar post","img":{"alt_text":"","src":"","width":0,"height":0},"classes":[]},{"id":207,"url":"https:\/\/cofradiasantorosario.org.gt\/index.php\/classes\/","url_meta":{"origin":1103,"position":5},"title":"Classes","date":"febrero 1, 2021","format":false,"excerpt":"Recemos el rosario GUIA PARA REZAR EL SANTO ROSARIO\u00a0La se\u00f1al de la cruz\u00a0Por la se\u00f1al de la Santa Cruz, de nuestros enemigos l\u00edbranos Se\u00f1or Dios Nuestro.En el nombre del Padre, del Hijo y del Esp\u00edritu Santo.Acto de Contrici\u00f3nSe\u00f1or m\u00edo, Jesucristo, Dios y hombre verdadero, Creador, Padre y Redentor M\u00edo. Por\u2026","rel":"","context":"Similar post","img":{"alt_text":"","src":"https:\/\/i1.wp.com\/cofradiasantorosario.org.gt\/wp-content\/uploads\/2021\/09\/RECEMOS-EL-ROSARIO-1024x379.jpg?resize=350%2C200","width":350,"height":200},"classes":[]}],"_links":{"self":[{"href":"https:\/\/cofradiasantorosario.org.gt\/index.php\/wp-json\/wp\/v2\/pages\/1103","targetHints":{"allow":["GET"]}}],"collection":[{"href":"https:\/\/cofradiasantorosario.org.gt\/index.php\/wp-json\/wp\/v2\/pages"}],"about":[{"href":"https:\/\/cofradiasantorosario.org.gt\/index.php\/wp-json\/wp\/v2\/types\/page"}],"author":[{"embeddable":true,"href":"https:\/\/cofradiasantorosario.org.gt\/index.php\/wp-json\/wp\/v2\/users\/2"}],"replies":[{"embeddable":true,"href":"https:\/\/cofradiasantorosario.org.gt\/index.php\/wp-json\/wp\/v2\/comments?post=1103"}],"version-history":[{"count":14,"href":"https:\/\/cofradiasantorosario.org.gt\/index.php\/wp-json\/wp\/v2\/pages\/1103\/revisions"}],"predecessor-version":[{"id":1794,"href":"https:\/\/cofradiasantorosario.org.gt\/index.php\/wp-json\/wp\/v2\/pages\/1103\/revisions\/1794"}],"wp:attachment":[{"href":"https:\/\/cofradiasantorosario.org.gt\/index.php\/wp-json\/wp\/v2\/media?parent=1103"}],"curies":[{"name":"wp","href":"https:\/\/api.w.org\/{rel}","templated":true}]}}