{"id":1021,"date":"2021-09-18T22:26:16","date_gmt":"2021-09-19T04:26:16","guid":{"rendered":"https:\/\/cofradiasantorosario.org.gt\/?page_id=1021"},"modified":"2021-09-18T22:26:18","modified_gmt":"2021-09-19T04:26:18","slug":"misterios-gloriosos","status":"publish","type":"page","link":"https:\/\/cofradiasantorosario.org.gt\/index.php\/misterios-gloriosos\/","title":{"rendered":"MISTERIOS GLORIOSOS"},"content":{"rendered":"\n<figure class=\"wp-block-table\"><table><tbody><tr><td><strong><em>Primer Misterio Glorioso: La resurrecci\u00f3n del Hijo de Dios<\/em><\/strong><br>El primer d\u00eda de la semana, muy de ma\u00f1ana, fueron al sepulcro llevando los aromas que hab\u00edan preparado. Pero encontraron que la piedra hab\u00eda sido retirada del sepulcro, y entraron, pero no hallaron el cuerpo del Se\u00f1or Jes\u00fas. No sab\u00edan que pensar de esto, cuando se presentaron ante ellas dos hombres con vestidos resplandecientes. Ellas, despavoridas, miraban al suelo, y ellos les dijeron: &#8220;\u00bfPor qu\u00e9 busc\u00e1is ente los muertos al que est\u00e1 vivo? No est\u00e1 aqu\u00ed, ha resucitado&#8221;.<br><br>\u00a0\u00a0Despu\u00e9s de una breve pausa de reflexi\u00f3n, un\u00a0<em>Padrenuestro<\/em>, diez\u00a0<em>Avemar\u00edas<\/em>\u00a0y un\u00a0<em>Gloria<\/em>.<br>\u00a0<\/td><\/tr><tr><td><strong><em>Segundo Misterio Glorioso: La Ascensi\u00f3n del Se\u00f1or al cielo<\/em><\/strong><br>El Se\u00f1or Jes\u00fas, despu\u00e9s de hablarles, ascendi\u00f3 al cielo y se sent\u00f3 a la derecha de Dios.<br><br>Despu\u00e9s de una breve pausa de reflexi\u00f3n, un\u00a0<em>Padrenuestro<\/em>, diez\u00a0<em>Avemar\u00edas<\/em>\u00a0y un\u00a0<em>Gloria<\/em>.<br>\u00a0<\/td><\/tr><tr><td><strong><em>Tercer Misterio Glorioso: La venida del Esp\u00edritu Santo<\/em><\/strong><br>Al llegar el d\u00eda de Pentecost\u00e9s, estaban todos reunidos en un mismo lugar. De repente vino del cielo un ruido como el de una r\u00e1faga de viento impetuoso, que llen\u00f3 toda la casa en la que se encontraban. Se les aparecieron unas lenguas como de fuego que se repartieron y se posaron sobre cada uno de ellos; quedaron todos llenos del Esp\u00edritu Santo y se pusieron a hablar en otras lenguas, seg\u00fan el Esp\u00edritu les conced\u00eda expresarse.<br><br>Despu\u00e9s de una breve pausa de reflexi\u00f3n, un\u00a0<em>Padrenuestro<\/em>, diez\u00a0<em>Avemar\u00edas<\/em>\u00a0y un\u00a0<em>Gloria<\/em>.<br>\u00a0<\/td><\/tr><tr><td><strong><em>Cuarto Misterio Glorioso: La Asunci\u00f3n de Mar\u00eda al cielo<\/em><\/strong><br>Todas las generaciones me llamar\u00e1n bienaventurada porque el Se\u00f1or ha hecho obras grandes en m\u00ed.<br><br>Despu\u00e9s de una breve pausa de reflexi\u00f3n, un\u00a0<em>Padrenuestro<\/em>, diez\u00a0<em>Avemar\u00edas<\/em>\u00a0y un\u00a0<em>Gloria<\/em>.<br>\u00a0<\/td><\/tr><tr><td><strong><em>Quinto Misterio Glorioso: La coronaci\u00f3n de Mar\u00eda como Reina y Se\u00f1ora de todo lo creado<\/em><\/strong><br>Una gran se\u00f1al apareci\u00f3 en el cielo: una mujer, vestida de sol, con la luna bajo sus pies, y una corona de doce estrellas sobre su cabeza.<br><br>\u00a0Despu\u00e9s de una breve pausa de reflexi\u00f3n, un\u00a0<em>Padrenuestro<\/em>, diez\u00a0<em>Avemar\u00edas<\/em>\u00a0y un\u00a0<em>Gloria<\/em>.<\/td><\/tr><\/tbody><\/table><\/figure>\n","protected":false},"excerpt":{"rendered":"<p>Primer Misterio Glorioso: La resurrecci\u00f3n del Hijo de DiosEl primer d\u00eda de la semana, muy de ma\u00f1ana, fueron al sepulcro llevando los aromas que hab\u00edan preparado. Pero encontraron que la [&hellip;]<\/p>\n","protected":false},"author":2,"featured_media":0,"parent":0,"menu_order":0,"comment_status":"closed","ping_status":"closed","template":"","meta":{"om_disable_all_campaigns":false,"_monsterinsights_skip_tracking":false,"_monsterinsights_sitenote_active":false,"_monsterinsights_sitenote_note":"","_monsterinsights_sitenote_category":0,"site-sidebar-layout":"default","site-content-layout":"default","ast-site-content-layout":"","site-content-style":"default","site-sidebar-style":"default","ast-global-header-display":"","ast-banner-title-visibility":"","ast-main-header-display":"","ast-hfb-above-header-display":"","ast-hfb-below-header-display":"","ast-hfb-mobile-header-display":"","site-post-title":"","ast-breadcrumbs-content":"","ast-featured-img":"","footer-sml-layout":"","theme-transparent-header-meta":"default","adv-header-id-meta":"","stick-header-meta":"","header-above-stick-meta":"","header-main-stick-meta":"","header-below-stick-meta":"","astra-migrate-meta-layouts":"default","ast-page-background-enabled":"default","ast-page-background-meta":{"desktop":{"background-color":"","background-image":"","background-repeat":"repeat","background-position":"center center","background-size":"auto","background-attachment":"scroll","background-type":"","background-media":"","overlay-type":"","overlay-color":"","overlay-opacity":"","overlay-gradient":""},"tablet":{"background-color":"","background-image":"","background-repeat":"repeat","background-position":"center center","background-size":"auto","background-attachment":"scroll","background-type":"","background-media":"","overlay-type":"","overlay-color":"","overlay-opacity":"","overlay-gradient":""},"mobile":{"background-color":"","background-image":"","background-repeat":"repeat","background-position":"center center","background-size":"auto","background-attachment":"scroll","background-type":"","background-media":"","overlay-type":"","overlay-color":"","overlay-opacity":"","overlay-gradient":""}},"ast-content-background-meta":{"desktop":{"background-color":"var(--ast-global-color-5)","background-image":"","background-repeat":"repeat","background-position":"center center","background-size":"auto","background-attachment":"scroll","background-type":"","background-media":"","overlay-type":"","overlay-color":"","overlay-opacity":"","overlay-gradient":""},"tablet":{"background-color":"var(--ast-global-color-5)","background-image":"","background-repeat":"repeat","background-position":"center center","background-size":"auto","background-attachment":"scroll","background-type":"","background-media":"","overlay-type":"","overlay-color":"","overlay-opacity":"","overlay-gradient":""},"mobile":{"background-color":"var(--ast-global-color-5)","background-image":"","background-repeat":"repeat","background-position":"center center","background-size":"auto","background-attachment":"scroll","background-type":"","background-media":"","overlay-type":"","overlay-color":"","overlay-opacity":"","overlay-gradient":""}},"spay_email":"","footnotes":""},"class_list":["post-1021","page","type-page","status-publish","hentry"],"jetpack-related-posts":[{"id":1013,"url":"https:\/\/cofradiasantorosario.org.gt\/index.php\/misterios-luminosos\/","url_meta":{"origin":1021,"position":0},"title":"MISTERIOS LUMINOSOS","date":"septiembre 18, 2021","format":false,"excerpt":"Primer Misterio Luminoso: El Bautismo en el Jord\u00e1nBautizado Jes\u00fas, sali\u00f3 luego del agua; y en esto se abrieron los cielos y vio al Esp\u00edritu de Dios que bajaba en forma de paloma y ven\u00eda sobre \u00e9l. Y una voz que sal\u00eda de los cielos dec\u00eda: \"Este es mi Hijo amado,\u2026","rel":"","context":"Similar post","img":{"alt_text":"","src":"","width":0,"height":0},"classes":[]},{"id":1015,"url":"https:\/\/cofradiasantorosario.org.gt\/index.php\/misterios-dolorosos\/","url_meta":{"origin":1021,"position":1},"title":"MISTERIOS DOLOROSOS","date":"septiembre 18, 2021","format":false,"excerpt":"Primer Misterio Doloroso: La oraci\u00f3n en el HuertoEntonces Jes\u00fas fue con ellos a un huerto, llamado Getseman\u00ed, y dijo a sus disc\u00edpulos: \"Sentaos aqu\u00ed mientras voy a orar\". Y tomando consigo a Pedro y a los dos hijos de Zebedeo, comenz\u00f3 a sentir tristeza y angustia. Entonces les dijo: \"Mi\u2026","rel":"","context":"Similar post","img":{"alt_text":"","src":"","width":0,"height":0},"classes":[]},{"id":1006,"url":"https:\/\/cofradiasantorosario.org.gt\/index.php\/misterios-gozosos\/","url_meta":{"origin":1021,"position":2},"title":"MISTERIOS GOZOSOS","date":"septiembre 18, 2021","format":false,"excerpt":"Primer Misterio Gozoso: La Encarnaci\u00f3n del Hijo de Dios Al sexto mes el \u00e1ngel Gabriel fue enviado por Dios a una ciudad de Galilea, llamada Nazaret, a una virgen desposada con un hombre llamado Jos\u00e9, de la estirpe de David; el nombre de la virgen era Mar\u00eda\u00bb Despu\u00e9s de una\u2026","rel":"","context":"Similar post","img":{"alt_text":"","src":"","width":0,"height":0},"classes":[]},{"id":207,"url":"https:\/\/cofradiasantorosario.org.gt\/index.php\/classes\/","url_meta":{"origin":1021,"position":3},"title":"Classes","date":"febrero 1, 2021","format":false,"excerpt":"Recemos el rosario GUIA PARA REZAR EL SANTO ROSARIO\u00a0La se\u00f1al de la cruz\u00a0Por la se\u00f1al de la Santa Cruz, de nuestros enemigos l\u00edbranos Se\u00f1or Dios Nuestro.En el nombre del Padre, del Hijo y del Esp\u00edritu Santo.Acto de Contrici\u00f3nSe\u00f1or m\u00edo, Jesucristo, Dios y hombre verdadero, Creador, Padre y Redentor M\u00edo. Por\u2026","rel":"","context":"Similar post","img":{"alt_text":"","src":"https:\/\/i1.wp.com\/cofradiasantorosario.org.gt\/wp-content\/uploads\/2021\/09\/RECEMOS-EL-ROSARIO-1024x379.jpg?resize=350%2C200","width":350,"height":200},"classes":[]},{"id":13,"url":"https:\/\/cofradiasantorosario.org.gt\/index.php\/about\/","url_meta":{"origin":1021,"position":4},"title":"About","date":"enero 29, 2021","format":false,"excerpt":"AUXILIO DE LOS CRISTIANOS Permanezcamos un\u00e1nimes en oraci\u00f3n con la madre de Jes\u00fas\u00a0 Devocionario Mariano\u00a0Ave Mar\u00edaDios te salve, Mar\u00eda, llena de gracia, el Se\u00f1or es contigo. Bendita eres entre todas las mujeres y bendito es el fruto de tu vientre, Jes\u00fas.Santa Mar\u00eda, Madre de Dios, ruega por nosotros pecadores ahora\u2026","rel":"","context":"Similar post","img":{"alt_text":"","src":"https:\/\/i2.wp.com\/cofradiasantorosario.org.gt\/wp-content\/uploads\/2021\/09\/WhatsApp-Image-2021-08-28-at-9.07.52-AM.jpeg?resize=350%2C200","width":350,"height":200},"classes":[]},{"id":1184,"url":"https:\/\/cofradiasantorosario.org.gt\/index.php\/evangelio-del-dia\/","url_meta":{"origin":1021,"position":5},"title":"Primera lectura Lectura del libro\u2026","date":"septiembre 20, 2021","format":false,"excerpt":"Primera lectura Lectura del libro de Baruc 1,15-22: Confesamos que el Se\u00f1or nuestro Dios es justo. Nosotros, en cambio, sentimos en este d\u00eda la verg\u00fcenza de la culpa. Nosotros, hombres de Jud\u00e1, vecinos de Jerusal\u00e9n, nuestros reyes y gobernantes, nuestros sacerdotes y profetas, lo mismo que nuestros antepasados, hemos pecado\u2026","rel":"","context":"Similar post","img":{"alt_text":"","src":"https:\/\/i2.wp.com\/cofradiasantorosario.org.gt\/wp-content\/uploads\/2021\/09\/LOGO-COFRADIA-2.png?resize=350%2C200&ssl=1","width":350,"height":200},"classes":[]}],"_links":{"self":[{"href":"https:\/\/cofradiasantorosario.org.gt\/index.php\/wp-json\/wp\/v2\/pages\/1021","targetHints":{"allow":["GET"]}}],"collection":[{"href":"https:\/\/cofradiasantorosario.org.gt\/index.php\/wp-json\/wp\/v2\/pages"}],"about":[{"href":"https:\/\/cofradiasantorosario.org.gt\/index.php\/wp-json\/wp\/v2\/types\/page"}],"author":[{"embeddable":true,"href":"https:\/\/cofradiasantorosario.org.gt\/index.php\/wp-json\/wp\/v2\/users\/2"}],"replies":[{"embeddable":true,"href":"https:\/\/cofradiasantorosario.org.gt\/index.php\/wp-json\/wp\/v2\/comments?post=1021"}],"version-history":[{"count":1,"href":"https:\/\/cofradiasantorosario.org.gt\/index.php\/wp-json\/wp\/v2\/pages\/1021\/revisions"}],"predecessor-version":[{"id":1022,"href":"https:\/\/cofradiasantorosario.org.gt\/index.php\/wp-json\/wp\/v2\/pages\/1021\/revisions\/1022"}],"wp:attachment":[{"href":"https:\/\/cofradiasantorosario.org.gt\/index.php\/wp-json\/wp\/v2\/media?parent=1021"}],"curies":[{"name":"wp","href":"https:\/\/api.w.org\/{rel}","templated":true}]}}