{"id":1013,"date":"2021-09-18T22:14:49","date_gmt":"2021-09-19T04:14:49","guid":{"rendered":"https:\/\/cofradiasantorosario.org.gt\/?page_id=1013"},"modified":"2021-09-18T22:14:51","modified_gmt":"2021-09-19T04:14:51","slug":"misterios-luminosos","status":"publish","type":"page","link":"https:\/\/cofradiasantorosario.org.gt\/index.php\/misterios-luminosos\/","title":{"rendered":"MISTERIOS LUMINOSOS"},"content":{"rendered":"\n<figure class=\"wp-block-table\"><table><tbody><tr><td><strong><em>Primer Misterio Luminoso: El Bautismo en el Jord\u00e1n<\/em><\/strong><br>Bautizado Jes\u00fas, sali\u00f3 luego del agua; y en esto se abrieron los cielos y vio al Esp\u00edritu de Dios que bajaba en forma de paloma y ven\u00eda sobre \u00e9l. Y una voz que sal\u00eda de los cielos dec\u00eda: &#8220;<em>Este es mi Hijo amado, en quien me complazco<\/em>&#8220;<br><br>Despu\u00e9s de una breve pausa de reflexi\u00f3n, un\u00a0<em>Padrenuestro<\/em>, diez\u00a0<em>Avemar\u00edas<\/em>\u00a0y un\u00a0<em>Gloria<\/em>.<br>\u00a0<\/td><\/tr><tr><td><strong><em>Segundo Misterio Luminoso: Las bodas de Can\u00e1<\/em><\/strong><br>Tres d\u00edas despu\u00e9s se celebraba una boda en Can\u00e1 de Galilea y estaba all\u00ed la madre de Jes\u00fas. Fue invitado tambi\u00e9n a la boda Jes\u00fas con sus disc\u00edpulos. Y, como faltara vino, porque se hab\u00eda acabado el vino de la boda, le dice a Jes\u00fas su madre: &#8220;No tienen vino&#8221;. Jes\u00fas le responde: &#8220;\u00bfQu\u00e9 tengo yo contigo, mujer? Todav\u00eda no ha llegado mi hora&#8221;. Dice su madre a los sirvientes: &#8220;Haced lo que \u00e9l os diga&#8221;.<br><br>Despu\u00e9s de una breve pausa de reflexi\u00f3n, un\u00a0<em>Padrenuestro<\/em>, diez\u00a0<em>Avemar\u00edas<\/em>\u00a0y un\u00a0<em>Gloria<\/em>.<br>\u00a0<\/td><\/tr><tr><td><strong><em>Tercer Misterio Luminoso: El anuncio del Reino de Dios<\/em><\/strong>&#8220;<br>El tiempo se ha cumplido y el Reino de Dios est\u00e1 cerca; convert\u00edos y creed en el Evangelio&#8221;. <br><br>Despu\u00e9s de una breve pausa de reflexi\u00f3n, un\u00a0<em>Padrenuestro<\/em>, diez\u00a0<em>Avemar\u00edas<\/em>\u00a0y un\u00a0<em>Gloria<\/em>.<br>\u00a0<\/td><\/tr><tr><td><strong><em>Cuarto Misterio Luminoso: La Transfiguraci\u00f3n<\/em><\/strong><br>Seis d\u00edas despu\u00e9s, Jes\u00fas tom\u00f3 consigo a Pedro, a Santiago y a su hermano Juan, y los llev\u00f3 aparte, a un monte alto. Y se transfigur\u00f3 delante de ellos: su rostro se puso brillante como el sol y sus vestidos se volvieron blancos como la luz,<br><br>Despu\u00e9s de una breve pausa de reflexi\u00f3n, un\u00a0<em>Padrenuestro<\/em>, diez\u00a0<em>Avemar\u00edas<\/em>\u00a0y un\u00a0<em>Gloria<\/em>.<br>\u00a0<\/td><\/tr><tr><td><strong><em>Quinto Misterio Luminoso: La instituci\u00f3n de la Eucarist\u00eda<\/em><\/strong><br>Mientras estaban comiendo, tom\u00f3 Jes\u00fas pan y lo bendijo, lo parti\u00f3 y, d\u00e1ndoselo a sus disc\u00edpulos, dijo: &#8220;Tomad, comed, \u00e9ste es mi cuerpo&#8221;.<br><br>Despu\u00e9s de una breve pausa de reflexi\u00f3n, un\u00a0<em>Padrenuestro<\/em>, diez\u00a0<em>Avemar\u00edas<\/em>\u00a0y un\u00a0<em>Gloria<\/em>.<\/td><\/tr><\/tbody><\/table><\/figure>\n","protected":false},"excerpt":{"rendered":"<p>Primer Misterio Luminoso: El Bautismo en el Jord\u00e1nBautizado Jes\u00fas, sali\u00f3 luego del agua; y en esto se abrieron los cielos y vio al Esp\u00edritu de Dios que bajaba en forma [&hellip;]<\/p>\n","protected":false},"author":2,"featured_media":0,"parent":0,"menu_order":0,"comment_status":"closed","ping_status":"closed","template":"","meta":{"om_disable_all_campaigns":false,"_monsterinsights_skip_tracking":false,"_monsterinsights_sitenote_active":false,"_monsterinsights_sitenote_note":"","_monsterinsights_sitenote_category":0,"site-sidebar-layout":"default","site-content-layout":"default","ast-site-content-layout":"","site-content-style":"default","site-sidebar-style":"default","ast-global-header-display":"","ast-banner-title-visibility":"","ast-main-header-display":"","ast-hfb-above-header-display":"","ast-hfb-below-header-display":"","ast-hfb-mobile-header-display":"","site-post-title":"","ast-breadcrumbs-content":"","ast-featured-img":"","footer-sml-layout":"","theme-transparent-header-meta":"default","adv-header-id-meta":"","stick-header-meta":"","header-above-stick-meta":"","header-main-stick-meta":"","header-below-stick-meta":"","astra-migrate-meta-layouts":"default","ast-page-background-enabled":"default","ast-page-background-meta":{"desktop":{"background-color":"","background-image":"","background-repeat":"repeat","background-position":"center center","background-size":"auto","background-attachment":"scroll","background-type":"","background-media":"","overlay-type":"","overlay-color":"","overlay-opacity":"","overlay-gradient":""},"tablet":{"background-color":"","background-image":"","background-repeat":"repeat","background-position":"center center","background-size":"auto","background-attachment":"scroll","background-type":"","background-media":"","overlay-type":"","overlay-color":"","overlay-opacity":"","overlay-gradient":""},"mobile":{"background-color":"","background-image":"","background-repeat":"repeat","background-position":"center center","background-size":"auto","background-attachment":"scroll","background-type":"","background-media":"","overlay-type":"","overlay-color":"","overlay-opacity":"","overlay-gradient":""}},"ast-content-background-meta":{"desktop":{"background-color":"var(--ast-global-color-5)","background-image":"","background-repeat":"repeat","background-position":"center center","background-size":"auto","background-attachment":"scroll","background-type":"","background-media":"","overlay-type":"","overlay-color":"","overlay-opacity":"","overlay-gradient":""},"tablet":{"background-color":"var(--ast-global-color-5)","background-image":"","background-repeat":"repeat","background-position":"center center","background-size":"auto","background-attachment":"scroll","background-type":"","background-media":"","overlay-type":"","overlay-color":"","overlay-opacity":"","overlay-gradient":""},"mobile":{"background-color":"var(--ast-global-color-5)","background-image":"","background-repeat":"repeat","background-position":"center center","background-size":"auto","background-attachment":"scroll","background-type":"","background-media":"","overlay-type":"","overlay-color":"","overlay-opacity":"","overlay-gradient":""}},"spay_email":"","footnotes":""},"class_list":["post-1013","page","type-page","status-publish","hentry"],"jetpack-related-posts":[{"id":1021,"url":"https:\/\/cofradiasantorosario.org.gt\/index.php\/misterios-gloriosos\/","url_meta":{"origin":1013,"position":0},"title":"MISTERIOS GLORIOSOS","date":"septiembre 18, 2021","format":false,"excerpt":"Primer Misterio Glorioso: La resurrecci\u00f3n del Hijo de DiosEl primer d\u00eda de la semana, muy de ma\u00f1ana, fueron al sepulcro llevando los aromas que hab\u00edan preparado. Pero encontraron que la piedra hab\u00eda sido retirada del sepulcro, y entraron, pero no hallaron el cuerpo del Se\u00f1or Jes\u00fas. No sab\u00edan que pensar\u2026","rel":"","context":"Similar post","img":{"alt_text":"","src":"","width":0,"height":0},"classes":[]},{"id":1015,"url":"https:\/\/cofradiasantorosario.org.gt\/index.php\/misterios-dolorosos\/","url_meta":{"origin":1013,"position":1},"title":"MISTERIOS DOLOROSOS","date":"septiembre 18, 2021","format":false,"excerpt":"Primer Misterio Doloroso: La oraci\u00f3n en el HuertoEntonces Jes\u00fas fue con ellos a un huerto, llamado Getseman\u00ed, y dijo a sus disc\u00edpulos: \"Sentaos aqu\u00ed mientras voy a orar\". Y tomando consigo a Pedro y a los dos hijos de Zebedeo, comenz\u00f3 a sentir tristeza y angustia. Entonces les dijo: \"Mi\u2026","rel":"","context":"Similar post","img":{"alt_text":"","src":"","width":0,"height":0},"classes":[]},{"id":1006,"url":"https:\/\/cofradiasantorosario.org.gt\/index.php\/misterios-gozosos\/","url_meta":{"origin":1013,"position":2},"title":"MISTERIOS GOZOSOS","date":"septiembre 18, 2021","format":false,"excerpt":"Primer Misterio Gozoso: La Encarnaci\u00f3n del Hijo de Dios Al sexto mes el \u00e1ngel Gabriel fue enviado por Dios a una ciudad de Galilea, llamada Nazaret, a una virgen desposada con un hombre llamado Jos\u00e9, de la estirpe de David; el nombre de la virgen era Mar\u00eda\u00bb Despu\u00e9s de una\u2026","rel":"","context":"Similar post","img":{"alt_text":"","src":"","width":0,"height":0},"classes":[]},{"id":207,"url":"https:\/\/cofradiasantorosario.org.gt\/index.php\/classes\/","url_meta":{"origin":1013,"position":3},"title":"Classes","date":"febrero 1, 2021","format":false,"excerpt":"Recemos el rosario GUIA PARA REZAR EL SANTO ROSARIO\u00a0La se\u00f1al de la cruz\u00a0Por la se\u00f1al de la Santa Cruz, de nuestros enemigos l\u00edbranos Se\u00f1or Dios Nuestro.En el nombre del Padre, del Hijo y del Esp\u00edritu Santo.Acto de Contrici\u00f3nSe\u00f1or m\u00edo, Jesucristo, Dios y hombre verdadero, Creador, Padre y Redentor M\u00edo. Por\u2026","rel":"","context":"Similar post","img":{"alt_text":"","src":"https:\/\/i1.wp.com\/cofradiasantorosario.org.gt\/wp-content\/uploads\/2021\/09\/RECEMOS-EL-ROSARIO-1024x379.jpg?resize=350%2C200","width":350,"height":200},"classes":[]},{"id":13,"url":"https:\/\/cofradiasantorosario.org.gt\/index.php\/about\/","url_meta":{"origin":1013,"position":4},"title":"About","date":"enero 29, 2021","format":false,"excerpt":"AUXILIO DE LOS CRISTIANOS Permanezcamos un\u00e1nimes en oraci\u00f3n con la madre de Jes\u00fas\u00a0 Devocionario Mariano\u00a0Ave Mar\u00edaDios te salve, Mar\u00eda, llena de gracia, el Se\u00f1or es contigo. Bendita eres entre todas las mujeres y bendito es el fruto de tu vientre, Jes\u00fas.Santa Mar\u00eda, Madre de Dios, ruega por nosotros pecadores ahora\u2026","rel":"","context":"Similar post","img":{"alt_text":"","src":"https:\/\/i2.wp.com\/cofradiasantorosario.org.gt\/wp-content\/uploads\/2021\/09\/WhatsApp-Image-2021-08-28-at-9.07.52-AM.jpeg?resize=350%2C200","width":350,"height":200},"classes":[]},{"id":1130,"url":"https:\/\/cofradiasantorosario.org.gt\/index.php\/octubre-2021\/","url_meta":{"origin":1013,"position":5},"title":"Octubre 2021","date":"septiembre 20, 2021","format":false,"excerpt":"MAR\u00cdA AUXILIO DE LOS CRISTIANOS Permanezcamos un\u00e1nimes en oraci\u00f3n con la madre de Jes\u00fas\u00a0Octubre 2021","rel":"","context":"Similar post","img":{"alt_text":"","src":"https:\/\/i0.wp.com\/cofradiasantorosario.org.gt\/wp-content\/uploads\/2021\/09\/WhatsApp-Image-2021-08-28-at-9.07.52-AM-1024x768.jpeg?resize=350%2C200","width":350,"height":200},"classes":[]}],"_links":{"self":[{"href":"https:\/\/cofradiasantorosario.org.gt\/index.php\/wp-json\/wp\/v2\/pages\/1013","targetHints":{"allow":["GET"]}}],"collection":[{"href":"https:\/\/cofradiasantorosario.org.gt\/index.php\/wp-json\/wp\/v2\/pages"}],"about":[{"href":"https:\/\/cofradiasantorosario.org.gt\/index.php\/wp-json\/wp\/v2\/types\/page"}],"author":[{"embeddable":true,"href":"https:\/\/cofradiasantorosario.org.gt\/index.php\/wp-json\/wp\/v2\/users\/2"}],"replies":[{"embeddable":true,"href":"https:\/\/cofradiasantorosario.org.gt\/index.php\/wp-json\/wp\/v2\/comments?post=1013"}],"version-history":[{"count":1,"href":"https:\/\/cofradiasantorosario.org.gt\/index.php\/wp-json\/wp\/v2\/pages\/1013\/revisions"}],"predecessor-version":[{"id":1014,"href":"https:\/\/cofradiasantorosario.org.gt\/index.php\/wp-json\/wp\/v2\/pages\/1013\/revisions\/1014"}],"wp:attachment":[{"href":"https:\/\/cofradiasantorosario.org.gt\/index.php\/wp-json\/wp\/v2\/media?parent=1013"}],"curies":[{"name":"wp","href":"https:\/\/api.w.org\/{rel}","templated":true}]}}