{"id":1006,"date":"2021-09-18T21:31:17","date_gmt":"2021-09-19T03:31:17","guid":{"rendered":"https:\/\/cofradiasantorosario.org.gt\/?page_id=1006"},"modified":"2021-09-18T21:31:19","modified_gmt":"2021-09-19T03:31:19","slug":"misterios-gozosos","status":"publish","type":"page","link":"https:\/\/cofradiasantorosario.org.gt\/index.php\/misterios-gozosos\/","title":{"rendered":"MISTERIOS GOZOSOS"},"content":{"rendered":"\n<figure class=\"wp-block-table\"><table><tbody><tr><td><strong><em>Primer Misterio Gozoso: La Encarnaci\u00f3n del Hijo de Dios<\/em><\/strong> <br>Al sexto mes el \u00e1ngel Gabriel fue enviado por Dios a una ciudad de Galilea, llamada Nazaret, a una virgen desposada con un hombre llamado Jos\u00e9, de la estirpe de David; el nombre de la virgen era Mar\u00eda\u00bb <br><br>Despu\u00e9s de una breve pausa de reflexi\u00f3n, un\u00a0<em>Padrenuestro<\/em>, diez\u00a0<em>Ave Mar\u00edas<\/em>\u00a0y un\u00a0<em>Gloria<\/em><br>\u00a0<\/td><\/tr><tr><td><strong><em>Segundo Misterio Gozoso: La Visitaci\u00f3n de Nuestra Se\u00f1ora a su prima Santa Isabel<\/em><\/strong> <br>En aquellos d\u00edas Mar\u00eda se puso en camino y fue aprisa a la regi\u00f3n monta\u00f1osa, a una ciudad de Jud\u00e1; entr\u00f3 en casa de Zacar\u00edas y salud\u00f3 a Isabel.\u00a0 Y sucedi\u00f3 que, en cuanto Isabel oy\u00f3 el saludo de Mar\u00eda, salt\u00f3 de gozo el ni\u00f1o en su seno, e Isabel qued\u00f3 llena de Esp\u00edritu Santo; y exclamando a voz en grito, dijo: &#8220;Bendita t\u00fa entre las mujeres y bendito el fruto de tu seno&#8221;\u00bb <br><br>Despu\u00e9s de una breve pausa de reflexi\u00f3n, un\u00a0<em>Padrenuestro<\/em>, diez\u00a0<em>Ave Mar\u00edas<\/em>\u00a0y un\u00a0<em>Gloria<\/em>.<br>\u00a0<\/td><\/tr><tr><td><strong><em>Tercer Misterio Gozoso: El Nacimiento del Hijo de Dios en el portal de Bel\u00e9n<\/em><\/strong> <br>Sucedi\u00f3 que por aquellos d\u00edas sali\u00f3 un edicto de C\u00e9sar Augusto ordenando que se empadronase todo el mundo. Este primer empadronamiento tuvo lugar siendo Cirino gobernador de Siria. Iban todos a empadronarse, cada uno a su ciudad.\u00a0<br>Subi\u00f3 tambi\u00e9n Jos\u00e9 desde Galilea, de la ciudad de Nazaret, a Judea, a la ciudad de David, que se llama Bel\u00e9n, por ser \u00e9l de la casa y familia de David, para empadronarse con Mar\u00eda, su esposa, que estaba encinta. Y sucedi\u00f3 que, mientras ellos estaban all\u00ed, se le cumplieron los d\u00edas del alumbramiento, y dio a luz a su hijo primog\u00e9nito, le envolvi\u00f3 en pa\u00f1ales y le acost\u00f3 en un pesebre, porque no ten\u00edan sitio en el alojamiento.<br><br>Despu\u00e9s de una breve pausa de reflexi\u00f3n, un\u00a0<em>Padrenuestro<\/em>, diez\u00a0<em>Ave Mar\u00edas<\/em>\u00a0y un\u00a0<em>Gloria<\/em>.<br>\u00a0 <\/td><\/tr><tr><td><strong><em>Cuarto Misterio Gozoso: La presentaci\u00f3n de Jes\u00fas en el Templo<\/em><\/strong> <br>Cuando se cumplieron los ocho d\u00edas para circuncidarle, se le dio el nombre de Jes\u00fas, como lo hab\u00eda llamado el \u00e1ngel antes de ser concebido en el seno. Cuando se cumplieron los d\u00edas de la purificaci\u00f3n de ellos, seg\u00fan la Ley de Mois\u00e9s, llevaron a Jes\u00fas a Jerusal\u00e9n para presentarle al Se\u00f1or, como est\u00e1 escrito en la Ley del Se\u00f1or:\u00a0<em>Todo var\u00f3n primog\u00e9nito ser\u00e1 consagrado al Se\u00f1or<\/em>\u00a0y para ofrecer en sacrificio\u00a0<em>un par de t\u00f3rtolas o dos pichones<\/em>, conforme a lo que se dice en la Ley del Se\u00f1or<br><br>.Despu\u00e9s de una breve pausa de reflexi\u00f3n, un\u00a0<em>Padrenuestro<\/em>, diez\u00a0<em>Ave Mar\u00edas<\/em>\u00a0y un\u00a0<em>Gloria<\/em>.<br>\u00a0 <\/td><\/tr><tr><td><strong><em>Quinto Misterio Gozoso: El Ni\u00f1o Jes\u00fas perdido y hallado en el Templo<\/em><\/strong><br>Sus padres iban todos los a\u00f1os a Jerusal\u00e9n a la fiesta de la Pascua. Cuando tuvo doce a\u00f1os, subieron ellos como de costumbre a la fiesta y, al volverse, pasados los d\u00edas, el ni\u00f1o Jes\u00fas se qued\u00f3 en Jerusal\u00e9n, sin saberlo sus padres&#8230;\u00a0<br>Y sucedi\u00f3 que al cabo de tres d\u00edas, le encontraron en el Templo sentado en medio de los maestros, escuch\u00e1ndoles y pregunt\u00e1ndoles; todos los que le o\u00edan, estaban estupefactos por su inteligencia y sus respuestas.<br><br>Despu\u00e9s de una breve pausa de reflexi\u00f3n, un\u00a0<em>Padrenuestro<\/em>, diez\u00a0<em>Ave Mar\u00edas<\/em>\u00a0y un\u00a0<em>Gloria<\/em>.<\/td><\/tr><\/tbody><\/table><\/figure>\n","protected":false},"excerpt":{"rendered":"<p>Primer Misterio Gozoso: La Encarnaci\u00f3n del Hijo de Dios Al sexto mes el \u00e1ngel Gabriel fue enviado por Dios a una ciudad de Galilea, llamada Nazaret, a una virgen desposada [&hellip;]<\/p>\n","protected":false},"author":2,"featured_media":0,"parent":0,"menu_order":0,"comment_status":"closed","ping_status":"closed","template":"","meta":{"om_disable_all_campaigns":false,"_monsterinsights_skip_tracking":false,"_monsterinsights_sitenote_active":false,"_monsterinsights_sitenote_note":"","_monsterinsights_sitenote_category":0,"site-sidebar-layout":"default","site-content-layout":"default","ast-site-content-layout":"","site-content-style":"default","site-sidebar-style":"default","ast-global-header-display":"","ast-banner-title-visibility":"","ast-main-header-display":"","ast-hfb-above-header-display":"","ast-hfb-below-header-display":"","ast-hfb-mobile-header-display":"","site-post-title":"","ast-breadcrumbs-content":"","ast-featured-img":"","footer-sml-layout":"","theme-transparent-header-meta":"default","adv-header-id-meta":"","stick-header-meta":"","header-above-stick-meta":"","header-main-stick-meta":"","header-below-stick-meta":"","astra-migrate-meta-layouts":"default","ast-page-background-enabled":"default","ast-page-background-meta":{"desktop":{"background-color":"","background-image":"","background-repeat":"repeat","background-position":"center center","background-size":"auto","background-attachment":"scroll","background-type":"","background-media":"","overlay-type":"","overlay-color":"","overlay-opacity":"","overlay-gradient":""},"tablet":{"background-color":"","background-image":"","background-repeat":"repeat","background-position":"center center","background-size":"auto","background-attachment":"scroll","background-type":"","background-media":"","overlay-type":"","overlay-color":"","overlay-opacity":"","overlay-gradient":""},"mobile":{"background-color":"","background-image":"","background-repeat":"repeat","background-position":"center center","background-size":"auto","background-attachment":"scroll","background-type":"","background-media":"","overlay-type":"","overlay-color":"","overlay-opacity":"","overlay-gradient":""}},"ast-content-background-meta":{"desktop":{"background-color":"var(--ast-global-color-5)","background-image":"","background-repeat":"repeat","background-position":"center center","background-size":"auto","background-attachment":"scroll","background-type":"","background-media":"","overlay-type":"","overlay-color":"","overlay-opacity":"","overlay-gradient":""},"tablet":{"background-color":"var(--ast-global-color-5)","background-image":"","background-repeat":"repeat","background-position":"center center","background-size":"auto","background-attachment":"scroll","background-type":"","background-media":"","overlay-type":"","overlay-color":"","overlay-opacity":"","overlay-gradient":""},"mobile":{"background-color":"var(--ast-global-color-5)","background-image":"","background-repeat":"repeat","background-position":"center center","background-size":"auto","background-attachment":"scroll","background-type":"","background-media":"","overlay-type":"","overlay-color":"","overlay-opacity":"","overlay-gradient":""}},"spay_email":"","footnotes":""},"class_list":["post-1006","page","type-page","status-publish","hentry"],"jetpack-related-posts":[{"id":1021,"url":"https:\/\/cofradiasantorosario.org.gt\/index.php\/misterios-gloriosos\/","url_meta":{"origin":1006,"position":0},"title":"MISTERIOS GLORIOSOS","date":"septiembre 18, 2021","format":false,"excerpt":"Primer Misterio Glorioso: La resurrecci\u00f3n del Hijo de DiosEl primer d\u00eda de la semana, muy de ma\u00f1ana, fueron al sepulcro llevando los aromas que hab\u00edan preparado. Pero encontraron que la piedra hab\u00eda sido retirada del sepulcro, y entraron, pero no hallaron el cuerpo del Se\u00f1or Jes\u00fas. No sab\u00edan que pensar\u2026","rel":"","context":"Similar post","img":{"alt_text":"","src":"","width":0,"height":0},"classes":[]},{"id":1013,"url":"https:\/\/cofradiasantorosario.org.gt\/index.php\/misterios-luminosos\/","url_meta":{"origin":1006,"position":1},"title":"MISTERIOS LUMINOSOS","date":"septiembre 18, 2021","format":false,"excerpt":"Primer Misterio Luminoso: El Bautismo en el Jord\u00e1nBautizado Jes\u00fas, sali\u00f3 luego del agua; y en esto se abrieron los cielos y vio al Esp\u00edritu de Dios que bajaba en forma de paloma y ven\u00eda sobre \u00e9l. Y una voz que sal\u00eda de los cielos dec\u00eda: \"Este es mi Hijo amado,\u2026","rel":"","context":"Similar post","img":{"alt_text":"","src":"","width":0,"height":0},"classes":[]},{"id":1015,"url":"https:\/\/cofradiasantorosario.org.gt\/index.php\/misterios-dolorosos\/","url_meta":{"origin":1006,"position":2},"title":"MISTERIOS DOLOROSOS","date":"septiembre 18, 2021","format":false,"excerpt":"Primer Misterio Doloroso: La oraci\u00f3n en el HuertoEntonces Jes\u00fas fue con ellos a un huerto, llamado Getseman\u00ed, y dijo a sus disc\u00edpulos: \"Sentaos aqu\u00ed mientras voy a orar\". Y tomando consigo a Pedro y a los dos hijos de Zebedeo, comenz\u00f3 a sentir tristeza y angustia. Entonces les dijo: \"Mi\u2026","rel":"","context":"Similar post","img":{"alt_text":"","src":"","width":0,"height":0},"classes":[]},{"id":207,"url":"https:\/\/cofradiasantorosario.org.gt\/index.php\/classes\/","url_meta":{"origin":1006,"position":3},"title":"Classes","date":"febrero 1, 2021","format":false,"excerpt":"Recemos el rosario GUIA PARA REZAR EL SANTO ROSARIO\u00a0La se\u00f1al de la cruz\u00a0Por la se\u00f1al de la Santa Cruz, de nuestros enemigos l\u00edbranos Se\u00f1or Dios Nuestro.En el nombre del Padre, del Hijo y del Esp\u00edritu Santo.Acto de Contrici\u00f3nSe\u00f1or m\u00edo, Jesucristo, Dios y hombre verdadero, Creador, Padre y Redentor M\u00edo. Por\u2026","rel":"","context":"Similar post","img":{"alt_text":"","src":"https:\/\/i1.wp.com\/cofradiasantorosario.org.gt\/wp-content\/uploads\/2021\/09\/RECEMOS-EL-ROSARIO-1024x379.jpg?resize=350%2C200","width":350,"height":200},"classes":[]},{"id":13,"url":"https:\/\/cofradiasantorosario.org.gt\/index.php\/about\/","url_meta":{"origin":1006,"position":4},"title":"About","date":"enero 29, 2021","format":false,"excerpt":"AUXILIO DE LOS CRISTIANOS Permanezcamos un\u00e1nimes en oraci\u00f3n con la madre de Jes\u00fas\u00a0 Devocionario Mariano\u00a0Ave Mar\u00edaDios te salve, Mar\u00eda, llena de gracia, el Se\u00f1or es contigo. Bendita eres entre todas las mujeres y bendito es el fruto de tu vientre, Jes\u00fas.Santa Mar\u00eda, Madre de Dios, ruega por nosotros pecadores ahora\u2026","rel":"","context":"Similar post","img":{"alt_text":"","src":"https:\/\/i2.wp.com\/cofradiasantorosario.org.gt\/wp-content\/uploads\/2021\/09\/WhatsApp-Image-2021-08-28-at-9.07.52-AM.jpeg?resize=350%2C200","width":350,"height":200},"classes":[]},{"id":907,"url":"https:\/\/cofradiasantorosario.org.gt\/index.php\/el-acontecimiento-historico-de-la-coronacion\/","url_meta":{"origin":1006,"position":5},"title":"EL ACONTECIMIENTO HISTORICO DE LA CORONACI\u00d3N","date":"septiembre 16, 2021","format":false,"excerpt":"El d\u00eda 28 de enero de 1934 tuvo lugar en la ciudad de Guatemala uno de los acontecimientos religiosos de m\u00e1s relieve y m\u00e1s conmovedores en los m\u00e1s de cuatrocientos a\u00f1os de Cristianismo. El d\u00eda 28 de enero del a\u00f1o 1934 cay\u00f3 precisamente en domingo, no tuvimos la dicha de\u2026","rel":"","context":"Similar post","img":{"alt_text":"","src":"","width":0,"height":0},"classes":[]}],"_links":{"self":[{"href":"https:\/\/cofradiasantorosario.org.gt\/index.php\/wp-json\/wp\/v2\/pages\/1006","targetHints":{"allow":["GET"]}}],"collection":[{"href":"https:\/\/cofradiasantorosario.org.gt\/index.php\/wp-json\/wp\/v2\/pages"}],"about":[{"href":"https:\/\/cofradiasantorosario.org.gt\/index.php\/wp-json\/wp\/v2\/types\/page"}],"author":[{"embeddable":true,"href":"https:\/\/cofradiasantorosario.org.gt\/index.php\/wp-json\/wp\/v2\/users\/2"}],"replies":[{"embeddable":true,"href":"https:\/\/cofradiasantorosario.org.gt\/index.php\/wp-json\/wp\/v2\/comments?post=1006"}],"version-history":[{"count":1,"href":"https:\/\/cofradiasantorosario.org.gt\/index.php\/wp-json\/wp\/v2\/pages\/1006\/revisions"}],"predecessor-version":[{"id":1008,"href":"https:\/\/cofradiasantorosario.org.gt\/index.php\/wp-json\/wp\/v2\/pages\/1006\/revisions\/1008"}],"wp:attachment":[{"href":"https:\/\/cofradiasantorosario.org.gt\/index.php\/wp-json\/wp\/v2\/media?parent=1006"}],"curies":[{"name":"wp","href":"https:\/\/api.w.org\/{rel}","templated":true}]}}